{"id":12,"date":"2023-05-01T22:59:37","date_gmt":"2023-05-01T20:59:37","guid":{"rendered":"https:\/\/mausgecheckt.de\/?page_id=12"},"modified":"2026-01-11T13:30:04","modified_gmt":"2026-01-11T11:30:04","slug":"willkommen-bei-mausgecheckt","status":"publish","type":"page","link":"https:\/\/mausgecheckt.de\/","title":{"rendered":"mausgecheckt &#8230; shows me where to go!"},"content":{"rendered":"\n<p>Stefanie &amp; Andre Gellert (Disney Adult [2], DVC, DCL, WW Park Resorts &amp; D23 &amp; Disnerds)<\/p>\n\n\n\n<p>\ud83d\udeeb <a href=\"http:\/\/youtube.com\/@mausgecheckt\">Vlogger worldwide, alles mit Disney<\/a><br>\ud83d\udcfa <a href=\"https:\/\/youtube.com\/@mausgecheckt\" target=\"_blank\" rel=\"noreferrer noopener\"><strong>youtube.com<\/strong>\/@mausgecheckt<\/a> <br>\ud83c\udfde\ufe0f <a href=\"https:\/\/instagram.com\/mausgecheckt\" target=\"_blank\" rel=\"noreferrer noopener\"><strong>instagram.com<\/strong>\/mausgecheckt<\/a><br>\ud83e\udd11 <a href=\"https:\/\/www.patreon.com\/c\/mausgecheckt\" target=\"_blank\" rel=\"noreferrer noopener\">patreon.com\/c\/mausgecheckt<\/a> ( freestyle factory )<\/p>\n\n\n\n<p>\ud83c\udfa7 <a href=\"https:\/\/mausgecheckt.de\/index.php\/weingeschenkt-podcast\/\"><strong>Podcast<\/strong> mausgecheckt weingeschenkt<\/a> ( jeden Samstag um 9:00 Uhr \ud83d\udd58 )<\/p>\n\n\n\n<p>\ud83c\udfa1 \ud83c\udde9\ud83c\uddea Lebt zwischen DISburg\/DISseldorf \ud83d\ude42<\/p>\n\n\n\n<p>\ud83d\udea2 <a data-type=\"page\" data-id=\"152\" href=\"https:\/\/mausgecheckt.de\/index.php\/disney-cruise-line\/details-zu-den-disney-kreuzfahrtschiffen\/\">Disney Cruise Line<\/a> Castaway Club Gold (9): Wonder \u2714\ufe0f, Wish \u2714\ufe0f, Fantasy \u2714\ufe0f, Dream \u2714\ufe0f, Magic &#8217;24 \u2714\ufe0f , Wish &#8217;24 \u2714\ufe0f , Wonder &#8217;25 \u2714\ufe0f , Treasure &#8217;25 \u2714\ufe0f , Wonder &#8217;25 \u2714\ufe0f ,  Destiny &#8217;26 \u237b , Magic &#8217;26 \u237b , Adventure (B2B) &#8217;26 \u237b , Magic &#8217;27 \u237b<\/p>\n\n\n\n<p>\ud83c\udfa2 Disneyland Resort California, Walt Disney World Florida, Disneyland Resort Paris, Shanghai Disney Resort<\/p>\n\n\n\n<p>\ud83d\ude0c leider noch kein Hongkong\/Tokyo<\/p>\n\n\n\n<p>\ud83c\udf9f D23 Gold Member<\/p>\n\n\n\n<p>\ud83c\udff0 DVC Member<\/p>\n\n\n\n<p>\ud83c\udf3a Aulani, Hawaii + \ud83c\udf34 Villas at Disneyland Hotel, California<\/p>\n\n\n\n<p>\u2665\ufe0f just the two of us<\/p>\n\n\n\n<p>\ud83d\udc24 im Kopf nur Disney<\/p>\n\n\n\n<p>\ud83d\udca1 maus-gecheckt, nicht mausgescheckt<\/p>\n\n\n\n<p>\ud83d\udc2d Gr\u00fcndung: 2*25*2 + x<\/p>\n\n\n\n<p>Wir zeigen auf dem deutschsprachigem Youtube Reise Vlog unsere Trips auf den Disney Cruise Schiffen, als Disney Vacation Club Mitglieder &amp; Disnerds in den Parks WW &amp; D23. <br>Deutsche Video Blog Berichte \u00fcber Disney Parks weltweit, Disney Kreuzfahrten, Erlebnisse made by Disney<\/p>\n\n\n\n<figure class=\"wp-block-image size-large\"><img loading=\"lazy\" decoding=\"async\" width=\"1024\" height=\"576\" src=\"https:\/\/mausgecheckt.de\/wp-content\/uploads\/2023\/05\/16-9-black-on-white-1024x576.png\" alt=\"\" class=\"wp-image-17\" srcset=\"https:\/\/mausgecheckt.de\/wp-content\/uploads\/2023\/05\/16-9-black-on-white-1024x576.png 1024w, https:\/\/mausgecheckt.de\/wp-content\/uploads\/2023\/05\/16-9-black-on-white-300x169.png 300w, https:\/\/mausgecheckt.de\/wp-content\/uploads\/2023\/05\/16-9-black-on-white-768x432.png 768w, https:\/\/mausgecheckt.de\/wp-content\/uploads\/2023\/05\/16-9-black-on-white-1536x864.png 1536w, https:\/\/mausgecheckt.de\/wp-content\/uploads\/2023\/05\/16-9-black-on-white-2048x1152.png 2048w\" sizes=\"auto, (max-width: 1024px) 100vw, 1024px\" \/><\/figure>\n\n\n\n<p>Link Zone:<br><a href=\"https:\/\/youtube.com\/@mausgecheckt\" target=\"_blank\" rel=\"noreferrer noopener\"><strong>https:\/\/youtube.com\/@mausgecheckt<\/strong><\/a><br><a href=\"https:\/\/instagram.com\/mausgecheckt\" target=\"_blank\" rel=\"noreferrer noopener\"><strong>https:\/\/instagram.com\/mausgecheckt<\/strong><\/a><br><a href=\"https:\/\/www.threads.net\/@mausgecheckt\" target=\"_blank\" rel=\"noreferrer noopener\">https:\/\/www.threads.net\/@mausgecheckt<\/a><br><a href=\"https:\/\/www.facebook.com\/mausgecheckt\" target=\"_blank\" rel=\"noreferrer noopener\">https:\/\/www.facebook.com\/mausgecheckt<\/a><br><a href=\"https:\/\/open.spotify.com\/show\/60EKqPf4C7obHmlTerlCw4\">https:\/\/spotify.com\/show\/<\/a> Mausgecheckt Weingeschenkt<br><a href=\"https:\/\/music.amazon.de\/podcasts\/f4c4eb9a-18da-477d-8bfa-d773c278d56b\/mausgecheckt-weingeschenkt-die-disney-18-backstage-show-f%C3%BCr-minniemickeyears\">https:\/\/music.amazon.de\/podcasts\/<\/a> Mausgecheckt Weingeschenkt <br><a href=\"https:\/\/podcasts.apple.com\/us\/podcast\/mausgecheckt-weingeschenkt-die-disney-18+-backstage-show-f%C3%BCr-minnie+mickey-ears\/id1819337817\">https:\/\/podcasts.apple.com\/<\/a> Mausgecheckt Weingeschenkt<br>\ud83c\udd95 <a href=\"https:\/\/whatsapp.com\/channel\/0029Vb5ogmV4CrfjtTRNsV0V\" target=\"_blank\" rel=\"noreferrer noopener\">https:\/\/whatsapp.com\/channel\/0029Vb5ogmV4CrfjtTRNsV0V<\/a> Testweise ein Whatsapp Channel<\/p>\n\n\n<div id=\"ayg-1087990893e115dcf3a95452cbf413e8\" class=\"ayg ayg-theme ayg-theme-single\">\n    <div class=\"ayg-player\">\n        <div class=\"ayg-player-container\" style=\"max-width: 100%;\">\n            <ayg-player src=\"https:\/\/www.youtube.com\/embed\/xMRKwy_0QjY?enablejsapi=1&#038;playsinline=1&#038;rel=0&#038;modestbranding=1&#038;iv_load_policy=3\" ratio=\"56.25\" title=\"Rundgang Disney Wonder 2025 Australien Hawaii Walking Tour Kreuzfahrt CruiseShipTour Reisebericht 4k\" poster=\"https:\/\/i.ytimg.com\/vi\/xMRKwy_0QjY\/maxresdefault.jpg\"><\/ayg-player>        <\/div>\n        <div class=\"ayg-player-caption\">\n                \n                <h2 class=\"ayg-player-title\">Rundgang Disney Wonder 2025 Australien Hawaii Walking Tour Kreuzfahrt CruiseShipTour Reisebericht 4k<\/h2>  \n                          \n                <ayg-description class=\"ayg-player-description\"><span class=\"ayg-player-description-less\">Episode 119 Rundgang auf der Disney Wonder 2025 Version von Australien nach Hawaii<br \/>\n<br \/>\nUnsere bisher l\u00e4ngste Disney Kreuzfahrt f\u00fchrt uns direkt auf die Wonder.<br \/>\nDort wo 2022 alles begann (Video von 25.5.2022 <span class=\"ayg-player-description-dots\">...<\/span><\/span><span class=\"ayg-player-description-more\">:  <a href=\"https:\/\/www.youtube.com\/watch?v=aQpz6LajpRM\" rel=\"nofollow\">https:\/\/www.youtube.com\/watch?v=aQpz6LajpRM<\/a> mit gruseligem Intro \ud83d\ude42 ) sind wir nun f\u00fcr 16 N\u00e4chte auf dem Weg \u00fcber den \u00c4quator und gegen die Zeit, mit doppeltem Tag im S\u00fcdpazifik. Von Sydney nach Honolulu<br \/>\nDas hat uns mehr als gefallen, genauso wie die Disney Wonder.<br \/>\nOb es zu langweilig wird, auf dem kleinstem Modell der Disney Cruise Line ? Mit Sicherheit nicht und das haben wir uns selbst bewiesen.<br \/>\nIn dem Rundgang Video hier seht ihr die Schiffstour mit Andre, denn Steffi hat einen Paralleltermin morgens um 5:50 Uhr ... im Bett. <br \/>\nUnd hier wird einfach so mal alles gezeigt:<br \/>\nRestaurants Triton, Animators Palate, Tianas<br \/>\nKids Clubs Oceaneers Lab und Oceaneers Club<br \/>\ndie Bars Cadillac Lounge, Azure und Crown and Fins Pub<br \/>\ndie Pools Goofy, Mickey und Hottubs<br \/>\ndie Adult Sektion Quiet Cove und Cafe<br \/>\ndas Senses Spa and Salon<br \/>\nund das alles bei einer traumhaften Sonnend\u00e4mmerung.<br \/>\nWir zeigen nun das 2. Mal dieses Schiff, welches findest du am tollsten ?<br \/>\nIn 2 Wochen geht es Richtung WDW und Treasure, Ende des Jahres noch auf die Adventure. Schon Vorlieben ?<br \/>\n<br \/>\n<a href=\"https:\/\/youtu.be\/xMRKwy_0QjY\" rel=\"nofollow\">https:\/\/youtu.be\/xMRKwy_0QjY<\/a><br \/>\n<br \/>\n#mausgecheckt #disney #vlogger #disnerds #disneyvlog #deutsch #deutschland #german <br \/>\n#dcl #australien #sydney #wonder #kreuzfahrt #schiff #disneycruiseline #erwachsene #kreuzfahrten #pool <br \/>\n#KreuzfahrtRundgang #KreuzfahrtVlog #Schiffstour #CruiseShipTour #Kreuzfahrtschiff #UrlaubAufSee #Seereise #MeerErleben #ReiseVlog #KabinenTour #DeckEntdeckung #MaritimeErlebnisse #KreuzfahrtAbenteuer #KreuzfahrtErfahrung #KreuzfahrtReisebericht<br \/>\n#bars #tianas #animatorspalate #tritons #restaurants #azure #cadillaclounge #senses #cove <br \/>\n<br \/>\n<a href=\"https:\/\/mausgecheckt.de\/\">https:\/\/mausgecheckt.de\/<\/a><br \/>\n<a href=\"https:\/\/instagram.com\/mausgecheckt\" rel=\"nofollow\">https:\/\/instagram.com\/mausgecheckt<\/a><br \/>\n<a href=\"https:\/\/www.facebook.com\/mausgecheckt\" rel=\"nofollow\">https:\/\/www.facebook.com\/mausgecheckt<\/a><br \/>\n<a href=\"https:\/\/www.threads.net\/@mausgecheckt\" rel=\"nofollow\">https:\/\/www.threads.net\/@mausgecheckt<\/a><br \/>\n<br \/>\n19.02.2025 S\u00fcdpazifik<\/span><a href=\"#\" class=\"ayg-player-description-toggle-btn\">Show More<\/a><\/ayg-description>\n                    <\/div>\n    <\/div>\n<\/div>\n\n","protected":false},"excerpt":{"rendered":"<p>Stefanie &amp; Andre Gellert (Disney Adult [2], DVC, DCL, WW Park Resorts &amp; D23 &amp; Disnerds) \ud83d\udeeb Vlogger worldwide, alles mit Disney\ud83d\udcfa youtube.com\/@mausgecheckt \ud83c\udfde\ufe0f instagram.com\/mausgecheckt\ud83e\udd11 patreon.com\/c\/mausgecheckt ( freestyle factory ) \ud83c\udfa7 Podcast mausgecheckt weingeschenkt ( jeden Samstag um 9:00 Uhr \ud83d\udd58 ) \ud83c\udfa1 \ud83c\udde9\ud83c\uddea Lebt zwischen DISburg\/DISseldorf \ud83d\ude42 \ud83d\udea2 Disney Cruise Line Castaway Club Gold [&hellip;]<\/p>\n","protected":false},"author":1,"featured_media":0,"parent":0,"menu_order":-1,"comment_status":"closed","ping_status":"closed","template":"","meta":{"footnotes":""},"class_list":["post-12","page","type-page","status-publish","hentry"],"yoast_head":"<!-- This site is optimized with the Yoast SEO plugin v27.5 - https:\/\/yoast.com\/product\/yoast-seo-wordpress\/ -->\n<title>mausgecheckt ... shows me where to go! - mausgecheckt - das Disney Vlog \u00fcber Cruise Line und Parks auf Deutsch<\/title>\n<meta name=\"robots\" content=\"index, follow, max-snippet:-1, max-image-preview:large, max-video-preview:-1\" \/>\n<link rel=\"canonical\" href=\"https:\/\/mausgecheckt.de\/\" \/>\n<meta property=\"og:locale\" content=\"en_US\" \/>\n<meta property=\"og:type\" content=\"article\" \/>\n<meta property=\"og:title\" content=\"mausgecheckt ... shows me where to go! - mausgecheckt - das Disney Vlog \u00fcber Cruise Line und Parks auf Deutsch\" \/>\n<meta property=\"og:description\" content=\"Stefanie &amp; Andre Gellert (Disney Adult [2], DVC, DCL, WW Park Resorts &amp; D23 &amp; Disnerds) \ud83d\udeeb Vlogger worldwide, alles mit Disney\ud83d\udcfa youtube.com\/@mausgecheckt \ud83c\udfde\ufe0f instagram.com\/mausgecheckt\ud83e\udd11 patreon.com\/c\/mausgecheckt ( freestyle factory ) \ud83c\udfa7 Podcast mausgecheckt weingeschenkt ( jeden Samstag um 9:00 Uhr \ud83d\udd58 ) \ud83c\udfa1 \ud83c\udde9\ud83c\uddea Lebt zwischen DISburg\/DISseldorf \ud83d\ude42 \ud83d\udea2 Disney Cruise Line Castaway Club Gold [&hellip;]\" \/>\n<meta property=\"og:url\" content=\"https:\/\/mausgecheckt.de\/\" \/>\n<meta property=\"og:site_name\" content=\"mausgecheckt - das Disney Vlog \u00fcber Cruise Line und Parks auf Deutsch\" \/>\n<meta property=\"article:publisher\" content=\"https:\/\/facebook.com\/mausgecheckt\" \/>\n<meta property=\"article:modified_time\" content=\"2026-01-11T11:30:04+00:00\" \/>\n<meta property=\"og:image\" content=\"https:\/\/mausgecheckt.de\/wp-content\/uploads\/2023\/05\/16-9-black-on-white.png\" \/>\n\t<meta property=\"og:image:width\" content=\"4800\" \/>\n\t<meta property=\"og:image:height\" content=\"2700\" \/>\n\t<meta property=\"og:image:type\" content=\"image\/png\" \/>\n<meta name=\"twitter:card\" content=\"summary_large_image\" \/>\n<meta name=\"twitter:label1\" content=\"Est. reading time\" \/>\n\t<meta name=\"twitter:data1\" content=\"2 minutes\" \/>\n<script type=\"application\/ld+json\" class=\"yoast-schema-graph\">{\"@context\":\"https:\\\/\\\/schema.org\",\"@graph\":[{\"@type\":\"WebPage\",\"@id\":\"https:\\\/\\\/mausgecheckt.de\\\/\",\"url\":\"https:\\\/\\\/mausgecheckt.de\\\/\",\"name\":\"mausgecheckt ... shows me where to go! - mausgecheckt - das Disney Vlog \u00fcber Cruise Line und Parks auf Deutsch\",\"isPartOf\":{\"@id\":\"https:\\\/\\\/mausgecheckt.de\\\/#website\"},\"primaryImageOfPage\":{\"@id\":\"https:\\\/\\\/mausgecheckt.de\\\/#primaryimage\"},\"image\":{\"@id\":\"https:\\\/\\\/mausgecheckt.de\\\/#primaryimage\"},\"thumbnailUrl\":\"https:\\\/\\\/mausgecheckt.de\\\/wp-content\\\/uploads\\\/2023\\\/05\\\/16-9-black-on-white-1024x576.png\",\"datePublished\":\"2023-05-01T20:59:37+00:00\",\"dateModified\":\"2026-01-11T11:30:04+00:00\",\"breadcrumb\":{\"@id\":\"https:\\\/\\\/mausgecheckt.de\\\/#breadcrumb\"},\"inLanguage\":\"en-US\",\"potentialAction\":[{\"@type\":\"ReadAction\",\"target\":[\"https:\\\/\\\/mausgecheckt.de\\\/\"]}]},{\"@type\":\"ImageObject\",\"inLanguage\":\"en-US\",\"@id\":\"https:\\\/\\\/mausgecheckt.de\\\/#primaryimage\",\"url\":\"https:\\\/\\\/mausgecheckt.de\\\/wp-content\\\/uploads\\\/2023\\\/05\\\/16-9-black-on-white.png\",\"contentUrl\":\"https:\\\/\\\/mausgecheckt.de\\\/wp-content\\\/uploads\\\/2023\\\/05\\\/16-9-black-on-white.png\",\"width\":4800,\"height\":2700},{\"@type\":\"BreadcrumbList\",\"@id\":\"https:\\\/\\\/mausgecheckt.de\\\/#breadcrumb\",\"itemListElement\":[{\"@type\":\"ListItem\",\"position\":1,\"name\":\"mausgecheckt\",\"item\":\"https:\\\/\\\/mausgecheckt.de\\\/\"},{\"@type\":\"ListItem\",\"position\":2,\"name\":\"mausgecheckt &#8230; shows me where to go!\"}]},{\"@type\":\"WebSite\",\"@id\":\"https:\\\/\\\/mausgecheckt.de\\\/#website\",\"url\":\"https:\\\/\\\/mausgecheckt.de\\\/\",\"name\":\"mausgecheckt - das Disney Vlog \u00fcber Cruise Line und Parks auf Deutsch\",\"description\":\"shows me where to go: Disney Cruise Line, Walt Disney World, Disney Parks weltweit auf Youtube\",\"publisher\":{\"@id\":\"https:\\\/\\\/mausgecheckt.de\\\/#organization\"},\"alternateName\":\"Disnerds vloggen auf Deutsch \u00fcber weltweite Disney-Reisen\",\"potentialAction\":[{\"@type\":\"SearchAction\",\"target\":{\"@type\":\"EntryPoint\",\"urlTemplate\":\"https:\\\/\\\/mausgecheckt.de\\\/?s={search_term_string}\"},\"query-input\":{\"@type\":\"PropertyValueSpecification\",\"valueRequired\":true,\"valueName\":\"search_term_string\"}}],\"inLanguage\":\"en-US\"},{\"@type\":\"Organization\",\"@id\":\"https:\\\/\\\/mausgecheckt.de\\\/#organization\",\"name\":\"Mausgecheckt\",\"alternateName\":\"Mausgecheckt von Stefanie & Andre Gellert\",\"url\":\"https:\\\/\\\/mausgecheckt.de\\\/\",\"logo\":{\"@type\":\"ImageObject\",\"inLanguage\":\"en-US\",\"@id\":\"https:\\\/\\\/mausgecheckt.de\\\/#\\\/schema\\\/logo\\\/image\\\/\",\"url\":\"https:\\\/\\\/mausgecheckt.de\\\/wp-content\\\/uploads\\\/2025\\\/01\\\/cropped-Logo-Mausgecheckt-v3-quadrat-400.jpg\",\"contentUrl\":\"https:\\\/\\\/mausgecheckt.de\\\/wp-content\\\/uploads\\\/2025\\\/01\\\/cropped-Logo-Mausgecheckt-v3-quadrat-400.jpg\",\"width\":512,\"height\":512,\"caption\":\"Mausgecheckt\"},\"image\":{\"@id\":\"https:\\\/\\\/mausgecheckt.de\\\/#\\\/schema\\\/logo\\\/image\\\/\"},\"sameAs\":[\"https:\\\/\\\/facebook.com\\\/mausgecheckt\",\"https:\\\/\\\/instagram.com\\\/mausgecheckt\",\"https:\\\/\\\/youtube.com\\\/@mausgecheckt\"]}]}<\/script>\n<!-- \/ Yoast SEO plugin. -->","yoast_head_json":{"title":"mausgecheckt ... shows me where to go! - mausgecheckt - das Disney Vlog \u00fcber Cruise Line und Parks auf Deutsch","robots":{"index":"index","follow":"follow","max-snippet":"max-snippet:-1","max-image-preview":"max-image-preview:large","max-video-preview":"max-video-preview:-1"},"canonical":"https:\/\/mausgecheckt.de\/","og_locale":"en_US","og_type":"article","og_title":"mausgecheckt ... shows me where to go! - mausgecheckt - das Disney Vlog \u00fcber Cruise Line und Parks auf Deutsch","og_description":"Stefanie &amp; Andre Gellert (Disney Adult [2], DVC, DCL, WW Park Resorts &amp; D23 &amp; Disnerds) \ud83d\udeeb Vlogger worldwide, alles mit Disney\ud83d\udcfa youtube.com\/@mausgecheckt \ud83c\udfde\ufe0f instagram.com\/mausgecheckt\ud83e\udd11 patreon.com\/c\/mausgecheckt ( freestyle factory ) \ud83c\udfa7 Podcast mausgecheckt weingeschenkt ( jeden Samstag um 9:00 Uhr \ud83d\udd58 ) \ud83c\udfa1 \ud83c\udde9\ud83c\uddea Lebt zwischen DISburg\/DISseldorf \ud83d\ude42 \ud83d\udea2 Disney Cruise Line Castaway Club Gold [&hellip;]","og_url":"https:\/\/mausgecheckt.de\/","og_site_name":"mausgecheckt - das Disney Vlog \u00fcber Cruise Line und Parks auf Deutsch","article_publisher":"https:\/\/facebook.com\/mausgecheckt","article_modified_time":"2026-01-11T11:30:04+00:00","og_image":[{"width":4800,"height":2700,"url":"https:\/\/mausgecheckt.de\/wp-content\/uploads\/2023\/05\/16-9-black-on-white.png","type":"image\/png"}],"twitter_card":"summary_large_image","twitter_misc":{"Est. reading time":"2 minutes"},"schema":{"@context":"https:\/\/schema.org","@graph":[{"@type":"WebPage","@id":"https:\/\/mausgecheckt.de\/","url":"https:\/\/mausgecheckt.de\/","name":"mausgecheckt ... shows me where to go! - mausgecheckt - das Disney Vlog \u00fcber Cruise Line und Parks auf Deutsch","isPartOf":{"@id":"https:\/\/mausgecheckt.de\/#website"},"primaryImageOfPage":{"@id":"https:\/\/mausgecheckt.de\/#primaryimage"},"image":{"@id":"https:\/\/mausgecheckt.de\/#primaryimage"},"thumbnailUrl":"https:\/\/mausgecheckt.de\/wp-content\/uploads\/2023\/05\/16-9-black-on-white-1024x576.png","datePublished":"2023-05-01T20:59:37+00:00","dateModified":"2026-01-11T11:30:04+00:00","breadcrumb":{"@id":"https:\/\/mausgecheckt.de\/#breadcrumb"},"inLanguage":"en-US","potentialAction":[{"@type":"ReadAction","target":["https:\/\/mausgecheckt.de\/"]}]},{"@type":"ImageObject","inLanguage":"en-US","@id":"https:\/\/mausgecheckt.de\/#primaryimage","url":"https:\/\/mausgecheckt.de\/wp-content\/uploads\/2023\/05\/16-9-black-on-white.png","contentUrl":"https:\/\/mausgecheckt.de\/wp-content\/uploads\/2023\/05\/16-9-black-on-white.png","width":4800,"height":2700},{"@type":"BreadcrumbList","@id":"https:\/\/mausgecheckt.de\/#breadcrumb","itemListElement":[{"@type":"ListItem","position":1,"name":"mausgecheckt","item":"https:\/\/mausgecheckt.de\/"},{"@type":"ListItem","position":2,"name":"mausgecheckt &#8230; shows me where to go!"}]},{"@type":"WebSite","@id":"https:\/\/mausgecheckt.de\/#website","url":"https:\/\/mausgecheckt.de\/","name":"mausgecheckt - das Disney Vlog \u00fcber Cruise Line und Parks auf Deutsch","description":"shows me where to go: Disney Cruise Line, Walt Disney World, Disney Parks weltweit auf Youtube","publisher":{"@id":"https:\/\/mausgecheckt.de\/#organization"},"alternateName":"Disnerds vloggen auf Deutsch \u00fcber weltweite Disney-Reisen","potentialAction":[{"@type":"SearchAction","target":{"@type":"EntryPoint","urlTemplate":"https:\/\/mausgecheckt.de\/?s={search_term_string}"},"query-input":{"@type":"PropertyValueSpecification","valueRequired":true,"valueName":"search_term_string"}}],"inLanguage":"en-US"},{"@type":"Organization","@id":"https:\/\/mausgecheckt.de\/#organization","name":"Mausgecheckt","alternateName":"Mausgecheckt von Stefanie & Andre Gellert","url":"https:\/\/mausgecheckt.de\/","logo":{"@type":"ImageObject","inLanguage":"en-US","@id":"https:\/\/mausgecheckt.de\/#\/schema\/logo\/image\/","url":"https:\/\/mausgecheckt.de\/wp-content\/uploads\/2025\/01\/cropped-Logo-Mausgecheckt-v3-quadrat-400.jpg","contentUrl":"https:\/\/mausgecheckt.de\/wp-content\/uploads\/2025\/01\/cropped-Logo-Mausgecheckt-v3-quadrat-400.jpg","width":512,"height":512,"caption":"Mausgecheckt"},"image":{"@id":"https:\/\/mausgecheckt.de\/#\/schema\/logo\/image\/"},"sameAs":["https:\/\/facebook.com\/mausgecheckt","https:\/\/instagram.com\/mausgecheckt","https:\/\/youtube.com\/@mausgecheckt"]}]}},"_links":{"self":[{"href":"https:\/\/mausgecheckt.de\/index.php\/wp-json\/wp\/v2\/pages\/12","targetHints":{"allow":["GET"]}}],"collection":[{"href":"https:\/\/mausgecheckt.de\/index.php\/wp-json\/wp\/v2\/pages"}],"about":[{"href":"https:\/\/mausgecheckt.de\/index.php\/wp-json\/wp\/v2\/types\/page"}],"author":[{"embeddable":true,"href":"https:\/\/mausgecheckt.de\/index.php\/wp-json\/wp\/v2\/users\/1"}],"replies":[{"embeddable":true,"href":"https:\/\/mausgecheckt.de\/index.php\/wp-json\/wp\/v2\/comments?post=12"}],"version-history":[{"count":49,"href":"https:\/\/mausgecheckt.de\/index.php\/wp-json\/wp\/v2\/pages\/12\/revisions"}],"predecessor-version":[{"id":988,"href":"https:\/\/mausgecheckt.de\/index.php\/wp-json\/wp\/v2\/pages\/12\/revisions\/988"}],"wp:attachment":[{"href":"https:\/\/mausgecheckt.de\/index.php\/wp-json\/wp\/v2\/media?parent=12"}],"curies":[{"name":"wp","href":"https:\/\/api.w.org\/{rel}","templated":true}]}}