{"id":128,"date":"2023-05-18T14:50:28","date_gmt":"2023-05-18T12:50:28","guid":{"rendered":"https:\/\/mausgecheckt.de\/?page_id=128"},"modified":"2026-02-02T22:38:16","modified_gmt":"2026-02-02T20:38:16","slug":"disney-parks","status":"publish","type":"page","link":"https:\/\/mausgecheckt.de\/index.php\/disney-d23-events\/disney-parks\/","title":{"rendered":"6 Disney Parks bzw. sogar 12 weltweit"},"content":{"rendered":"\n<p>Es gibt sechs Disney-Themenparks auf der ganzen Welt:<\/p>\n\n\n\n<ol class=\"wp-block-list\">\n<li>Disneyland Park (urspr\u00fcnglich Disneyland Resort): Dieser Park wurde 1955 in Anaheim, Kalifornien, USA er\u00f6ffnet und war der erste Disneyland-Park, der von Walt Disney konzipiert wurde.<\/li>\n\n\n\n<li><a href=\"https:\/\/mausgecheckt.de\/index.php\/walt-disney-world\/\" data-type=\"page\" data-id=\"32\">Walt Disney World Resort<\/a>: Dies ist ein gro\u00dfer Komplex in Orlando, Florida, USA, der vier Hauptthemenparks umfasst:\n<ul class=\"wp-block-list\">\n<li>Magic Kingdom: Es wurde 1971 er\u00f6ffnet und ist \u00e4hnlich dem urspr\u00fcnglichen Disneyland Park gestaltet.<\/li>\n\n\n\n<li>Epcot: Dieser Park wurde 1982 er\u00f6ffnet und konzentriert sich auf Technologie, Innovation und Kultur.<\/li>\n\n\n\n<li>Disney&#8217;s Hollywood Studios: Urspr\u00fcnglich als Disney-MGM Studios bekannt, wurde dieser Park 1989 er\u00f6ffnet und bietet Unterhaltung und Attraktionen rund um die Welt des Films.<\/li>\n\n\n\n<li>Disney&#8217;s Animal Kingdom: Dieser Park wurde 1998 er\u00f6ffnet und kombiniert Tierwelten mit spannenden Fahrgesch\u00e4ften und Shows.<\/li>\n<\/ul>\n<\/li>\n\n\n\n<li>Tokyo Disney Resort: Dieser Komplex in Japan umfasst zwei Parks:\n<ul class=\"wp-block-list\">\n<li>Tokyo Disneyland: Der Park wurde 1983 er\u00f6ffnet und ist eine Nachbildung des urspr\u00fcnglichen Disneyland Parks.<\/li>\n\n\n\n<li>Tokyo DisneySea: Dieser einzigartige Park wurde 2001 er\u00f6ffnet und bietet maritime Abenteuer und Fantasie.<\/li>\n<\/ul>\n<\/li>\n\n\n\n<li><a href=\"https:\/\/mausgecheckt.de\/index.php\/disneyland-paris\/\" data-type=\"page\" data-id=\"38\">Disneyland Paris<\/a> (urspr\u00fcnglich Euro Disney Resort): Dieser Resortkomplex befindet sich in Marne-la-Vallee, Frankreich, und umfasst zwei Parks:\n<ul class=\"wp-block-list\">\n<li>Disneyland Park: Er\u00f6ffnet 1992, \u00e4hnelt dieser Park dem Magic Kingdom und Disneyland Park.<\/li>\n\n\n\n<li>Walt Disney Studios Park: Dieser Park wurde 2002 er\u00f6ffnet und bietet Einblicke in die Welt des Films und der Animation.<br>Aber schon mit der Er\u00f6ffnung des neuen &#8220;World of Frozen&#8221; Bereichs wird der Name WD.STUDIOS Geschichte sein. Ab 29.3. hei\u00dft der Park dann &#8220;Disney Adventure World&#8221;. Es gibt 14 neue Restaurants und Gastronomie-Erlebnisse, eine neu gestaltete Promenade (<em>Adventure Way<\/em>) sowie Adventure Bay &#8211; ein gro\u00dfer See, der k\u00fcnftig eine abendliche Show beherbergt.<br><br>Neu f\u00fcr uns Mickey-shaped Disney Foodies in Disney Adventure World \/ World of Frozen:<\/li>\n\n\n\n<li>Nordic Crowns Tavern: ein Quick-Service-Restaurant inspiriert von Arendelle mit nordisch gepr\u00e4gten Gerichten und kombinierten Men\u00fc-Optionen.<\/li>\n\n\n\n<li>The Regal View Restaurant &amp; Lounge: Tischservice-Restaurant mit eleganter Atmosph\u00e4re, Blick auf Adventure Bay und Character Dining mit Disney-Prinzessinnen.<\/li>\n\n\n\n<li>La Terrasse Panoramique: Outdoor-Bistro mit Brotschalen, New-York-Rolls und warmen Getr\u00e4nken (~Adventure Way).<\/li>\n\n\n\n<li>Caf\u00e9 Luminosity: Kreativ-Hot-Dog-Konzept mit Signature-Rezepten und s\u00fc\u00dfen Treats wie Zimtschnecken.<\/li>\n\n\n\n<li>und nat\u00fcrlich Chalets &amp; Mobile Carts: Kleine Imbiss-St\u00e4nde entlang der Promenade mit gef\u00fcllten Brioche-Rolls, Kartoffelwaffeln und Desserts.<\/li>\n<\/ul>\n<\/li>\n\n\n\n<li>Hong Kong Disneyland Resort: Das Resort in Hongkong umfasst einen Park:\n<ul class=\"wp-block-list\">\n<li>Hong Kong Disneyland: Er\u00f6ffnet im Jahr 2005 und bietet \u00e4hnliche Themen wie andere Disneyland-Parks.<\/li>\n<\/ul>\n<\/li>\n\n\n\n<li>Shanghai Disney Resort: Dieser Resortkomplex in Shanghai, China, umfasst einen Park:\n<ul class=\"wp-block-list\">\n<li>Shanghai Disneyland: Dieser Park wurde 2016 er\u00f6ffnet und kombiniert Disney-Geschichten mit chinesischer Kultur und Innovation.<\/li>\n<\/ul>\n<\/li>\n<\/ol>\n\n\n\n<p>Dazu kommen Typhoon Lagoon und Blizzard Beach, die beiden Wasserparks, die Disney betreibt (die ihr auch in den Video Playlisten von Walt Disney World findet):<\/p>\n\n\n\n<ol class=\"wp-block-list\">\n<li>Disney&#8217;s Typhoon Lagoon: Dieser Wasserpark befindet sich im Walt Disney World Resort in Orlando, Florida, USA. Er wurde 1989 er\u00f6ffnet und bietet eine Vielzahl von Wasserrutschen, Wellenpools, Lazy Rivers und anderen Wasserspielbereichen.<\/li>\n\n\n\n<li>Disney&#8217;s Blizzard Beach: Dieser Wasserpark befindet sich ebenfalls im Walt Disney World Resort in Orlando, Florida, USA. Er wurde 1995 er\u00f6ffnet und ist im fiktiven Setting eines Skigebiets angesiedelt, das nach einem Schneesturm in einen Wasserpark umfunktioniert wurde. Der Park bietet rasante Wasserrutschen, einen riesigen Wasserspielbereich und andere Attraktionen.<\/li>\n<\/ol>\n\n\n\n<p>Somit kommen wir in 5 L\u00e4ndern auf 5 Schl\u00f6sser, 6 Resorts mit 12 Parks.<\/p>\n\n\n\n<p>M\u00fcsste man <a href=\"https:\/\/mausgecheckt.de\/index.php\/disney-cruise-line\/\" data-type=\"page\" data-id=\"36\">Disney Cruise Line<\/a> Schiffe dazu z\u00e4hlen ? Z\u00e4hlt die <a href=\"https:\/\/mausgecheckt.de\/index.php\/disney-cruise-line\/48-2\/\" data-type=\"page\" data-id=\"48\">Wish mit dem Atrium von Cinderella<\/a> als Schloss ?  Sind Castaway Cay oder Lighthouse Point auch als Wasserparks von Disney zu betrachten? \ud83d\ude42 #FrageF\u00fcrCountvonCount (Graf Zahl im Deutschen) .<\/p>\n\n\n\n<p><\/p>\n\n\n\n<p><\/p>\n","protected":false},"excerpt":{"rendered":"<p>Es gibt sechs Disney-Themenparks auf der ganzen Welt: Dazu kommen Typhoon Lagoon und Blizzard Beach, die beiden Wasserparks, die Disney betreibt (die ihr auch in den Video Playlisten von Walt Disney World findet): Somit kommen wir in 5 L\u00e4ndern auf 5 Schl\u00f6sser, 6 Resorts mit 12 Parks. M\u00fcsste man Disney Cruise Line Schiffe dazu z\u00e4hlen [&hellip;]<\/p>\n","protected":false},"author":1,"featured_media":0,"parent":34,"menu_order":0,"comment_status":"closed","ping_status":"closed","template":"","meta":{"footnotes":""},"class_list":["post-128","page","type-page","status-publish","hentry"],"yoast_head":"<!-- This site is optimized with the Yoast SEO plugin v27.3 - https:\/\/yoast.com\/product\/yoast-seo-wordpress\/ -->\n<title>6 Disney Parks bzw. sogar 12 weltweit - mausgecheckt - das Disney Vlog \u00fcber Cruise Line und Parks auf Deutsch<\/title>\n<meta name=\"robots\" content=\"index, follow, max-snippet:-1, max-image-preview:large, max-video-preview:-1\" \/>\n<link rel=\"canonical\" href=\"https:\/\/mausgecheckt.de\/index.php\/disney-d23-events\/disney-parks\/\" \/>\n<meta property=\"og:locale\" content=\"en_US\" \/>\n<meta property=\"og:type\" content=\"article\" \/>\n<meta property=\"og:title\" content=\"6 Disney Parks bzw. sogar 12 weltweit - mausgecheckt - das Disney Vlog \u00fcber Cruise Line und Parks auf Deutsch\" \/>\n<meta property=\"og:description\" content=\"Es gibt sechs Disney-Themenparks auf der ganzen Welt: Dazu kommen Typhoon Lagoon und Blizzard Beach, die beiden Wasserparks, die Disney betreibt (die ihr auch in den Video Playlisten von Walt Disney World findet): Somit kommen wir in 5 L\u00e4ndern auf 5 Schl\u00f6sser, 6 Resorts mit 12 Parks. M\u00fcsste man Disney Cruise Line Schiffe dazu z\u00e4hlen [&hellip;]\" \/>\n<meta property=\"og:url\" content=\"https:\/\/mausgecheckt.de\/index.php\/disney-d23-events\/disney-parks\/\" \/>\n<meta property=\"og:site_name\" content=\"mausgecheckt - das Disney Vlog \u00fcber Cruise Line und Parks auf Deutsch\" \/>\n<meta property=\"article:publisher\" content=\"https:\/\/facebook.com\/mausgecheckt\" \/>\n<meta property=\"article:modified_time\" content=\"2026-02-02T20:38:16+00:00\" \/>\n<meta property=\"og:image\" content=\"https:\/\/mausgecheckt.de\/wp-content\/uploads\/2025\/01\/Logo-Mausgecheckt-v3-quadrat-400.jpg\" \/>\n\t<meta property=\"og:image:width\" content=\"400\" \/>\n\t<meta property=\"og:image:height\" content=\"400\" \/>\n\t<meta property=\"og:image:type\" content=\"image\/jpeg\" \/>\n<meta name=\"twitter:card\" content=\"summary_large_image\" \/>\n<meta name=\"twitter:label1\" content=\"Est. reading time\" \/>\n\t<meta name=\"twitter:data1\" content=\"3 minutes\" \/>\n<script type=\"application\/ld+json\" class=\"yoast-schema-graph\">{\"@context\":\"https:\\\/\\\/schema.org\",\"@graph\":[{\"@type\":\"WebPage\",\"@id\":\"https:\\\/\\\/mausgecheckt.de\\\/index.php\\\/disney-d23-events\\\/disney-parks\\\/\",\"url\":\"https:\\\/\\\/mausgecheckt.de\\\/index.php\\\/disney-d23-events\\\/disney-parks\\\/\",\"name\":\"6 Disney Parks bzw. sogar 12 weltweit - mausgecheckt - das Disney Vlog \u00fcber Cruise Line und Parks auf Deutsch\",\"isPartOf\":{\"@id\":\"https:\\\/\\\/mausgecheckt.de\\\/#website\"},\"datePublished\":\"2023-05-18T12:50:28+00:00\",\"dateModified\":\"2026-02-02T20:38:16+00:00\",\"breadcrumb\":{\"@id\":\"https:\\\/\\\/mausgecheckt.de\\\/index.php\\\/disney-d23-events\\\/disney-parks\\\/#breadcrumb\"},\"inLanguage\":\"en-US\",\"potentialAction\":[{\"@type\":\"ReadAction\",\"target\":[\"https:\\\/\\\/mausgecheckt.de\\\/index.php\\\/disney-d23-events\\\/disney-parks\\\/\"]}]},{\"@type\":\"BreadcrumbList\",\"@id\":\"https:\\\/\\\/mausgecheckt.de\\\/index.php\\\/disney-d23-events\\\/disney-parks\\\/#breadcrumb\",\"itemListElement\":[{\"@type\":\"ListItem\",\"position\":1,\"name\":\"mausgecheckt\",\"item\":\"https:\\\/\\\/mausgecheckt.de\\\/\"},{\"@type\":\"ListItem\",\"position\":2,\"name\":\"Disney \\\/ D23 Events\",\"item\":\"https:\\\/\\\/mausgecheckt.de\\\/index.php\\\/disney-d23-events\\\/\"},{\"@type\":\"ListItem\",\"position\":3,\"name\":\"6 Disney Parks bzw. sogar 12 weltweit\"}]},{\"@type\":\"WebSite\",\"@id\":\"https:\\\/\\\/mausgecheckt.de\\\/#website\",\"url\":\"https:\\\/\\\/mausgecheckt.de\\\/\",\"name\":\"mausgecheckt - das Disney Vlog \u00fcber Cruise Line und Parks auf Deutsch\",\"description\":\"shows me where to go: Disney Cruise Line, Walt Disney World, Disney Parks weltweit auf Youtube\",\"publisher\":{\"@id\":\"https:\\\/\\\/mausgecheckt.de\\\/#organization\"},\"alternateName\":\"Disnerds vloggen auf Deutsch \u00fcber weltweite Disney-Reisen\",\"potentialAction\":[{\"@type\":\"SearchAction\",\"target\":{\"@type\":\"EntryPoint\",\"urlTemplate\":\"https:\\\/\\\/mausgecheckt.de\\\/?s={search_term_string}\"},\"query-input\":{\"@type\":\"PropertyValueSpecification\",\"valueRequired\":true,\"valueName\":\"search_term_string\"}}],\"inLanguage\":\"en-US\"},{\"@type\":\"Organization\",\"@id\":\"https:\\\/\\\/mausgecheckt.de\\\/#organization\",\"name\":\"Mausgecheckt\",\"alternateName\":\"Mausgecheckt von Stefanie & Andre Gellert\",\"url\":\"https:\\\/\\\/mausgecheckt.de\\\/\",\"logo\":{\"@type\":\"ImageObject\",\"inLanguage\":\"en-US\",\"@id\":\"https:\\\/\\\/mausgecheckt.de\\\/#\\\/schema\\\/logo\\\/image\\\/\",\"url\":\"https:\\\/\\\/mausgecheckt.de\\\/wp-content\\\/uploads\\\/2025\\\/01\\\/cropped-Logo-Mausgecheckt-v3-quadrat-400.jpg\",\"contentUrl\":\"https:\\\/\\\/mausgecheckt.de\\\/wp-content\\\/uploads\\\/2025\\\/01\\\/cropped-Logo-Mausgecheckt-v3-quadrat-400.jpg\",\"width\":512,\"height\":512,\"caption\":\"Mausgecheckt\"},\"image\":{\"@id\":\"https:\\\/\\\/mausgecheckt.de\\\/#\\\/schema\\\/logo\\\/image\\\/\"},\"sameAs\":[\"https:\\\/\\\/facebook.com\\\/mausgecheckt\",\"https:\\\/\\\/instagram.com\\\/mausgecheckt\",\"https:\\\/\\\/youtube.com\\\/@mausgecheckt\"]}]}<\/script>\n<!-- \/ Yoast SEO plugin. -->","yoast_head_json":{"title":"6 Disney Parks bzw. sogar 12 weltweit - mausgecheckt - das Disney Vlog \u00fcber Cruise Line und Parks auf Deutsch","robots":{"index":"index","follow":"follow","max-snippet":"max-snippet:-1","max-image-preview":"max-image-preview:large","max-video-preview":"max-video-preview:-1"},"canonical":"https:\/\/mausgecheckt.de\/index.php\/disney-d23-events\/disney-parks\/","og_locale":"en_US","og_type":"article","og_title":"6 Disney Parks bzw. sogar 12 weltweit - mausgecheckt - das Disney Vlog \u00fcber Cruise Line und Parks auf Deutsch","og_description":"Es gibt sechs Disney-Themenparks auf der ganzen Welt: Dazu kommen Typhoon Lagoon und Blizzard Beach, die beiden Wasserparks, die Disney betreibt (die ihr auch in den Video Playlisten von Walt Disney World findet): Somit kommen wir in 5 L\u00e4ndern auf 5 Schl\u00f6sser, 6 Resorts mit 12 Parks. M\u00fcsste man Disney Cruise Line Schiffe dazu z\u00e4hlen [&hellip;]","og_url":"https:\/\/mausgecheckt.de\/index.php\/disney-d23-events\/disney-parks\/","og_site_name":"mausgecheckt - das Disney Vlog \u00fcber Cruise Line und Parks auf Deutsch","article_publisher":"https:\/\/facebook.com\/mausgecheckt","article_modified_time":"2026-02-02T20:38:16+00:00","og_image":[{"width":400,"height":400,"url":"https:\/\/mausgecheckt.de\/wp-content\/uploads\/2025\/01\/Logo-Mausgecheckt-v3-quadrat-400.jpg","type":"image\/jpeg"}],"twitter_card":"summary_large_image","twitter_misc":{"Est. reading time":"3 minutes"},"schema":{"@context":"https:\/\/schema.org","@graph":[{"@type":"WebPage","@id":"https:\/\/mausgecheckt.de\/index.php\/disney-d23-events\/disney-parks\/","url":"https:\/\/mausgecheckt.de\/index.php\/disney-d23-events\/disney-parks\/","name":"6 Disney Parks bzw. sogar 12 weltweit - mausgecheckt - das Disney Vlog \u00fcber Cruise Line und Parks auf Deutsch","isPartOf":{"@id":"https:\/\/mausgecheckt.de\/#website"},"datePublished":"2023-05-18T12:50:28+00:00","dateModified":"2026-02-02T20:38:16+00:00","breadcrumb":{"@id":"https:\/\/mausgecheckt.de\/index.php\/disney-d23-events\/disney-parks\/#breadcrumb"},"inLanguage":"en-US","potentialAction":[{"@type":"ReadAction","target":["https:\/\/mausgecheckt.de\/index.php\/disney-d23-events\/disney-parks\/"]}]},{"@type":"BreadcrumbList","@id":"https:\/\/mausgecheckt.de\/index.php\/disney-d23-events\/disney-parks\/#breadcrumb","itemListElement":[{"@type":"ListItem","position":1,"name":"mausgecheckt","item":"https:\/\/mausgecheckt.de\/"},{"@type":"ListItem","position":2,"name":"Disney \/ D23 Events","item":"https:\/\/mausgecheckt.de\/index.php\/disney-d23-events\/"},{"@type":"ListItem","position":3,"name":"6 Disney Parks bzw. sogar 12 weltweit"}]},{"@type":"WebSite","@id":"https:\/\/mausgecheckt.de\/#website","url":"https:\/\/mausgecheckt.de\/","name":"mausgecheckt - das Disney Vlog \u00fcber Cruise Line und Parks auf Deutsch","description":"shows me where to go: Disney Cruise Line, Walt Disney World, Disney Parks weltweit auf Youtube","publisher":{"@id":"https:\/\/mausgecheckt.de\/#organization"},"alternateName":"Disnerds vloggen auf Deutsch \u00fcber weltweite Disney-Reisen","potentialAction":[{"@type":"SearchAction","target":{"@type":"EntryPoint","urlTemplate":"https:\/\/mausgecheckt.de\/?s={search_term_string}"},"query-input":{"@type":"PropertyValueSpecification","valueRequired":true,"valueName":"search_term_string"}}],"inLanguage":"en-US"},{"@type":"Organization","@id":"https:\/\/mausgecheckt.de\/#organization","name":"Mausgecheckt","alternateName":"Mausgecheckt von Stefanie & Andre Gellert","url":"https:\/\/mausgecheckt.de\/","logo":{"@type":"ImageObject","inLanguage":"en-US","@id":"https:\/\/mausgecheckt.de\/#\/schema\/logo\/image\/","url":"https:\/\/mausgecheckt.de\/wp-content\/uploads\/2025\/01\/cropped-Logo-Mausgecheckt-v3-quadrat-400.jpg","contentUrl":"https:\/\/mausgecheckt.de\/wp-content\/uploads\/2025\/01\/cropped-Logo-Mausgecheckt-v3-quadrat-400.jpg","width":512,"height":512,"caption":"Mausgecheckt"},"image":{"@id":"https:\/\/mausgecheckt.de\/#\/schema\/logo\/image\/"},"sameAs":["https:\/\/facebook.com\/mausgecheckt","https:\/\/instagram.com\/mausgecheckt","https:\/\/youtube.com\/@mausgecheckt"]}]}},"_links":{"self":[{"href":"https:\/\/mausgecheckt.de\/index.php\/wp-json\/wp\/v2\/pages\/128","targetHints":{"allow":["GET"]}}],"collection":[{"href":"https:\/\/mausgecheckt.de\/index.php\/wp-json\/wp\/v2\/pages"}],"about":[{"href":"https:\/\/mausgecheckt.de\/index.php\/wp-json\/wp\/v2\/types\/page"}],"author":[{"embeddable":true,"href":"https:\/\/mausgecheckt.de\/index.php\/wp-json\/wp\/v2\/users\/1"}],"replies":[{"embeddable":true,"href":"https:\/\/mausgecheckt.de\/index.php\/wp-json\/wp\/v2\/comments?post=128"}],"version-history":[{"count":11,"href":"https:\/\/mausgecheckt.de\/index.php\/wp-json\/wp\/v2\/pages\/128\/revisions"}],"predecessor-version":[{"id":1021,"href":"https:\/\/mausgecheckt.de\/index.php\/wp-json\/wp\/v2\/pages\/128\/revisions\/1021"}],"up":[{"embeddable":true,"href":"https:\/\/mausgecheckt.de\/index.php\/wp-json\/wp\/v2\/pages\/34"}],"wp:attachment":[{"href":"https:\/\/mausgecheckt.de\/index.php\/wp-json\/wp\/v2\/media?parent=128"}],"curies":[{"name":"wp","href":"https:\/\/api.w.org\/{rel}","templated":true}]}}