{"id":178,"date":"2023-12-19T16:06:34","date_gmt":"2023-12-19T14:06:34","guid":{"rendered":"https:\/\/mausgecheckt.de\/?page_id=178"},"modified":"2024-04-01T12:23:12","modified_gmt":"2024-04-01T10:23:12","slug":"lighthouse-point","status":"publish","type":"page","link":"https:\/\/mausgecheckt.de\/index.php\/disney-cruise-line\/lighthouse-point\/","title":{"rendered":"Lighthouse Point"},"content":{"rendered":"\n<p>&#8220;Disney Lookout Cay at Lighthouse Point&#8221; scheint ein tropisches Refugium zu sein, das darauf ausgelegt ist, das Wesen der Bahamas einzufangen. Mit dem Slogan &#8220;Where Magic Meets the Beauty and Culture of The Bahamas&#8221; (Wo Magie auf die Sch\u00f6nheit und Kultur der Bahamas trifft), bietet dieser Ort einen Einblick in die reiche Kultur, herzliche Gastfreundschaft und atemberaubende nat\u00fcrliche Sch\u00f6nheit der Bahamas. G\u00e4ste k\u00f6nnen ihre Zehen in den rosa Sandstrand graben, in die lebhaften blauen Gew\u00e4sser eintauchen und von den atemberaubenden Ausblicken auf das schimmernde karibische Meer, das sich endlos bis zum Horizont erstreckt, verzaubert werden.<\/p>\n\n\n\n<p>Dieser R\u00fcckzugsort ist in die nat\u00fcrliche Sch\u00f6nheit und Ruhe der Bahamas eingebettet und von der reichen Kultur, Traditionen und Geschichten dieser Inselnation inspiriert. Er bietet eine tropische Strandkulisse mit sprudelnden Springbrunnen, Speise- und Freizeiteinrichtungen sowie mehrere Pavillons. &#8220;Disney Lookout Cay at Lighthouse Point&#8221; zollt der Sch\u00f6nheit der Natur Tribut, die jede architektonische Einzelheit pr\u00e4gt.<\/p>\n\n\n\n<p>Die Besucher k\u00f6nnen sich in der Kunstfertigkeit, den Br\u00e4uchen und Abenteuern dieses Sonnen- und Sandparadieses verlieren, Familien k\u00f6nnen in einem \u00fcppigen Paradies eintauchen, das in bahamaischen Farben und den charakteristischen Angeboten der Disney Cruise Line gehalten ist. F\u00fcr Erwachsene gibt es einen abgeschiedenen Strand nur f\u00fcr Erwachsene, an dem sie ihre Sorgen vergessen k\u00f6nnen. F\u00fcr Kinder gibt es ein inselinspiriertes Spielplatzparadies.<\/p>\n\n\n\n<p>Hier die Preview Seite von Disney, da bislang dieses Resort noch nicht ge\u00f6ffnet hat: <a href=\"https:\/\/disneycruise.disney.go.com\/featured\/lighthouse-point\/\">https:\/\/disneycruise.disney.go.com\/featured\/lighthouse-point\/<\/a><br><br>F\u00fcr uns geht es im Mai 2025 das erste Mal nach Lighthouse Point &#8211; mit der <a href=\"https:\/\/mausgecheckt.de\/index.php\/disney-cruise-line\/disney-treasure-kreuzfahrtschiff\/\" data-type=\"page\" data-id=\"168\">Treasure<\/a>.<\/p>\n","protected":false},"excerpt":{"rendered":"<p>&#8220;Disney Lookout Cay at Lighthouse Point&#8221; scheint ein tropisches Refugium zu sein, das darauf ausgelegt ist, das Wesen der Bahamas einzufangen. Mit dem Slogan &#8220;Where Magic Meets the Beauty and Culture of The Bahamas&#8221; (Wo Magie auf die Sch\u00f6nheit und Kultur der Bahamas trifft), bietet dieser Ort einen Einblick in die reiche Kultur, herzliche Gastfreundschaft [&hellip;]<\/p>\n","protected":false},"author":1,"featured_media":0,"parent":36,"menu_order":32,"comment_status":"closed","ping_status":"closed","template":"","meta":{"footnotes":""},"class_list":["post-178","page","type-page","status-publish","hentry"],"yoast_head":"<!-- This site is optimized with the Yoast SEO plugin v27.5 - https:\/\/yoast.com\/product\/yoast-seo-wordpress\/ -->\n<title>Lighthouse Point - mausgecheckt - das Disney Vlog \u00fcber Cruise Line und Parks auf Deutsch<\/title>\n<meta name=\"robots\" content=\"index, follow, max-snippet:-1, max-image-preview:large, max-video-preview:-1\" \/>\n<link rel=\"canonical\" href=\"https:\/\/mausgecheckt.de\/index.php\/disney-cruise-line\/lighthouse-point\/\" \/>\n<meta property=\"og:locale\" content=\"en_US\" \/>\n<meta property=\"og:type\" content=\"article\" \/>\n<meta property=\"og:title\" content=\"Lighthouse Point - mausgecheckt - das Disney Vlog \u00fcber Cruise Line und Parks auf Deutsch\" \/>\n<meta property=\"og:description\" content=\"&#8220;Disney Lookout Cay at Lighthouse Point&#8221; scheint ein tropisches Refugium zu sein, das darauf ausgelegt ist, das Wesen der Bahamas einzufangen. Mit dem Slogan &#8220;Where Magic Meets the Beauty and Culture of The Bahamas&#8221; (Wo Magie auf die Sch\u00f6nheit und Kultur der Bahamas trifft), bietet dieser Ort einen Einblick in die reiche Kultur, herzliche Gastfreundschaft [&hellip;]\" \/>\n<meta property=\"og:url\" content=\"https:\/\/mausgecheckt.de\/index.php\/disney-cruise-line\/lighthouse-point\/\" \/>\n<meta property=\"og:site_name\" content=\"mausgecheckt - das Disney Vlog \u00fcber Cruise Line und Parks auf Deutsch\" \/>\n<meta property=\"article:publisher\" content=\"https:\/\/facebook.com\/mausgecheckt\" \/>\n<meta property=\"article:modified_time\" content=\"2024-04-01T10:23:12+00:00\" \/>\n<meta property=\"og:image\" content=\"https:\/\/mausgecheckt.de\/wp-content\/uploads\/2025\/01\/Logo-Mausgecheckt-v3-quadrat-400.jpg\" \/>\n\t<meta property=\"og:image:width\" content=\"400\" \/>\n\t<meta property=\"og:image:height\" content=\"400\" \/>\n\t<meta property=\"og:image:type\" content=\"image\/jpeg\" \/>\n<meta name=\"twitter:card\" content=\"summary_large_image\" \/>\n<meta name=\"twitter:label1\" content=\"Est. reading time\" \/>\n\t<meta name=\"twitter:data1\" content=\"1 minute\" \/>\n<script type=\"application\/ld+json\" class=\"yoast-schema-graph\">{\"@context\":\"https:\\\/\\\/schema.org\",\"@graph\":[{\"@type\":\"WebPage\",\"@id\":\"https:\\\/\\\/mausgecheckt.de\\\/index.php\\\/disney-cruise-line\\\/lighthouse-point\\\/\",\"url\":\"https:\\\/\\\/mausgecheckt.de\\\/index.php\\\/disney-cruise-line\\\/lighthouse-point\\\/\",\"name\":\"Lighthouse Point - mausgecheckt - das Disney Vlog \u00fcber Cruise Line und Parks auf Deutsch\",\"isPartOf\":{\"@id\":\"https:\\\/\\\/mausgecheckt.de\\\/#website\"},\"datePublished\":\"2023-12-19T14:06:34+00:00\",\"dateModified\":\"2024-04-01T10:23:12+00:00\",\"breadcrumb\":{\"@id\":\"https:\\\/\\\/mausgecheckt.de\\\/index.php\\\/disney-cruise-line\\\/lighthouse-point\\\/#breadcrumb\"},\"inLanguage\":\"en-US\",\"potentialAction\":[{\"@type\":\"ReadAction\",\"target\":[\"https:\\\/\\\/mausgecheckt.de\\\/index.php\\\/disney-cruise-line\\\/lighthouse-point\\\/\"]}]},{\"@type\":\"BreadcrumbList\",\"@id\":\"https:\\\/\\\/mausgecheckt.de\\\/index.php\\\/disney-cruise-line\\\/lighthouse-point\\\/#breadcrumb\",\"itemListElement\":[{\"@type\":\"ListItem\",\"position\":1,\"name\":\"mausgecheckt\",\"item\":\"https:\\\/\\\/mausgecheckt.de\\\/\"},{\"@type\":\"ListItem\",\"position\":2,\"name\":\"Disney Cruise Line\",\"item\":\"https:\\\/\\\/mausgecheckt.de\\\/index.php\\\/disney-cruise-line\\\/\"},{\"@type\":\"ListItem\",\"position\":3,\"name\":\"Lighthouse Point\"}]},{\"@type\":\"WebSite\",\"@id\":\"https:\\\/\\\/mausgecheckt.de\\\/#website\",\"url\":\"https:\\\/\\\/mausgecheckt.de\\\/\",\"name\":\"mausgecheckt - das Disney Vlog \u00fcber Cruise Line und Parks auf Deutsch\",\"description\":\"shows me where to go: Disney Cruise Line, Walt Disney World, Disney Parks weltweit auf Youtube\",\"publisher\":{\"@id\":\"https:\\\/\\\/mausgecheckt.de\\\/#organization\"},\"alternateName\":\"Disnerds vloggen auf Deutsch \u00fcber weltweite Disney-Reisen\",\"potentialAction\":[{\"@type\":\"SearchAction\",\"target\":{\"@type\":\"EntryPoint\",\"urlTemplate\":\"https:\\\/\\\/mausgecheckt.de\\\/?s={search_term_string}\"},\"query-input\":{\"@type\":\"PropertyValueSpecification\",\"valueRequired\":true,\"valueName\":\"search_term_string\"}}],\"inLanguage\":\"en-US\"},{\"@type\":\"Organization\",\"@id\":\"https:\\\/\\\/mausgecheckt.de\\\/#organization\",\"name\":\"Mausgecheckt\",\"alternateName\":\"Mausgecheckt von Stefanie & Andre Gellert\",\"url\":\"https:\\\/\\\/mausgecheckt.de\\\/\",\"logo\":{\"@type\":\"ImageObject\",\"inLanguage\":\"en-US\",\"@id\":\"https:\\\/\\\/mausgecheckt.de\\\/#\\\/schema\\\/logo\\\/image\\\/\",\"url\":\"https:\\\/\\\/mausgecheckt.de\\\/wp-content\\\/uploads\\\/2025\\\/01\\\/cropped-Logo-Mausgecheckt-v3-quadrat-400.jpg\",\"contentUrl\":\"https:\\\/\\\/mausgecheckt.de\\\/wp-content\\\/uploads\\\/2025\\\/01\\\/cropped-Logo-Mausgecheckt-v3-quadrat-400.jpg\",\"width\":512,\"height\":512,\"caption\":\"Mausgecheckt\"},\"image\":{\"@id\":\"https:\\\/\\\/mausgecheckt.de\\\/#\\\/schema\\\/logo\\\/image\\\/\"},\"sameAs\":[\"https:\\\/\\\/facebook.com\\\/mausgecheckt\",\"https:\\\/\\\/instagram.com\\\/mausgecheckt\",\"https:\\\/\\\/youtube.com\\\/@mausgecheckt\"]}]}<\/script>\n<!-- \/ Yoast SEO plugin. -->","yoast_head_json":{"title":"Lighthouse Point - mausgecheckt - das Disney Vlog \u00fcber Cruise Line und Parks auf Deutsch","robots":{"index":"index","follow":"follow","max-snippet":"max-snippet:-1","max-image-preview":"max-image-preview:large","max-video-preview":"max-video-preview:-1"},"canonical":"https:\/\/mausgecheckt.de\/index.php\/disney-cruise-line\/lighthouse-point\/","og_locale":"en_US","og_type":"article","og_title":"Lighthouse Point - mausgecheckt - das Disney Vlog \u00fcber Cruise Line und Parks auf Deutsch","og_description":"&#8220;Disney Lookout Cay at Lighthouse Point&#8221; scheint ein tropisches Refugium zu sein, das darauf ausgelegt ist, das Wesen der Bahamas einzufangen. Mit dem Slogan &#8220;Where Magic Meets the Beauty and Culture of The Bahamas&#8221; (Wo Magie auf die Sch\u00f6nheit und Kultur der Bahamas trifft), bietet dieser Ort einen Einblick in die reiche Kultur, herzliche Gastfreundschaft [&hellip;]","og_url":"https:\/\/mausgecheckt.de\/index.php\/disney-cruise-line\/lighthouse-point\/","og_site_name":"mausgecheckt - das Disney Vlog \u00fcber Cruise Line und Parks auf Deutsch","article_publisher":"https:\/\/facebook.com\/mausgecheckt","article_modified_time":"2024-04-01T10:23:12+00:00","og_image":[{"width":400,"height":400,"url":"https:\/\/mausgecheckt.de\/wp-content\/uploads\/2025\/01\/Logo-Mausgecheckt-v3-quadrat-400.jpg","type":"image\/jpeg"}],"twitter_card":"summary_large_image","twitter_misc":{"Est. reading time":"1 minute"},"schema":{"@context":"https:\/\/schema.org","@graph":[{"@type":"WebPage","@id":"https:\/\/mausgecheckt.de\/index.php\/disney-cruise-line\/lighthouse-point\/","url":"https:\/\/mausgecheckt.de\/index.php\/disney-cruise-line\/lighthouse-point\/","name":"Lighthouse Point - mausgecheckt - das Disney Vlog \u00fcber Cruise Line und Parks auf Deutsch","isPartOf":{"@id":"https:\/\/mausgecheckt.de\/#website"},"datePublished":"2023-12-19T14:06:34+00:00","dateModified":"2024-04-01T10:23:12+00:00","breadcrumb":{"@id":"https:\/\/mausgecheckt.de\/index.php\/disney-cruise-line\/lighthouse-point\/#breadcrumb"},"inLanguage":"en-US","potentialAction":[{"@type":"ReadAction","target":["https:\/\/mausgecheckt.de\/index.php\/disney-cruise-line\/lighthouse-point\/"]}]},{"@type":"BreadcrumbList","@id":"https:\/\/mausgecheckt.de\/index.php\/disney-cruise-line\/lighthouse-point\/#breadcrumb","itemListElement":[{"@type":"ListItem","position":1,"name":"mausgecheckt","item":"https:\/\/mausgecheckt.de\/"},{"@type":"ListItem","position":2,"name":"Disney Cruise Line","item":"https:\/\/mausgecheckt.de\/index.php\/disney-cruise-line\/"},{"@type":"ListItem","position":3,"name":"Lighthouse Point"}]},{"@type":"WebSite","@id":"https:\/\/mausgecheckt.de\/#website","url":"https:\/\/mausgecheckt.de\/","name":"mausgecheckt - das Disney Vlog \u00fcber Cruise Line und Parks auf Deutsch","description":"shows me where to go: Disney Cruise Line, Walt Disney World, Disney Parks weltweit auf Youtube","publisher":{"@id":"https:\/\/mausgecheckt.de\/#organization"},"alternateName":"Disnerds vloggen auf Deutsch \u00fcber weltweite Disney-Reisen","potentialAction":[{"@type":"SearchAction","target":{"@type":"EntryPoint","urlTemplate":"https:\/\/mausgecheckt.de\/?s={search_term_string}"},"query-input":{"@type":"PropertyValueSpecification","valueRequired":true,"valueName":"search_term_string"}}],"inLanguage":"en-US"},{"@type":"Organization","@id":"https:\/\/mausgecheckt.de\/#organization","name":"Mausgecheckt","alternateName":"Mausgecheckt von Stefanie & Andre Gellert","url":"https:\/\/mausgecheckt.de\/","logo":{"@type":"ImageObject","inLanguage":"en-US","@id":"https:\/\/mausgecheckt.de\/#\/schema\/logo\/image\/","url":"https:\/\/mausgecheckt.de\/wp-content\/uploads\/2025\/01\/cropped-Logo-Mausgecheckt-v3-quadrat-400.jpg","contentUrl":"https:\/\/mausgecheckt.de\/wp-content\/uploads\/2025\/01\/cropped-Logo-Mausgecheckt-v3-quadrat-400.jpg","width":512,"height":512,"caption":"Mausgecheckt"},"image":{"@id":"https:\/\/mausgecheckt.de\/#\/schema\/logo\/image\/"},"sameAs":["https:\/\/facebook.com\/mausgecheckt","https:\/\/instagram.com\/mausgecheckt","https:\/\/youtube.com\/@mausgecheckt"]}]}},"_links":{"self":[{"href":"https:\/\/mausgecheckt.de\/index.php\/wp-json\/wp\/v2\/pages\/178","targetHints":{"allow":["GET"]}}],"collection":[{"href":"https:\/\/mausgecheckt.de\/index.php\/wp-json\/wp\/v2\/pages"}],"about":[{"href":"https:\/\/mausgecheckt.de\/index.php\/wp-json\/wp\/v2\/types\/page"}],"author":[{"embeddable":true,"href":"https:\/\/mausgecheckt.de\/index.php\/wp-json\/wp\/v2\/users\/1"}],"replies":[{"embeddable":true,"href":"https:\/\/mausgecheckt.de\/index.php\/wp-json\/wp\/v2\/comments?post=178"}],"version-history":[{"count":2,"href":"https:\/\/mausgecheckt.de\/index.php\/wp-json\/wp\/v2\/pages\/178\/revisions"}],"predecessor-version":[{"id":181,"href":"https:\/\/mausgecheckt.de\/index.php\/wp-json\/wp\/v2\/pages\/178\/revisions\/181"}],"up":[{"embeddable":true,"href":"https:\/\/mausgecheckt.de\/index.php\/wp-json\/wp\/v2\/pages\/36"}],"wp:attachment":[{"href":"https:\/\/mausgecheckt.de\/index.php\/wp-json\/wp\/v2\/media?parent=178"}],"curies":[{"name":"wp","href":"https:\/\/api.w.org\/{rel}","templated":true}]}}