{"id":284,"date":"2024-03-31T20:58:49","date_gmt":"2024-03-31T18:58:49","guid":{"rendered":"https:\/\/mausgecheckt.de\/?page_id=284"},"modified":"2025-08-23T14:09:55","modified_gmt":"2025-08-23T12:09:55","slug":"disney-destiny-kreuzfahrtschiff","status":"publish","type":"page","link":"https:\/\/mausgecheckt.de\/index.php\/disney-cruise-line\/disney-destiny-kreuzfahrtschiff\/","title":{"rendered":"Disney Destiny Kreuzfahrtschiff"},"content":{"rendered":"\n<p>Die Disney Destiny, das dritte Schiff der Triton-Klasse von Disney Cruise Line, sticht 2025 in See und verspricht ein unvergessliches Kreuzfahrterlebnis f\u00fcr die ganze Familie. Als Schwesterschiff der Disney Wish und Disney Treasure vereint sie innovatives Design mit modernem Komfort und dem unvergleichlichen Disney-Zauber.<\/p>\n\n\n\n<figure class=\"wp-block-image size-large\"><img loading=\"lazy\" decoding=\"async\" width=\"1024\" height=\"768\" src=\"https:\/\/mausgecheckt.de\/wp-content\/uploads\/2024\/03\/IMG_9050-1024x768.jpeg\" alt=\"\" class=\"wp-image-282\" srcset=\"https:\/\/mausgecheckt.de\/wp-content\/uploads\/2024\/03\/IMG_9050-1024x768.jpeg 1024w, https:\/\/mausgecheckt.de\/wp-content\/uploads\/2024\/03\/IMG_9050-300x225.jpeg 300w, https:\/\/mausgecheckt.de\/wp-content\/uploads\/2024\/03\/IMG_9050-768x576.jpeg 768w, https:\/\/mausgecheckt.de\/wp-content\/uploads\/2024\/03\/IMG_9050.jpeg 1134w\" sizes=\"auto, (max-width: 1024px) 100vw, 1024px\" \/><\/figure>\n\n\n\n<p>(Foto vom 31.3.2024, Baudock, im Vordergrund, im Hintergrund sieht man die <a href=\"https:\/\/mausgecheckt.de\/index.php\/disney-cruise-line\/disney-treasure-kreuzfahrtschiff\/\" data-type=\"page\" data-id=\"168\">Disney Treasure<\/a>)<\/p>\n\n\n\n<p><strong>Tauche ein in die Welt der Helden und B\u00f6sewichte<\/strong><\/p>\n\n\n\n<p>Das Motto der Disney Destiny lautet &#8220;Helden und B\u00f6sewichte&#8221;. Freue dich darauf, deine Lieblingscharaktere aus Disney-, Pixar- und Marvel-Filmen an Bord zu treffen. Die Gestaltung der Decks, Restaurants und Lounges ist inspiriert von den ikonischen Geschichten und l\u00e4dt zum Entdecken und Tr\u00e4umen ein.<\/p>\n\n\n\n<p><strong>Erstklassige Unterhaltung f\u00fcr jeden Geschmack<\/strong><\/p>\n\n\n\n<p>Genie\u00dfe Broadway-inspirierte Shows, spektakul\u00e4re Live-Auftritte und interaktive Erlebnisse, die die ganze Familie begeistern. Ob rasante Wasserrutschen im AquaLab, spannende Abenteuer im Avengers-Universum oder Entspannung im Senses Spa &#8211; an Bord der Disney Destiny ist f\u00fcr jeden etwas dabei.<\/p>\n\n\n\n<p><strong>Kulinarische Highlights auf h\u00f6chstem Niveau<\/strong><\/p>\n\n\n\n<p>Entdecke eine Vielzahl an Restaurants, die exquisite K\u00fcche aus aller Welt anbieten. Von \u00c0-la-carte-Men\u00fcs bis hin zu buffets mit internationalen Spezialit\u00e4ten &#8211; die Disney Destiny verw\u00f6hnt deine Sinne mit kulinarischen Hochgen\u00fcssen.<\/p>\n\n\n\n<p><strong>Komfortable Kabinen f\u00fcr jeden Anspruch<\/strong><\/p>\n\n\n\n<p>W\u00e4hle aus verschiedenen Kabinenkategorien, die deinen Bed\u00fcrfnissen und deinem Budget entsprechen. Ob ger\u00e4umige Suiten mit Balkon oder gem\u00fctliche Innenkabinen &#8211; alle Kabinen sind komfortabel ausgestattet und bieten ein unvergleichliches Wohlf\u00fchlambiente.<\/p>\n\n\n\n<p><strong>Reiseziele, die Tr\u00e4ume wahr werden lassen<\/strong><\/p>\n\n\n\n<p>Die Disney Destiny steuert traumhafte Ziele in der Karibik, den Bahamas, Europa und dem Mittelmeer an. Erkunde exotische Inseln, entdecke faszinierende Metropolen und erlebe unvergessliche Momente an Bord.<\/p>\n\n\n\n<p><strong>Disney Cruise Line &#8211; unvergessliche Urlaubserlebnisse f\u00fcr die ganze Familie<\/strong><\/p>\n\n\n\n<p>Mit der Disney Destiny setzt Disney Cruise Line erneut Ma\u00dfst\u00e4be f\u00fcr familienfreundliche Kreuzfahrten. Exklusiver Service, liebevolle Details und die Magie der Disney-Welt machen jede Reise zu einem unvergesslichen Erlebnis.<\/p>\n\n\n\n<figure class=\"wp-block-image size-large\"><img loading=\"lazy\" decoding=\"async\" width=\"1024\" height=\"768\" src=\"https:\/\/mausgecheckt.de\/wp-content\/uploads\/2025\/08\/IMG_6152-1024x768.jpg\" alt=\"Die Destiny bei unserem Besuch in Papenburg am 16.8.2025\" class=\"wp-image-824\" srcset=\"https:\/\/mausgecheckt.de\/wp-content\/uploads\/2025\/08\/IMG_6152-1024x768.jpg 1024w, https:\/\/mausgecheckt.de\/wp-content\/uploads\/2025\/08\/IMG_6152-300x225.jpg 300w, https:\/\/mausgecheckt.de\/wp-content\/uploads\/2025\/08\/IMG_6152-768x576.jpg 768w, https:\/\/mausgecheckt.de\/wp-content\/uploads\/2025\/08\/IMG_6152-1536x1152.jpg 1536w, https:\/\/mausgecheckt.de\/wp-content\/uploads\/2025\/08\/IMG_6152.jpg 2000w\" sizes=\"auto, (max-width: 1024px) 100vw, 1024px\" \/><\/figure>\n\n\n\n<p>Und auf geht es :<\/p>\n\n\n\n<p>Die <strong>Disney Destiny<\/strong> startet am <strong>20. November 2025<\/strong> in Port Everglades (Fort Lauderdale) zu ihrer Jungfernfahrt. 2026 f\u00e4hrt sie ganzj\u00e4hrig ab dort auf <strong>4-, 5- und 7-N\u00e4chte-Routen<\/strong>. Geplant sind Reisen zu den <strong>Bahamas<\/strong> mit Stopps in <strong>Disney Castaway Cay<\/strong>, dem neuen Ziel <strong>Disney Lookout Cay at Lighthouse Point<\/strong> und Nassau. Au\u00dferdem geht es auf <strong>Karibikfahrten<\/strong>: Westkaribik mit Zielen wie <strong>Cozumel (Mexiko)<\/strong> und <strong>George Town (Grand Cayman)<\/strong>, sowie Ostkaribik mit <strong>San Juan (Puerto Rico)<\/strong>, <strong>St. Maarten<\/strong> und weiteren Inseln. Damit erg\u00e4nzt die Destiny die Flotte neben Wish und Treasure und ist stark auf Familien zugeschnitten. Wir freuen uns auf das neue Design-Thema rund um <strong>Helden und Schurken<\/strong>, u. a. mit neuem Restaurant, Showtheater und einem \u201ePirates-Pub\u201c.<br><\/p>\n\n\n\n<p>Wir sind im Mai 2026 an Board und haben dann wieder alle Schiffe zusammen: dann haben wir nicht nur die Adventure sondern auch dieses Schiff, Nummer 7 in der Reihe.<\/p>\n","protected":false},"excerpt":{"rendered":"<p>Die Disney Destiny, das dritte Schiff der Triton-Klasse von Disney Cruise Line, sticht 2025 in See und verspricht ein unvergessliches Kreuzfahrterlebnis f\u00fcr die ganze Familie. Als Schwesterschiff der Disney Wish und Disney Treasure vereint sie innovatives Design mit modernem Komfort und dem unvergleichlichen Disney-Zauber. (Foto vom 31.3.2024, Baudock, im Vordergrund, im Hintergrund sieht man die [&hellip;]<\/p>\n","protected":false},"author":1,"featured_media":0,"parent":36,"menu_order":14,"comment_status":"closed","ping_status":"closed","template":"","meta":{"footnotes":""},"class_list":["post-284","page","type-page","status-publish","hentry"],"yoast_head":"<!-- This site is optimized with the Yoast SEO plugin v27.5 - https:\/\/yoast.com\/product\/yoast-seo-wordpress\/ -->\n<title>Disney Destiny Kreuzfahrtschiff - mausgecheckt - das Disney Vlog \u00fcber Cruise Line und Parks auf Deutsch<\/title>\n<meta name=\"robots\" content=\"index, follow, max-snippet:-1, max-image-preview:large, max-video-preview:-1\" \/>\n<link rel=\"canonical\" href=\"https:\/\/mausgecheckt.de\/index.php\/disney-cruise-line\/disney-destiny-kreuzfahrtschiff\/\" \/>\n<meta property=\"og:locale\" content=\"en_US\" \/>\n<meta property=\"og:type\" content=\"article\" \/>\n<meta property=\"og:title\" content=\"Disney Destiny Kreuzfahrtschiff - mausgecheckt - das Disney Vlog \u00fcber Cruise Line und Parks auf Deutsch\" \/>\n<meta property=\"og:description\" content=\"Die Disney Destiny, das dritte Schiff der Triton-Klasse von Disney Cruise Line, sticht 2025 in See und verspricht ein unvergessliches Kreuzfahrterlebnis f\u00fcr die ganze Familie. Als Schwesterschiff der Disney Wish und Disney Treasure vereint sie innovatives Design mit modernem Komfort und dem unvergleichlichen Disney-Zauber. (Foto vom 31.3.2024, Baudock, im Vordergrund, im Hintergrund sieht man die [&hellip;]\" \/>\n<meta property=\"og:url\" content=\"https:\/\/mausgecheckt.de\/index.php\/disney-cruise-line\/disney-destiny-kreuzfahrtschiff\/\" \/>\n<meta property=\"og:site_name\" content=\"mausgecheckt - das Disney Vlog \u00fcber Cruise Line und Parks auf Deutsch\" \/>\n<meta property=\"article:publisher\" content=\"https:\/\/facebook.com\/mausgecheckt\" \/>\n<meta property=\"article:modified_time\" content=\"2025-08-23T12:09:55+00:00\" \/>\n<meta property=\"og:image\" content=\"https:\/\/mausgecheckt.de\/wp-content\/uploads\/2024\/03\/IMG_9050.jpeg\" \/>\n\t<meta property=\"og:image:width\" content=\"1134\" \/>\n\t<meta property=\"og:image:height\" content=\"850\" \/>\n\t<meta property=\"og:image:type\" content=\"image\/jpeg\" \/>\n<meta name=\"twitter:card\" content=\"summary_large_image\" \/>\n<meta name=\"twitter:label1\" content=\"Est. reading time\" \/>\n\t<meta name=\"twitter:data1\" content=\"3 minutes\" \/>\n<script type=\"application\/ld+json\" class=\"yoast-schema-graph\">{\"@context\":\"https:\\\/\\\/schema.org\",\"@graph\":[{\"@type\":\"WebPage\",\"@id\":\"https:\\\/\\\/mausgecheckt.de\\\/index.php\\\/disney-cruise-line\\\/disney-destiny-kreuzfahrtschiff\\\/\",\"url\":\"https:\\\/\\\/mausgecheckt.de\\\/index.php\\\/disney-cruise-line\\\/disney-destiny-kreuzfahrtschiff\\\/\",\"name\":\"Disney Destiny Kreuzfahrtschiff - mausgecheckt - das Disney Vlog \u00fcber Cruise Line und Parks auf Deutsch\",\"isPartOf\":{\"@id\":\"https:\\\/\\\/mausgecheckt.de\\\/#website\"},\"primaryImageOfPage\":{\"@id\":\"https:\\\/\\\/mausgecheckt.de\\\/index.php\\\/disney-cruise-line\\\/disney-destiny-kreuzfahrtschiff\\\/#primaryimage\"},\"image\":{\"@id\":\"https:\\\/\\\/mausgecheckt.de\\\/index.php\\\/disney-cruise-line\\\/disney-destiny-kreuzfahrtschiff\\\/#primaryimage\"},\"thumbnailUrl\":\"https:\\\/\\\/mausgecheckt.de\\\/wp-content\\\/uploads\\\/2024\\\/03\\\/IMG_9050-1024x768.jpeg\",\"datePublished\":\"2024-03-31T18:58:49+00:00\",\"dateModified\":\"2025-08-23T12:09:55+00:00\",\"breadcrumb\":{\"@id\":\"https:\\\/\\\/mausgecheckt.de\\\/index.php\\\/disney-cruise-line\\\/disney-destiny-kreuzfahrtschiff\\\/#breadcrumb\"},\"inLanguage\":\"en-US\",\"potentialAction\":[{\"@type\":\"ReadAction\",\"target\":[\"https:\\\/\\\/mausgecheckt.de\\\/index.php\\\/disney-cruise-line\\\/disney-destiny-kreuzfahrtschiff\\\/\"]}]},{\"@type\":\"ImageObject\",\"inLanguage\":\"en-US\",\"@id\":\"https:\\\/\\\/mausgecheckt.de\\\/index.php\\\/disney-cruise-line\\\/disney-destiny-kreuzfahrtschiff\\\/#primaryimage\",\"url\":\"https:\\\/\\\/mausgecheckt.de\\\/wp-content\\\/uploads\\\/2024\\\/03\\\/IMG_9050.jpeg\",\"contentUrl\":\"https:\\\/\\\/mausgecheckt.de\\\/wp-content\\\/uploads\\\/2024\\\/03\\\/IMG_9050.jpeg\",\"width\":1134,\"height\":850},{\"@type\":\"BreadcrumbList\",\"@id\":\"https:\\\/\\\/mausgecheckt.de\\\/index.php\\\/disney-cruise-line\\\/disney-destiny-kreuzfahrtschiff\\\/#breadcrumb\",\"itemListElement\":[{\"@type\":\"ListItem\",\"position\":1,\"name\":\"mausgecheckt\",\"item\":\"https:\\\/\\\/mausgecheckt.de\\\/\"},{\"@type\":\"ListItem\",\"position\":2,\"name\":\"Disney Cruise Line\",\"item\":\"https:\\\/\\\/mausgecheckt.de\\\/index.php\\\/disney-cruise-line\\\/\"},{\"@type\":\"ListItem\",\"position\":3,\"name\":\"Disney Destiny Kreuzfahrtschiff\"}]},{\"@type\":\"WebSite\",\"@id\":\"https:\\\/\\\/mausgecheckt.de\\\/#website\",\"url\":\"https:\\\/\\\/mausgecheckt.de\\\/\",\"name\":\"mausgecheckt - das Disney Vlog \u00fcber Cruise Line und Parks auf Deutsch\",\"description\":\"shows me where to go: Disney Cruise Line, Walt Disney World, Disney Parks weltweit auf Youtube\",\"publisher\":{\"@id\":\"https:\\\/\\\/mausgecheckt.de\\\/#organization\"},\"alternateName\":\"Disnerds vloggen auf Deutsch \u00fcber weltweite Disney-Reisen\",\"potentialAction\":[{\"@type\":\"SearchAction\",\"target\":{\"@type\":\"EntryPoint\",\"urlTemplate\":\"https:\\\/\\\/mausgecheckt.de\\\/?s={search_term_string}\"},\"query-input\":{\"@type\":\"PropertyValueSpecification\",\"valueRequired\":true,\"valueName\":\"search_term_string\"}}],\"inLanguage\":\"en-US\"},{\"@type\":\"Organization\",\"@id\":\"https:\\\/\\\/mausgecheckt.de\\\/#organization\",\"name\":\"Mausgecheckt\",\"alternateName\":\"Mausgecheckt von Stefanie & Andre Gellert\",\"url\":\"https:\\\/\\\/mausgecheckt.de\\\/\",\"logo\":{\"@type\":\"ImageObject\",\"inLanguage\":\"en-US\",\"@id\":\"https:\\\/\\\/mausgecheckt.de\\\/#\\\/schema\\\/logo\\\/image\\\/\",\"url\":\"https:\\\/\\\/mausgecheckt.de\\\/wp-content\\\/uploads\\\/2025\\\/01\\\/cropped-Logo-Mausgecheckt-v3-quadrat-400.jpg\",\"contentUrl\":\"https:\\\/\\\/mausgecheckt.de\\\/wp-content\\\/uploads\\\/2025\\\/01\\\/cropped-Logo-Mausgecheckt-v3-quadrat-400.jpg\",\"width\":512,\"height\":512,\"caption\":\"Mausgecheckt\"},\"image\":{\"@id\":\"https:\\\/\\\/mausgecheckt.de\\\/#\\\/schema\\\/logo\\\/image\\\/\"},\"sameAs\":[\"https:\\\/\\\/facebook.com\\\/mausgecheckt\",\"https:\\\/\\\/instagram.com\\\/mausgecheckt\",\"https:\\\/\\\/youtube.com\\\/@mausgecheckt\"]}]}<\/script>\n<!-- \/ Yoast SEO plugin. -->","yoast_head_json":{"title":"Disney Destiny Kreuzfahrtschiff - mausgecheckt - das Disney Vlog \u00fcber Cruise Line und Parks auf Deutsch","robots":{"index":"index","follow":"follow","max-snippet":"max-snippet:-1","max-image-preview":"max-image-preview:large","max-video-preview":"max-video-preview:-1"},"canonical":"https:\/\/mausgecheckt.de\/index.php\/disney-cruise-line\/disney-destiny-kreuzfahrtschiff\/","og_locale":"en_US","og_type":"article","og_title":"Disney Destiny Kreuzfahrtschiff - mausgecheckt - das Disney Vlog \u00fcber Cruise Line und Parks auf Deutsch","og_description":"Die Disney Destiny, das dritte Schiff der Triton-Klasse von Disney Cruise Line, sticht 2025 in See und verspricht ein unvergessliches Kreuzfahrterlebnis f\u00fcr die ganze Familie. Als Schwesterschiff der Disney Wish und Disney Treasure vereint sie innovatives Design mit modernem Komfort und dem unvergleichlichen Disney-Zauber. (Foto vom 31.3.2024, Baudock, im Vordergrund, im Hintergrund sieht man die [&hellip;]","og_url":"https:\/\/mausgecheckt.de\/index.php\/disney-cruise-line\/disney-destiny-kreuzfahrtschiff\/","og_site_name":"mausgecheckt - das Disney Vlog \u00fcber Cruise Line und Parks auf Deutsch","article_publisher":"https:\/\/facebook.com\/mausgecheckt","article_modified_time":"2025-08-23T12:09:55+00:00","og_image":[{"width":1134,"height":850,"url":"https:\/\/mausgecheckt.de\/wp-content\/uploads\/2024\/03\/IMG_9050.jpeg","type":"image\/jpeg"}],"twitter_card":"summary_large_image","twitter_misc":{"Est. reading time":"3 minutes"},"schema":{"@context":"https:\/\/schema.org","@graph":[{"@type":"WebPage","@id":"https:\/\/mausgecheckt.de\/index.php\/disney-cruise-line\/disney-destiny-kreuzfahrtschiff\/","url":"https:\/\/mausgecheckt.de\/index.php\/disney-cruise-line\/disney-destiny-kreuzfahrtschiff\/","name":"Disney Destiny Kreuzfahrtschiff - mausgecheckt - das Disney Vlog \u00fcber Cruise Line und Parks auf Deutsch","isPartOf":{"@id":"https:\/\/mausgecheckt.de\/#website"},"primaryImageOfPage":{"@id":"https:\/\/mausgecheckt.de\/index.php\/disney-cruise-line\/disney-destiny-kreuzfahrtschiff\/#primaryimage"},"image":{"@id":"https:\/\/mausgecheckt.de\/index.php\/disney-cruise-line\/disney-destiny-kreuzfahrtschiff\/#primaryimage"},"thumbnailUrl":"https:\/\/mausgecheckt.de\/wp-content\/uploads\/2024\/03\/IMG_9050-1024x768.jpeg","datePublished":"2024-03-31T18:58:49+00:00","dateModified":"2025-08-23T12:09:55+00:00","breadcrumb":{"@id":"https:\/\/mausgecheckt.de\/index.php\/disney-cruise-line\/disney-destiny-kreuzfahrtschiff\/#breadcrumb"},"inLanguage":"en-US","potentialAction":[{"@type":"ReadAction","target":["https:\/\/mausgecheckt.de\/index.php\/disney-cruise-line\/disney-destiny-kreuzfahrtschiff\/"]}]},{"@type":"ImageObject","inLanguage":"en-US","@id":"https:\/\/mausgecheckt.de\/index.php\/disney-cruise-line\/disney-destiny-kreuzfahrtschiff\/#primaryimage","url":"https:\/\/mausgecheckt.de\/wp-content\/uploads\/2024\/03\/IMG_9050.jpeg","contentUrl":"https:\/\/mausgecheckt.de\/wp-content\/uploads\/2024\/03\/IMG_9050.jpeg","width":1134,"height":850},{"@type":"BreadcrumbList","@id":"https:\/\/mausgecheckt.de\/index.php\/disney-cruise-line\/disney-destiny-kreuzfahrtschiff\/#breadcrumb","itemListElement":[{"@type":"ListItem","position":1,"name":"mausgecheckt","item":"https:\/\/mausgecheckt.de\/"},{"@type":"ListItem","position":2,"name":"Disney Cruise Line","item":"https:\/\/mausgecheckt.de\/index.php\/disney-cruise-line\/"},{"@type":"ListItem","position":3,"name":"Disney Destiny Kreuzfahrtschiff"}]},{"@type":"WebSite","@id":"https:\/\/mausgecheckt.de\/#website","url":"https:\/\/mausgecheckt.de\/","name":"mausgecheckt - das Disney Vlog \u00fcber Cruise Line und Parks auf Deutsch","description":"shows me where to go: Disney Cruise Line, Walt Disney World, Disney Parks weltweit auf Youtube","publisher":{"@id":"https:\/\/mausgecheckt.de\/#organization"},"alternateName":"Disnerds vloggen auf Deutsch \u00fcber weltweite Disney-Reisen","potentialAction":[{"@type":"SearchAction","target":{"@type":"EntryPoint","urlTemplate":"https:\/\/mausgecheckt.de\/?s={search_term_string}"},"query-input":{"@type":"PropertyValueSpecification","valueRequired":true,"valueName":"search_term_string"}}],"inLanguage":"en-US"},{"@type":"Organization","@id":"https:\/\/mausgecheckt.de\/#organization","name":"Mausgecheckt","alternateName":"Mausgecheckt von Stefanie & Andre Gellert","url":"https:\/\/mausgecheckt.de\/","logo":{"@type":"ImageObject","inLanguage":"en-US","@id":"https:\/\/mausgecheckt.de\/#\/schema\/logo\/image\/","url":"https:\/\/mausgecheckt.de\/wp-content\/uploads\/2025\/01\/cropped-Logo-Mausgecheckt-v3-quadrat-400.jpg","contentUrl":"https:\/\/mausgecheckt.de\/wp-content\/uploads\/2025\/01\/cropped-Logo-Mausgecheckt-v3-quadrat-400.jpg","width":512,"height":512,"caption":"Mausgecheckt"},"image":{"@id":"https:\/\/mausgecheckt.de\/#\/schema\/logo\/image\/"},"sameAs":["https:\/\/facebook.com\/mausgecheckt","https:\/\/instagram.com\/mausgecheckt","https:\/\/youtube.com\/@mausgecheckt"]}]}},"_links":{"self":[{"href":"https:\/\/mausgecheckt.de\/index.php\/wp-json\/wp\/v2\/pages\/284","targetHints":{"allow":["GET"]}}],"collection":[{"href":"https:\/\/mausgecheckt.de\/index.php\/wp-json\/wp\/v2\/pages"}],"about":[{"href":"https:\/\/mausgecheckt.de\/index.php\/wp-json\/wp\/v2\/types\/page"}],"author":[{"embeddable":true,"href":"https:\/\/mausgecheckt.de\/index.php\/wp-json\/wp\/v2\/users\/1"}],"replies":[{"embeddable":true,"href":"https:\/\/mausgecheckt.de\/index.php\/wp-json\/wp\/v2\/comments?post=284"}],"version-history":[{"count":4,"href":"https:\/\/mausgecheckt.de\/index.php\/wp-json\/wp\/v2\/pages\/284\/revisions"}],"predecessor-version":[{"id":826,"href":"https:\/\/mausgecheckt.de\/index.php\/wp-json\/wp\/v2\/pages\/284\/revisions\/826"}],"up":[{"embeddable":true,"href":"https:\/\/mausgecheckt.de\/index.php\/wp-json\/wp\/v2\/pages\/36"}],"wp:attachment":[{"href":"https:\/\/mausgecheckt.de\/index.php\/wp-json\/wp\/v2\/media?parent=284"}],"curies":[{"name":"wp","href":"https:\/\/api.w.org\/{rel}","templated":true}]}}