{"id":508,"date":"2025-01-18T11:33:58","date_gmt":"2025-01-18T09:33:58","guid":{"rendered":"https:\/\/mausgecheckt.de\/?page_id=508"},"modified":"2025-01-18T11:56:03","modified_gmt":"2025-01-18T09:56:03","slug":"2024-1011-disney-magic-halloween-on-the-high-seas","status":"publish","type":"page","link":"https:\/\/mausgecheckt.de\/index.php\/disney-cruise-line\/2024-1011-disney-magic-halloween-on-the-high-seas\/","title":{"rendered":"2024-10+11 Disney Magic Halloween on the High Seas"},"content":{"rendered":"\n<pre class=\"wp-block-code\"><code>Halloween On The High Seas\nP\u00fcnktlich zu Halloween, am 31.10.2024, geht es auf die Disney Magic.<\/code><\/pre>\n\n\n<div id=\"ayg-f53becc57e3e85d957ac88b035ce35be\" class=\"ayg ayg-theme ayg-theme-single\">\n    <div class=\"ayg-player\">\n        <div class=\"ayg-player-container\" style=\"max-width: 100%;\">\n            <ayg-player src=\"https:\/\/www.youtube.com\/embed\/2tSWcI1ZOhc?enablejsapi=1&#038;playsinline=1&#038;rel=0&#038;modestbranding=1&#038;iv_load_policy=3&#038;hl=de\" ratio=\"56.25\" title=\"Rundgang Disney Magic zur Halloween On The High Seas Kreuzfahrt Complete Tour Cast\" poster=\"https:\/\/i.ytimg.com\/vi\/2tSWcI1ZOhc\/maxresdefault.jpg\"><\/ayg-player>        <\/div>\n        <div class=\"ayg-player-caption\">\n                \n                <h2 class=\"ayg-player-title\">Rundgang Disney Magic zur Halloween On The High Seas Kreuzfahrt Complete Tour Cast<\/h2>  \n                          \n                <ayg-description class=\"ayg-player-description\"><span class=\"ayg-player-description-less\">Episode 116: Disney Magic Rundgang das komplette Schiff zur Halloween On The High Seas &amp; Castaway Cay<br \/>\n<br \/>\nDie Mausgecheckt Tour \u00fcber die Disney Magic zur Halloween Kreuzfahrt, mit bester Aussicht auf <span class=\"ayg-player-description-dots\">...<\/span><\/span><span class=\"ayg-player-description-more\">die Privatinsel Castaway Cay.<br \/>\nWir sind wieder mit Kreuzfahrtschiff zeigt sich am Morgen vor Castaway Cay , am n\u00e4chstem Tag sogar Lighthouse Point at Lookout Cay an. Wir, das ist eigentlich Andre, denn Steffi schl\u00e4ft nat\u00fcrlich noch.<br \/>\n<br \/>\nAber in dieser Folge geht es um das erste der Kreuzfahrtschiffe, die 25 Jahre alte Schwester von der Disney Wonder ist aber in Topform - sogar eine super krasse Rutsche, der AquaDunk, ist dort zu finden, kein anderes Kreuzfahrt Schiff der Disney Cruise Line hat das.<br \/>\n<br \/>\nWas macht man auf einem Disney Kreuzfahrtschiff ? Als Erwachsener ? In diesem Video sehr ihr die Bars und das Fr\u00fchst\u00fcck Buffet im Cabanas.<br \/>\nIn alter Tradition zeigen \"wir\" auch das Atrium , nat\u00fcrlich, auf diesem Schiff mit Mickey als Figur in dem gro\u00dfem Raum, das Deck 5, der Erwachsenenbereisch und mehr von diesem Schiff, Walt's Theater, das Kino, die Restaurants (Enchanted Garden), den Spa \/ Fitness Bereich, die Pools an Deck 9 und 10.<br \/>\n<br \/>\nDas Wetter spielt ebenso wie die neue Kamera- und Audiotechnik mit.<br \/>\n<br \/>\nWenn es gef\u00e4llt, dann nix wie DAUMEN HOCH !<br \/>\n<br \/>\n<a href=\"https:\/\/youtu.be\/2tSWcI1ZOhc\" rel=\"nofollow\">https:\/\/youtu.be\/2tSWcI1ZOhc<\/a><br \/>\n<br \/>\n#mausgecheckt #disney #vlogger #disnerds #disneyvlog #deutsch #deutschland #german <br \/>\n#dcl #rundgang #kreuzfahrt #schiff #meyerwerft #mickey #micky #disneycruiseline #halloween #erwachsene #kreuzfahrten #cabanas #bar #essen #alkohol #drinks #schiffstour #castawaycay #bahamas #lookoutcay #lighthousepoint<br \/>\n<br \/>\n<a href=\"https:\/\/mausgecheckt.de\/\">https:\/\/mausgecheckt.de\/<\/a><br \/>\n<a href=\"https:\/\/instagram.com\/mausgecheckt\" rel=\"nofollow\">https:\/\/instagram.com\/mausgecheckt<\/a><br \/>\n<a href=\"https:\/\/www.facebook.com\/mausgecheckt\" rel=\"nofollow\">https:\/\/www.facebook.com\/mausgecheckt<\/a><br \/>\n<a href=\"https:\/\/www.threads.net\/@mausgecheckt\" rel=\"nofollow\">https:\/\/www.threads.net\/@mausgecheckt<\/a><br \/>\n<br \/>\n2.11.2024 Disney Magic vor Castaway Cay Bahamas<\/span><a href=\"#\" class=\"ayg-player-description-toggle-btn\">Show More<\/a><\/ayg-description>\n                    <\/div>\n    <\/div>\n<\/div>\n\n","protected":false},"excerpt":{"rendered":"","protected":false},"author":1,"featured_media":0,"parent":36,"menu_order":0,"comment_status":"closed","ping_status":"closed","template":"","meta":{"footnotes":""},"class_list":["post-508","page","type-page","status-publish","hentry"],"yoast_head":"<!-- This site is optimized with the Yoast SEO plugin v27.4 - https:\/\/yoast.com\/product\/yoast-seo-wordpress\/ -->\n<title>2024-10+11 Disney Magic Halloween on the High Seas - mausgecheckt - das Disney Vlog \u00fcber Cruise Line und Parks auf Deutsch<\/title>\n<meta name=\"robots\" content=\"index, follow, max-snippet:-1, max-image-preview:large, max-video-preview:-1\" \/>\n<link rel=\"canonical\" href=\"https:\/\/mausgecheckt.de\/index.php\/disney-cruise-line\/2024-1011-disney-magic-halloween-on-the-high-seas\/\" \/>\n<meta property=\"og:locale\" content=\"en_US\" \/>\n<meta property=\"og:type\" content=\"article\" \/>\n<meta property=\"og:title\" content=\"2024-10+11 Disney Magic Halloween on the High Seas - mausgecheckt - das Disney Vlog \u00fcber Cruise Line und Parks auf Deutsch\" \/>\n<meta property=\"og:url\" content=\"https:\/\/mausgecheckt.de\/index.php\/disney-cruise-line\/2024-1011-disney-magic-halloween-on-the-high-seas\/\" \/>\n<meta property=\"og:site_name\" content=\"mausgecheckt - das Disney Vlog \u00fcber Cruise Line und Parks auf Deutsch\" \/>\n<meta property=\"article:publisher\" content=\"https:\/\/facebook.com\/mausgecheckt\" \/>\n<meta property=\"article:modified_time\" content=\"2025-01-18T09:56:03+00:00\" \/>\n<meta property=\"og:image\" content=\"https:\/\/mausgecheckt.de\/wp-content\/uploads\/2025\/01\/Logo-Mausgecheckt-v3-quadrat-400.jpg\" \/>\n\t<meta property=\"og:image:width\" content=\"400\" \/>\n\t<meta property=\"og:image:height\" content=\"400\" \/>\n\t<meta property=\"og:image:type\" content=\"image\/jpeg\" \/>\n<meta name=\"twitter:card\" content=\"summary_large_image\" \/>\n<script type=\"application\/ld+json\" class=\"yoast-schema-graph\">{\"@context\":\"https:\\\/\\\/schema.org\",\"@graph\":[{\"@type\":\"WebPage\",\"@id\":\"https:\\\/\\\/mausgecheckt.de\\\/index.php\\\/disney-cruise-line\\\/2024-1011-disney-magic-halloween-on-the-high-seas\\\/\",\"url\":\"https:\\\/\\\/mausgecheckt.de\\\/index.php\\\/disney-cruise-line\\\/2024-1011-disney-magic-halloween-on-the-high-seas\\\/\",\"name\":\"2024-10+11 Disney Magic Halloween on the High Seas - mausgecheckt - das Disney Vlog \u00fcber Cruise Line und Parks auf Deutsch\",\"isPartOf\":{\"@id\":\"https:\\\/\\\/mausgecheckt.de\\\/#website\"},\"datePublished\":\"2025-01-18T09:33:58+00:00\",\"dateModified\":\"2025-01-18T09:56:03+00:00\",\"breadcrumb\":{\"@id\":\"https:\\\/\\\/mausgecheckt.de\\\/index.php\\\/disney-cruise-line\\\/2024-1011-disney-magic-halloween-on-the-high-seas\\\/#breadcrumb\"},\"inLanguage\":\"en-US\",\"potentialAction\":[{\"@type\":\"ReadAction\",\"target\":[\"https:\\\/\\\/mausgecheckt.de\\\/index.php\\\/disney-cruise-line\\\/2024-1011-disney-magic-halloween-on-the-high-seas\\\/\"]}]},{\"@type\":\"BreadcrumbList\",\"@id\":\"https:\\\/\\\/mausgecheckt.de\\\/index.php\\\/disney-cruise-line\\\/2024-1011-disney-magic-halloween-on-the-high-seas\\\/#breadcrumb\",\"itemListElement\":[{\"@type\":\"ListItem\",\"position\":1,\"name\":\"mausgecheckt\",\"item\":\"https:\\\/\\\/mausgecheckt.de\\\/\"},{\"@type\":\"ListItem\",\"position\":2,\"name\":\"Disney Cruise Line\",\"item\":\"https:\\\/\\\/mausgecheckt.de\\\/index.php\\\/disney-cruise-line\\\/\"},{\"@type\":\"ListItem\",\"position\":3,\"name\":\"2024-10+11 Disney Magic Halloween on the High Seas\"}]},{\"@type\":\"WebSite\",\"@id\":\"https:\\\/\\\/mausgecheckt.de\\\/#website\",\"url\":\"https:\\\/\\\/mausgecheckt.de\\\/\",\"name\":\"mausgecheckt - das Disney Vlog \u00fcber Cruise Line und Parks auf Deutsch\",\"description\":\"shows me where to go: Disney Cruise Line, Walt Disney World, Disney Parks weltweit auf Youtube\",\"publisher\":{\"@id\":\"https:\\\/\\\/mausgecheckt.de\\\/#organization\"},\"alternateName\":\"Disnerds vloggen auf Deutsch \u00fcber weltweite Disney-Reisen\",\"potentialAction\":[{\"@type\":\"SearchAction\",\"target\":{\"@type\":\"EntryPoint\",\"urlTemplate\":\"https:\\\/\\\/mausgecheckt.de\\\/?s={search_term_string}\"},\"query-input\":{\"@type\":\"PropertyValueSpecification\",\"valueRequired\":true,\"valueName\":\"search_term_string\"}}],\"inLanguage\":\"en-US\"},{\"@type\":\"Organization\",\"@id\":\"https:\\\/\\\/mausgecheckt.de\\\/#organization\",\"name\":\"Mausgecheckt\",\"alternateName\":\"Mausgecheckt von Stefanie & Andre Gellert\",\"url\":\"https:\\\/\\\/mausgecheckt.de\\\/\",\"logo\":{\"@type\":\"ImageObject\",\"inLanguage\":\"en-US\",\"@id\":\"https:\\\/\\\/mausgecheckt.de\\\/#\\\/schema\\\/logo\\\/image\\\/\",\"url\":\"https:\\\/\\\/mausgecheckt.de\\\/wp-content\\\/uploads\\\/2025\\\/01\\\/cropped-Logo-Mausgecheckt-v3-quadrat-400.jpg\",\"contentUrl\":\"https:\\\/\\\/mausgecheckt.de\\\/wp-content\\\/uploads\\\/2025\\\/01\\\/cropped-Logo-Mausgecheckt-v3-quadrat-400.jpg\",\"width\":512,\"height\":512,\"caption\":\"Mausgecheckt\"},\"image\":{\"@id\":\"https:\\\/\\\/mausgecheckt.de\\\/#\\\/schema\\\/logo\\\/image\\\/\"},\"sameAs\":[\"https:\\\/\\\/facebook.com\\\/mausgecheckt\",\"https:\\\/\\\/instagram.com\\\/mausgecheckt\",\"https:\\\/\\\/youtube.com\\\/@mausgecheckt\"]}]}<\/script>\n<!-- \/ Yoast SEO plugin. -->","yoast_head_json":{"title":"2024-10+11 Disney Magic Halloween on the High Seas - mausgecheckt - das Disney Vlog \u00fcber Cruise Line und Parks auf Deutsch","robots":{"index":"index","follow":"follow","max-snippet":"max-snippet:-1","max-image-preview":"max-image-preview:large","max-video-preview":"max-video-preview:-1"},"canonical":"https:\/\/mausgecheckt.de\/index.php\/disney-cruise-line\/2024-1011-disney-magic-halloween-on-the-high-seas\/","og_locale":"en_US","og_type":"article","og_title":"2024-10+11 Disney Magic Halloween on the High Seas - mausgecheckt - das Disney Vlog \u00fcber Cruise Line und Parks auf Deutsch","og_url":"https:\/\/mausgecheckt.de\/index.php\/disney-cruise-line\/2024-1011-disney-magic-halloween-on-the-high-seas\/","og_site_name":"mausgecheckt - das Disney Vlog \u00fcber Cruise Line und Parks auf Deutsch","article_publisher":"https:\/\/facebook.com\/mausgecheckt","article_modified_time":"2025-01-18T09:56:03+00:00","og_image":[{"width":400,"height":400,"url":"https:\/\/mausgecheckt.de\/wp-content\/uploads\/2025\/01\/Logo-Mausgecheckt-v3-quadrat-400.jpg","type":"image\/jpeg"}],"twitter_card":"summary_large_image","schema":{"@context":"https:\/\/schema.org","@graph":[{"@type":"WebPage","@id":"https:\/\/mausgecheckt.de\/index.php\/disney-cruise-line\/2024-1011-disney-magic-halloween-on-the-high-seas\/","url":"https:\/\/mausgecheckt.de\/index.php\/disney-cruise-line\/2024-1011-disney-magic-halloween-on-the-high-seas\/","name":"2024-10+11 Disney Magic Halloween on the High Seas - mausgecheckt - das Disney Vlog \u00fcber Cruise Line und Parks auf Deutsch","isPartOf":{"@id":"https:\/\/mausgecheckt.de\/#website"},"datePublished":"2025-01-18T09:33:58+00:00","dateModified":"2025-01-18T09:56:03+00:00","breadcrumb":{"@id":"https:\/\/mausgecheckt.de\/index.php\/disney-cruise-line\/2024-1011-disney-magic-halloween-on-the-high-seas\/#breadcrumb"},"inLanguage":"en-US","potentialAction":[{"@type":"ReadAction","target":["https:\/\/mausgecheckt.de\/index.php\/disney-cruise-line\/2024-1011-disney-magic-halloween-on-the-high-seas\/"]}]},{"@type":"BreadcrumbList","@id":"https:\/\/mausgecheckt.de\/index.php\/disney-cruise-line\/2024-1011-disney-magic-halloween-on-the-high-seas\/#breadcrumb","itemListElement":[{"@type":"ListItem","position":1,"name":"mausgecheckt","item":"https:\/\/mausgecheckt.de\/"},{"@type":"ListItem","position":2,"name":"Disney Cruise Line","item":"https:\/\/mausgecheckt.de\/index.php\/disney-cruise-line\/"},{"@type":"ListItem","position":3,"name":"2024-10+11 Disney Magic Halloween on the High Seas"}]},{"@type":"WebSite","@id":"https:\/\/mausgecheckt.de\/#website","url":"https:\/\/mausgecheckt.de\/","name":"mausgecheckt - das Disney Vlog \u00fcber Cruise Line und Parks auf Deutsch","description":"shows me where to go: Disney Cruise Line, Walt Disney World, Disney Parks weltweit auf Youtube","publisher":{"@id":"https:\/\/mausgecheckt.de\/#organization"},"alternateName":"Disnerds vloggen auf Deutsch \u00fcber weltweite Disney-Reisen","potentialAction":[{"@type":"SearchAction","target":{"@type":"EntryPoint","urlTemplate":"https:\/\/mausgecheckt.de\/?s={search_term_string}"},"query-input":{"@type":"PropertyValueSpecification","valueRequired":true,"valueName":"search_term_string"}}],"inLanguage":"en-US"},{"@type":"Organization","@id":"https:\/\/mausgecheckt.de\/#organization","name":"Mausgecheckt","alternateName":"Mausgecheckt von Stefanie & Andre Gellert","url":"https:\/\/mausgecheckt.de\/","logo":{"@type":"ImageObject","inLanguage":"en-US","@id":"https:\/\/mausgecheckt.de\/#\/schema\/logo\/image\/","url":"https:\/\/mausgecheckt.de\/wp-content\/uploads\/2025\/01\/cropped-Logo-Mausgecheckt-v3-quadrat-400.jpg","contentUrl":"https:\/\/mausgecheckt.de\/wp-content\/uploads\/2025\/01\/cropped-Logo-Mausgecheckt-v3-quadrat-400.jpg","width":512,"height":512,"caption":"Mausgecheckt"},"image":{"@id":"https:\/\/mausgecheckt.de\/#\/schema\/logo\/image\/"},"sameAs":["https:\/\/facebook.com\/mausgecheckt","https:\/\/instagram.com\/mausgecheckt","https:\/\/youtube.com\/@mausgecheckt"]}]}},"_links":{"self":[{"href":"https:\/\/mausgecheckt.de\/index.php\/wp-json\/wp\/v2\/pages\/508","targetHints":{"allow":["GET"]}}],"collection":[{"href":"https:\/\/mausgecheckt.de\/index.php\/wp-json\/wp\/v2\/pages"}],"about":[{"href":"https:\/\/mausgecheckt.de\/index.php\/wp-json\/wp\/v2\/types\/page"}],"author":[{"embeddable":true,"href":"https:\/\/mausgecheckt.de\/index.php\/wp-json\/wp\/v2\/users\/1"}],"replies":[{"embeddable":true,"href":"https:\/\/mausgecheckt.de\/index.php\/wp-json\/wp\/v2\/comments?post=508"}],"version-history":[{"count":5,"href":"https:\/\/mausgecheckt.de\/index.php\/wp-json\/wp\/v2\/pages\/508\/revisions"}],"predecessor-version":[{"id":514,"href":"https:\/\/mausgecheckt.de\/index.php\/wp-json\/wp\/v2\/pages\/508\/revisions\/514"}],"up":[{"embeddable":true,"href":"https:\/\/mausgecheckt.de\/index.php\/wp-json\/wp\/v2\/pages\/36"}],"wp:attachment":[{"href":"https:\/\/mausgecheckt.de\/index.php\/wp-json\/wp\/v2\/media?parent=508"}],"curies":[{"name":"wp","href":"https:\/\/api.w.org\/{rel}","templated":true}]}}