{"id":515,"date":"2025-01-18T11:58:58","date_gmt":"2025-01-18T09:58:58","guid":{"rendered":"https:\/\/mausgecheckt.de\/?page_id=515"},"modified":"2025-01-18T11:58:58","modified_gmt":"2025-01-18T09:58:58","slug":"2024-11-disney-wish-very-merrytime","status":"publish","type":"page","link":"https:\/\/mausgecheckt.de\/index.php\/disney-cruise-line\/2024-11-disney-wish-very-merrytime\/","title":{"rendered":"2024-11 Disney Wish Very Merrytime"},"content":{"rendered":"\n<p>Im November auf die erste Weihnachtskreuzfahrt der Wish diese Saison 2024, <br>f\u00fcr uns das zweite Mal auf dem ersten gro\u00dfem Kreuzfahrtschiff aus Papenburg, der Disney Wish!<\/p>\n\n\n<div id=\"ayg-d0209c16a6ddd6a7de371d77522b8a44\" class=\"ayg ayg-theme ayg-theme-single\">\n    <div class=\"ayg-player\">\n        <div class=\"ayg-player-container\" style=\"max-width: 100%;\">\n            <ayg-player src=\"https:\/\/www.youtube.com\/embed\/jN6bf773kw4?enablejsapi=1&#038;playsinline=1&#038;rel=0&#038;modestbranding=1&#038;iv_load_policy=3&#038;hl=de\" ratio=\"56.25\" title=\"Rundgang Disney Wish zur Very Merry Time Kreuzfahrt Complete Tour Deutsch 4k\" poster=\"https:\/\/i.ytimg.com\/vi\/jN6bf773kw4\/maxresdefault.jpg\"><\/ayg-player>        <\/div>\n        <div class=\"ayg-player-caption\">\n                \n                <h2 class=\"ayg-player-title\">Rundgang Disney Wish zur Very Merry Time Kreuzfahrt Complete Tour Deutsch 4k<\/h2>  \n                          \n                <ayg-description class=\"ayg-player-description\"><span class=\"ayg-player-description-less\">Episode 117: Disney Wish Rundgang das komplette Schiff zur Very Merrytime Weihnachtskreuzfahrt<br \/>\n<br \/>\nDie Mausgecheckt Tour zum zweiten Mal von der Disney Wish und liegen wieder vor Castaway Cay.<br \/>\nDaher gibt es jetzt <span class=\"ayg-player-description-dots\">...<\/span><\/span><span class=\"ayg-player-description-more\">eine Schnell-Vorstellung vom Schiff, aber der eigentlich Grund ist, dass Andre zu seinen Mickey-Mouse-Churros-Waffeln im Marcelines Market m\u00f6chte.<br \/>\nFast 2 Jahre nach der Inaugural Season sind wir nun zur Weihnachtszeit wieder auf der Disney Wish, <br \/>\ndem gr\u00f6\u00dften Schiff der Disney Cruise Line.<br \/>\n<br \/>\nEinige Tage vorher waren wir noch auf der Disney Magic, dem ersten und kleinstem Schiff der Kreuzfahrtflotte vom Disney Konzern. <br \/>\nIn diesem Video seht ihr das Schiff, alle wichtigen Decks und die Unterschiede zu anderen Schiffen. Vielleicht hilft es ja bei der Entscheidung, ob die erste (Magic, Wonder), zweite (Dream, Fantasy) oder dritte Generation (Wish, Destiny, Treasure) eure erste Buchung wird. Wir finden einfach alle traumhaft und magisch.<br \/>\nDie 4. Klasse, Disney Adventure haben wir \u00fcbrigens auch schon gebucht, wir gehen in Singapur f\u00fcr die erste und zweite Fahrt mit dem Mega-Kreuzfahrtschiff an Board - Dezember 2025.<br \/>\n<br \/>\nStatt AquaDuck oder AquaDump gibt es hier die AquaMouse. Der Erwachsenenbereich an Deck 10 + 11 gef\u00e4llt uns nicht so gut wie auf den anderen Schiffen, andere Bereiche sind aber viel sch\u00f6ner, gr\u00f6\u00dfer, moderner oder umfangreicher bez\u00fcglich der Auswahl.<br \/>\n<br \/>\n<br \/>\nWichtig f\u00fcr Fans der Rundg\u00e4nge von Andre: Das Attrium hei\u00dft hier Main Hall , aber Cinderella hat alles gegeben.<br \/>\n<br \/>\nBesonders auf der Wish ist auch das 1923 Restaurant, die Star Wars Bar namens Hyperspace Lounge, nat\u00fcrlich gibt es aber viel mehr Essen (besonders das Worlds of Marvel Restaurant) und Alkohol (Bars!) auf dem Dampfer.<br \/>\n<br \/>\nWas man alles auf einem Disney Schiff als Erwachsener , kinderloses P\u00e4rchen, machen kann, sollte somit klar sein.<br \/>\n<br \/>\nZur Not gibt es auch nach dem vielem, gutem Essen das Senses Fitness (gegen\u00fcber vom Senses Spa) mit Spinning Bikes f\u00fcr Cycling Kursen und die Laufstrecke au\u00dfen \u00fcber Deck 5 und 6.<br \/>\n<br \/>\nWalt-sei-Dank mit neuer Kamera- und Audiotechnik. Aber leider haben wir noch ca 50 Folgen f\u00fcr Mausgecheckt, die mit schlechterem Sound WDW, DL, Hawaii und DCL pr\u00e4sentieren.<br \/>\n<br \/>\nWenn es gef\u00e4llt, dann nix wie DAUMEN HOCH !<br \/>\n<br \/>\n#mausgecheckt #disney #vlogger #disnerds #disneyvlog #deutsch #deutschland #german <br \/>\n#dcl #rundgang #kreuzfahrt #schiff #meyerwerft #mickey #micky #disneycruiseline #halloween #erwachsene #kreuzfahrten #cabanas #bar #essen #alkohol #drinks #schiffstour #castawaycay #bahamas #lookoutcay #spa #fitness #starwars #marvel #joyfulsweets #insideout #wish<br \/>\n<br \/>\n<a href=\"https:\/\/mausgecheckt.de\/\">https:\/\/mausgecheckt.de\/<\/a><br \/>\n<a href=\"https:\/\/instagram.com\/mausgecheckt\" rel=\"nofollow\">https:\/\/instagram.com\/mausgecheckt<\/a><br \/>\n<a href=\"https:\/\/www.facebook.com\/mausgecheckt\" rel=\"nofollow\">https:\/\/www.facebook.com\/mausgecheckt<\/a><br \/>\n<a href=\"https:\/\/www.threads.net\/@mausgecheckt\" rel=\"nofollow\">https:\/\/www.threads.net\/@mausgecheckt<\/a><br \/>\n<br \/>\n10.11.2024 Disney Wish vor Castaway Cay Bahamas<\/span><a href=\"#\" class=\"ayg-player-description-toggle-btn\">Show More<\/a><\/ayg-description>\n                    <\/div>\n    <\/div>\n<\/div>\n\n","protected":false},"excerpt":{"rendered":"<p>Im November auf die erste Weihnachtskreuzfahrt der Wish diese Saison 2024, f\u00fcr uns das zweite Mal auf dem ersten gro\u00dfem Kreuzfahrtschiff aus Papenburg, der Disney Wish!<\/p>\n","protected":false},"author":1,"featured_media":0,"parent":36,"menu_order":0,"comment_status":"closed","ping_status":"closed","template":"","meta":{"footnotes":""},"class_list":["post-515","page","type-page","status-publish","hentry"],"yoast_head":"<!-- This site is optimized with the Yoast SEO plugin v27.4 - https:\/\/yoast.com\/product\/yoast-seo-wordpress\/ -->\n<title>2024-11 Disney Wish Very Merrytime - mausgecheckt - das Disney Vlog \u00fcber Cruise Line und Parks auf Deutsch<\/title>\n<meta name=\"robots\" content=\"index, follow, max-snippet:-1, max-image-preview:large, max-video-preview:-1\" \/>\n<link rel=\"canonical\" href=\"https:\/\/mausgecheckt.de\/index.php\/disney-cruise-line\/2024-11-disney-wish-very-merrytime\/\" \/>\n<meta property=\"og:locale\" content=\"en_US\" \/>\n<meta property=\"og:type\" content=\"article\" \/>\n<meta property=\"og:title\" content=\"2024-11 Disney Wish Very Merrytime - mausgecheckt - das Disney Vlog \u00fcber Cruise Line und Parks auf Deutsch\" \/>\n<meta property=\"og:description\" content=\"Im November auf die erste Weihnachtskreuzfahrt der Wish diese Saison 2024, f\u00fcr uns das zweite Mal auf dem ersten gro\u00dfem Kreuzfahrtschiff aus Papenburg, der Disney Wish!\" \/>\n<meta property=\"og:url\" content=\"https:\/\/mausgecheckt.de\/index.php\/disney-cruise-line\/2024-11-disney-wish-very-merrytime\/\" \/>\n<meta property=\"og:site_name\" content=\"mausgecheckt - das Disney Vlog \u00fcber Cruise Line und Parks auf Deutsch\" \/>\n<meta property=\"article:publisher\" content=\"https:\/\/facebook.com\/mausgecheckt\" \/>\n<meta property=\"og:image\" content=\"https:\/\/mausgecheckt.de\/wp-content\/uploads\/2025\/01\/Logo-Mausgecheckt-v3-quadrat-400.jpg\" \/>\n\t<meta property=\"og:image:width\" content=\"400\" \/>\n\t<meta property=\"og:image:height\" content=\"400\" \/>\n\t<meta property=\"og:image:type\" content=\"image\/jpeg\" \/>\n<meta name=\"twitter:card\" content=\"summary_large_image\" \/>\n<script type=\"application\/ld+json\" class=\"yoast-schema-graph\">{\"@context\":\"https:\\\/\\\/schema.org\",\"@graph\":[{\"@type\":\"WebPage\",\"@id\":\"https:\\\/\\\/mausgecheckt.de\\\/index.php\\\/disney-cruise-line\\\/2024-11-disney-wish-very-merrytime\\\/\",\"url\":\"https:\\\/\\\/mausgecheckt.de\\\/index.php\\\/disney-cruise-line\\\/2024-11-disney-wish-very-merrytime\\\/\",\"name\":\"2024-11 Disney Wish Very Merrytime - mausgecheckt - das Disney Vlog \u00fcber Cruise Line und Parks auf Deutsch\",\"isPartOf\":{\"@id\":\"https:\\\/\\\/mausgecheckt.de\\\/#website\"},\"datePublished\":\"2025-01-18T09:58:58+00:00\",\"breadcrumb\":{\"@id\":\"https:\\\/\\\/mausgecheckt.de\\\/index.php\\\/disney-cruise-line\\\/2024-11-disney-wish-very-merrytime\\\/#breadcrumb\"},\"inLanguage\":\"en-US\",\"potentialAction\":[{\"@type\":\"ReadAction\",\"target\":[\"https:\\\/\\\/mausgecheckt.de\\\/index.php\\\/disney-cruise-line\\\/2024-11-disney-wish-very-merrytime\\\/\"]}]},{\"@type\":\"BreadcrumbList\",\"@id\":\"https:\\\/\\\/mausgecheckt.de\\\/index.php\\\/disney-cruise-line\\\/2024-11-disney-wish-very-merrytime\\\/#breadcrumb\",\"itemListElement\":[{\"@type\":\"ListItem\",\"position\":1,\"name\":\"mausgecheckt\",\"item\":\"https:\\\/\\\/mausgecheckt.de\\\/\"},{\"@type\":\"ListItem\",\"position\":2,\"name\":\"Disney Cruise Line\",\"item\":\"https:\\\/\\\/mausgecheckt.de\\\/index.php\\\/disney-cruise-line\\\/\"},{\"@type\":\"ListItem\",\"position\":3,\"name\":\"2024-11 Disney Wish Very Merrytime\"}]},{\"@type\":\"WebSite\",\"@id\":\"https:\\\/\\\/mausgecheckt.de\\\/#website\",\"url\":\"https:\\\/\\\/mausgecheckt.de\\\/\",\"name\":\"mausgecheckt - das Disney Vlog \u00fcber Cruise Line und Parks auf Deutsch\",\"description\":\"shows me where to go: Disney Cruise Line, Walt Disney World, Disney Parks weltweit auf Youtube\",\"publisher\":{\"@id\":\"https:\\\/\\\/mausgecheckt.de\\\/#organization\"},\"alternateName\":\"Disnerds vloggen auf Deutsch \u00fcber weltweite Disney-Reisen\",\"potentialAction\":[{\"@type\":\"SearchAction\",\"target\":{\"@type\":\"EntryPoint\",\"urlTemplate\":\"https:\\\/\\\/mausgecheckt.de\\\/?s={search_term_string}\"},\"query-input\":{\"@type\":\"PropertyValueSpecification\",\"valueRequired\":true,\"valueName\":\"search_term_string\"}}],\"inLanguage\":\"en-US\"},{\"@type\":\"Organization\",\"@id\":\"https:\\\/\\\/mausgecheckt.de\\\/#organization\",\"name\":\"Mausgecheckt\",\"alternateName\":\"Mausgecheckt von Stefanie & Andre Gellert\",\"url\":\"https:\\\/\\\/mausgecheckt.de\\\/\",\"logo\":{\"@type\":\"ImageObject\",\"inLanguage\":\"en-US\",\"@id\":\"https:\\\/\\\/mausgecheckt.de\\\/#\\\/schema\\\/logo\\\/image\\\/\",\"url\":\"https:\\\/\\\/mausgecheckt.de\\\/wp-content\\\/uploads\\\/2025\\\/01\\\/cropped-Logo-Mausgecheckt-v3-quadrat-400.jpg\",\"contentUrl\":\"https:\\\/\\\/mausgecheckt.de\\\/wp-content\\\/uploads\\\/2025\\\/01\\\/cropped-Logo-Mausgecheckt-v3-quadrat-400.jpg\",\"width\":512,\"height\":512,\"caption\":\"Mausgecheckt\"},\"image\":{\"@id\":\"https:\\\/\\\/mausgecheckt.de\\\/#\\\/schema\\\/logo\\\/image\\\/\"},\"sameAs\":[\"https:\\\/\\\/facebook.com\\\/mausgecheckt\",\"https:\\\/\\\/instagram.com\\\/mausgecheckt\",\"https:\\\/\\\/youtube.com\\\/@mausgecheckt\"]}]}<\/script>\n<!-- \/ Yoast SEO plugin. -->","yoast_head_json":{"title":"2024-11 Disney Wish Very Merrytime - mausgecheckt - das Disney Vlog \u00fcber Cruise Line und Parks auf Deutsch","robots":{"index":"index","follow":"follow","max-snippet":"max-snippet:-1","max-image-preview":"max-image-preview:large","max-video-preview":"max-video-preview:-1"},"canonical":"https:\/\/mausgecheckt.de\/index.php\/disney-cruise-line\/2024-11-disney-wish-very-merrytime\/","og_locale":"en_US","og_type":"article","og_title":"2024-11 Disney Wish Very Merrytime - mausgecheckt - das Disney Vlog \u00fcber Cruise Line und Parks auf Deutsch","og_description":"Im November auf die erste Weihnachtskreuzfahrt der Wish diese Saison 2024, f\u00fcr uns das zweite Mal auf dem ersten gro\u00dfem Kreuzfahrtschiff aus Papenburg, der Disney Wish!","og_url":"https:\/\/mausgecheckt.de\/index.php\/disney-cruise-line\/2024-11-disney-wish-very-merrytime\/","og_site_name":"mausgecheckt - das Disney Vlog \u00fcber Cruise Line und Parks auf Deutsch","article_publisher":"https:\/\/facebook.com\/mausgecheckt","og_image":[{"width":400,"height":400,"url":"https:\/\/mausgecheckt.de\/wp-content\/uploads\/2025\/01\/Logo-Mausgecheckt-v3-quadrat-400.jpg","type":"image\/jpeg"}],"twitter_card":"summary_large_image","schema":{"@context":"https:\/\/schema.org","@graph":[{"@type":"WebPage","@id":"https:\/\/mausgecheckt.de\/index.php\/disney-cruise-line\/2024-11-disney-wish-very-merrytime\/","url":"https:\/\/mausgecheckt.de\/index.php\/disney-cruise-line\/2024-11-disney-wish-very-merrytime\/","name":"2024-11 Disney Wish Very Merrytime - mausgecheckt - das Disney Vlog \u00fcber Cruise Line und Parks auf Deutsch","isPartOf":{"@id":"https:\/\/mausgecheckt.de\/#website"},"datePublished":"2025-01-18T09:58:58+00:00","breadcrumb":{"@id":"https:\/\/mausgecheckt.de\/index.php\/disney-cruise-line\/2024-11-disney-wish-very-merrytime\/#breadcrumb"},"inLanguage":"en-US","potentialAction":[{"@type":"ReadAction","target":["https:\/\/mausgecheckt.de\/index.php\/disney-cruise-line\/2024-11-disney-wish-very-merrytime\/"]}]},{"@type":"BreadcrumbList","@id":"https:\/\/mausgecheckt.de\/index.php\/disney-cruise-line\/2024-11-disney-wish-very-merrytime\/#breadcrumb","itemListElement":[{"@type":"ListItem","position":1,"name":"mausgecheckt","item":"https:\/\/mausgecheckt.de\/"},{"@type":"ListItem","position":2,"name":"Disney Cruise Line","item":"https:\/\/mausgecheckt.de\/index.php\/disney-cruise-line\/"},{"@type":"ListItem","position":3,"name":"2024-11 Disney Wish Very Merrytime"}]},{"@type":"WebSite","@id":"https:\/\/mausgecheckt.de\/#website","url":"https:\/\/mausgecheckt.de\/","name":"mausgecheckt - das Disney Vlog \u00fcber Cruise Line und Parks auf Deutsch","description":"shows me where to go: Disney Cruise Line, Walt Disney World, Disney Parks weltweit auf Youtube","publisher":{"@id":"https:\/\/mausgecheckt.de\/#organization"},"alternateName":"Disnerds vloggen auf Deutsch \u00fcber weltweite Disney-Reisen","potentialAction":[{"@type":"SearchAction","target":{"@type":"EntryPoint","urlTemplate":"https:\/\/mausgecheckt.de\/?s={search_term_string}"},"query-input":{"@type":"PropertyValueSpecification","valueRequired":true,"valueName":"search_term_string"}}],"inLanguage":"en-US"},{"@type":"Organization","@id":"https:\/\/mausgecheckt.de\/#organization","name":"Mausgecheckt","alternateName":"Mausgecheckt von Stefanie & Andre Gellert","url":"https:\/\/mausgecheckt.de\/","logo":{"@type":"ImageObject","inLanguage":"en-US","@id":"https:\/\/mausgecheckt.de\/#\/schema\/logo\/image\/","url":"https:\/\/mausgecheckt.de\/wp-content\/uploads\/2025\/01\/cropped-Logo-Mausgecheckt-v3-quadrat-400.jpg","contentUrl":"https:\/\/mausgecheckt.de\/wp-content\/uploads\/2025\/01\/cropped-Logo-Mausgecheckt-v3-quadrat-400.jpg","width":512,"height":512,"caption":"Mausgecheckt"},"image":{"@id":"https:\/\/mausgecheckt.de\/#\/schema\/logo\/image\/"},"sameAs":["https:\/\/facebook.com\/mausgecheckt","https:\/\/instagram.com\/mausgecheckt","https:\/\/youtube.com\/@mausgecheckt"]}]}},"_links":{"self":[{"href":"https:\/\/mausgecheckt.de\/index.php\/wp-json\/wp\/v2\/pages\/515","targetHints":{"allow":["GET"]}}],"collection":[{"href":"https:\/\/mausgecheckt.de\/index.php\/wp-json\/wp\/v2\/pages"}],"about":[{"href":"https:\/\/mausgecheckt.de\/index.php\/wp-json\/wp\/v2\/types\/page"}],"author":[{"embeddable":true,"href":"https:\/\/mausgecheckt.de\/index.php\/wp-json\/wp\/v2\/users\/1"}],"replies":[{"embeddable":true,"href":"https:\/\/mausgecheckt.de\/index.php\/wp-json\/wp\/v2\/comments?post=515"}],"version-history":[{"count":1,"href":"https:\/\/mausgecheckt.de\/index.php\/wp-json\/wp\/v2\/pages\/515\/revisions"}],"predecessor-version":[{"id":516,"href":"https:\/\/mausgecheckt.de\/index.php\/wp-json\/wp\/v2\/pages\/515\/revisions\/516"}],"up":[{"embeddable":true,"href":"https:\/\/mausgecheckt.de\/index.php\/wp-json\/wp\/v2\/pages\/36"}],"wp:attachment":[{"href":"https:\/\/mausgecheckt.de\/index.php\/wp-json\/wp\/v2\/media?parent=515"}],"curies":[{"name":"wp","href":"https:\/\/api.w.org\/{rel}","templated":true}]}}