{"id":519,"date":"2025-01-18T12:09:09","date_gmt":"2025-01-18T10:09:09","guid":{"rendered":"https:\/\/mausgecheckt.de\/?page_id=519"},"modified":"2025-06-01T20:26:11","modified_gmt":"2025-06-01T18:26:11","slug":"disney-kreuzfahrtschiff-rundgang","status":"publish","type":"page","link":"https:\/\/mausgecheckt.de\/index.php\/disney-cruise-line\/disney-kreuzfahrtschiff-rundgang\/","title":{"rendered":"Disney Kreuzfahrtschiff Rundgang F\u00fchrung \u00fcber die Schiffe"},"content":{"rendered":"\n<p>Rundg\u00e4nge \u00fcber alle Schiffe von der Disney Cruise Line:<br>Wir waren nun auf allen Schiffen und haben auch schon die Disney Treasure und Adventure gebucht.<\/p>\n\n\n\n<p>Hier in chronologischer Reihenfolge die Videos von den Touren: <br>* Wonder <br>* <em>Wish &#8211; erster Besuch ohne eine extra Andre-F\u00fchrung <\/em><br>* Fantasy<br>* Dream<br>* Magic<br>* Wish &#8211; nun mit eigener Walking Tour<br>* Wonder 2025 im S\u00fcdpazifik<\/p>\n\n\n\n<p>&#8230; fr\u00fch morgens \u00fcber das Schiff von Andr\u00e9 alleine &#8211; denn Steffi neigt um 5 Uhr oder 6 Uhr morgens noch zum Schlafen. \ud83d\ude34\ud83d\udca4<\/p>\n\n\n\n<figure class=\"wp-block-embed is-type-video is-provider-youtube wp-block-embed-youtube wp-embed-aspect-16-9 wp-has-aspect-ratio\"><div class=\"wp-block-embed__wrapper\">\n<iframe loading=\"lazy\" title=\"Walking Tour Rundgang Disney Wonder Alaska DCL Disney Cruise Line 2022 05 25   4K\" width=\"500\" height=\"281\" src=\"https:\/\/www.youtube.com\/embed\/aQpz6LajpRM?feature=oembed\" frameborder=\"0\" allow=\"accelerometer; autoplay; clipboard-write; encrypted-media; gyroscope; picture-in-picture; web-share\" referrerpolicy=\"strict-origin-when-cross-origin\" allowfullscreen><\/iframe>\n<\/div><\/figure>\n\n\n\n<figure class=\"wp-block-embed is-type-video is-provider-youtube wp-block-embed-youtube wp-embed-aspect-16-9 wp-has-aspect-ratio\"><div class=\"wp-block-embed__wrapper\">\n<iframe loading=\"lazy\" title=\"Disney Fantasy Rundgang Kreuzfahrtschiff Early Bird Tour Morgens zur Pixar Day At Sea Cruise DCL\" width=\"500\" height=\"281\" src=\"https:\/\/www.youtube.com\/embed\/GEq39SxvH9U?feature=oembed\" frameborder=\"0\" allow=\"accelerometer; autoplay; clipboard-write; encrypted-media; gyroscope; picture-in-picture; web-share\" referrerpolicy=\"strict-origin-when-cross-origin\" allowfullscreen><\/iframe>\n<\/div><\/figure>\n\n\n\n<figure class=\"wp-block-embed is-type-video is-provider-youtube wp-block-embed-youtube wp-embed-aspect-16-9 wp-has-aspect-ratio\"><div class=\"wp-block-embed__wrapper\">\n<iframe loading=\"lazy\" title=\"Rundgang Disney Dream zur Very Merry Time Kreuzfahrt Complete Tour Deutsch 4K deutscher Vlog zu DCL\" width=\"500\" height=\"281\" src=\"https:\/\/www.youtube.com\/embed\/LmmHaUIPaYE?feature=oembed\" frameborder=\"0\" allow=\"accelerometer; autoplay; clipboard-write; encrypted-media; gyroscope; picture-in-picture; web-share\" referrerpolicy=\"strict-origin-when-cross-origin\" allowfullscreen><\/iframe>\n<\/div><\/figure>\n\n\n\n<figure class=\"wp-block-embed is-type-video is-provider-youtube wp-block-embed-youtube wp-embed-aspect-16-9 wp-has-aspect-ratio\"><div class=\"wp-block-embed__wrapper\">\n<iframe loading=\"lazy\" title=\"Rundgang Disney Magic zur Halloween On The High Seas Kreuzfahrt Complete Tour Cast\" width=\"500\" height=\"281\" src=\"https:\/\/www.youtube.com\/embed\/2tSWcI1ZOhc?feature=oembed\" frameborder=\"0\" allow=\"accelerometer; autoplay; clipboard-write; encrypted-media; gyroscope; picture-in-picture; web-share\" referrerpolicy=\"strict-origin-when-cross-origin\" allowfullscreen><\/iframe>\n<\/div><\/figure>\n\n\n\n<figure class=\"wp-block-embed is-type-video is-provider-youtube wp-block-embed-youtube wp-embed-aspect-16-9 wp-has-aspect-ratio\"><div class=\"wp-block-embed__wrapper\">\n<iframe loading=\"lazy\" title=\"Rundgang Disney Wish zur Very Merry Time Kreuzfahrt Complete Tour Deutsch 4k\" width=\"500\" height=\"281\" src=\"https:\/\/www.youtube.com\/embed\/jN6bf773kw4?feature=oembed\" frameborder=\"0\" allow=\"accelerometer; autoplay; clipboard-write; encrypted-media; gyroscope; picture-in-picture; web-share\" referrerpolicy=\"strict-origin-when-cross-origin\" allowfullscreen><\/iframe>\n<\/div><\/figure>\n\n\n\n<figure class=\"wp-block-embed is-type-video is-provider-youtube wp-block-embed-youtube wp-embed-aspect-16-9 wp-has-aspect-ratio\"><div class=\"wp-block-embed__wrapper\">\n<iframe loading=\"lazy\" title=\"Rundgang Disney Wonder 2025 Australien Hawaii Walking Tour Kreuzfahrt CruiseShipTour Reisebericht 4k\" width=\"500\" height=\"281\" src=\"https:\/\/www.youtube.com\/embed\/xMRKwy_0QjY?feature=oembed\" frameborder=\"0\" allow=\"accelerometer; autoplay; clipboard-write; encrypted-media; gyroscope; picture-in-picture; web-share\" referrerpolicy=\"strict-origin-when-cross-origin\" allowfullscreen><\/iframe>\n<\/div><\/figure>\n\n\n\n<figure class=\"wp-block-embed is-type-video is-provider-youtube wp-block-embed-youtube wp-embed-aspect-4-3 wp-has-aspect-ratio\"><div class=\"wp-block-embed__wrapper\">\n<iframe loading=\"lazy\" title=\"Rundgang Disney Treasure 2025 Walking Tour Kreuzfahrt CruiseShipTour Reisebericht in deutsch DCL\" width=\"500\" height=\"375\" src=\"https:\/\/www.youtube.com\/embed\/aAJirT4y70c?feature=oembed\" frameborder=\"0\" allow=\"accelerometer; autoplay; clipboard-write; encrypted-media; gyroscope; picture-in-picture; web-share\" referrerpolicy=\"strict-origin-when-cross-origin\" allowfullscreen><\/iframe>\n<\/div><\/figure>\n","protected":false},"excerpt":{"rendered":"<p>Rundg\u00e4nge \u00fcber alle Schiffe von der Disney Cruise Line:Wir waren nun auf allen Schiffen und haben auch schon die Disney Treasure und Adventure gebucht. Hier in chronologischer Reihenfolge die Videos von den Touren: * Wonder * Wish &#8211; erster Besuch ohne eine extra Andre-F\u00fchrung * Fantasy* Dream* Magic* Wish &#8211; nun mit eigener Walking Tour* [&hellip;]<\/p>\n","protected":false},"author":1,"featured_media":0,"parent":36,"menu_order":0,"comment_status":"closed","ping_status":"closed","template":"","meta":{"footnotes":""},"class_list":["post-519","page","type-page","status-publish","hentry"],"yoast_head":"<!-- This site is optimized with the Yoast SEO plugin v27.5 - https:\/\/yoast.com\/product\/yoast-seo-wordpress\/ -->\n<title>Disney Kreuzfahrtschiff Rundgang F\u00fchrung \u00fcber die Schiffe - mausgecheckt - das Disney Vlog \u00fcber Cruise Line und Parks auf Deutsch<\/title>\n<meta name=\"robots\" content=\"index, follow, max-snippet:-1, max-image-preview:large, max-video-preview:-1\" \/>\n<link rel=\"canonical\" href=\"https:\/\/mausgecheckt.de\/index.php\/disney-cruise-line\/disney-kreuzfahrtschiff-rundgang\/\" \/>\n<meta property=\"og:locale\" content=\"en_US\" \/>\n<meta property=\"og:type\" content=\"article\" \/>\n<meta property=\"og:title\" content=\"Disney Kreuzfahrtschiff Rundgang F\u00fchrung \u00fcber die Schiffe - mausgecheckt - das Disney Vlog \u00fcber Cruise Line und Parks auf Deutsch\" \/>\n<meta property=\"og:description\" content=\"Rundg\u00e4nge \u00fcber alle Schiffe von der Disney Cruise Line:Wir waren nun auf allen Schiffen und haben auch schon die Disney Treasure und Adventure gebucht. Hier in chronologischer Reihenfolge die Videos von den Touren: * Wonder * Wish &#8211; erster Besuch ohne eine extra Andre-F\u00fchrung * Fantasy* Dream* Magic* Wish &#8211; nun mit eigener Walking Tour* [&hellip;]\" \/>\n<meta property=\"og:url\" content=\"https:\/\/mausgecheckt.de\/index.php\/disney-cruise-line\/disney-kreuzfahrtschiff-rundgang\/\" \/>\n<meta property=\"og:site_name\" content=\"mausgecheckt - das Disney Vlog \u00fcber Cruise Line und Parks auf Deutsch\" \/>\n<meta property=\"article:publisher\" content=\"https:\/\/facebook.com\/mausgecheckt\" \/>\n<meta property=\"article:modified_time\" content=\"2025-06-01T18:26:11+00:00\" \/>\n<meta property=\"og:image\" content=\"https:\/\/mausgecheckt.de\/wp-content\/uploads\/2025\/01\/Logo-Mausgecheckt-v3-quadrat-400.jpg\" \/>\n\t<meta property=\"og:image:width\" content=\"400\" \/>\n\t<meta property=\"og:image:height\" content=\"400\" \/>\n\t<meta property=\"og:image:type\" content=\"image\/jpeg\" \/>\n<meta name=\"twitter:card\" content=\"summary_large_image\" \/>\n<meta name=\"twitter:label1\" content=\"Est. reading time\" \/>\n\t<meta name=\"twitter:data1\" content=\"1 minute\" \/>\n<script type=\"application\/ld+json\" class=\"yoast-schema-graph\">{\"@context\":\"https:\\\/\\\/schema.org\",\"@graph\":[{\"@type\":\"WebPage\",\"@id\":\"https:\\\/\\\/mausgecheckt.de\\\/index.php\\\/disney-cruise-line\\\/disney-kreuzfahrtschiff-rundgang\\\/\",\"url\":\"https:\\\/\\\/mausgecheckt.de\\\/index.php\\\/disney-cruise-line\\\/disney-kreuzfahrtschiff-rundgang\\\/\",\"name\":\"Disney Kreuzfahrtschiff Rundgang F\u00fchrung \u00fcber die Schiffe - mausgecheckt - das Disney Vlog \u00fcber Cruise Line und Parks auf Deutsch\",\"isPartOf\":{\"@id\":\"https:\\\/\\\/mausgecheckt.de\\\/#website\"},\"datePublished\":\"2025-01-18T10:09:09+00:00\",\"dateModified\":\"2025-06-01T18:26:11+00:00\",\"breadcrumb\":{\"@id\":\"https:\\\/\\\/mausgecheckt.de\\\/index.php\\\/disney-cruise-line\\\/disney-kreuzfahrtschiff-rundgang\\\/#breadcrumb\"},\"inLanguage\":\"en-US\",\"potentialAction\":[{\"@type\":\"ReadAction\",\"target\":[\"https:\\\/\\\/mausgecheckt.de\\\/index.php\\\/disney-cruise-line\\\/disney-kreuzfahrtschiff-rundgang\\\/\"]}]},{\"@type\":\"BreadcrumbList\",\"@id\":\"https:\\\/\\\/mausgecheckt.de\\\/index.php\\\/disney-cruise-line\\\/disney-kreuzfahrtschiff-rundgang\\\/#breadcrumb\",\"itemListElement\":[{\"@type\":\"ListItem\",\"position\":1,\"name\":\"mausgecheckt\",\"item\":\"https:\\\/\\\/mausgecheckt.de\\\/\"},{\"@type\":\"ListItem\",\"position\":2,\"name\":\"Disney Cruise Line\",\"item\":\"https:\\\/\\\/mausgecheckt.de\\\/index.php\\\/disney-cruise-line\\\/\"},{\"@type\":\"ListItem\",\"position\":3,\"name\":\"Disney Kreuzfahrtschiff Rundgang F\u00fchrung \u00fcber die Schiffe\"}]},{\"@type\":\"WebSite\",\"@id\":\"https:\\\/\\\/mausgecheckt.de\\\/#website\",\"url\":\"https:\\\/\\\/mausgecheckt.de\\\/\",\"name\":\"mausgecheckt - das Disney Vlog \u00fcber Cruise Line und Parks auf Deutsch\",\"description\":\"shows me where to go: Disney Cruise Line, Walt Disney World, Disney Parks weltweit auf Youtube\",\"publisher\":{\"@id\":\"https:\\\/\\\/mausgecheckt.de\\\/#organization\"},\"alternateName\":\"Disnerds vloggen auf Deutsch \u00fcber weltweite Disney-Reisen\",\"potentialAction\":[{\"@type\":\"SearchAction\",\"target\":{\"@type\":\"EntryPoint\",\"urlTemplate\":\"https:\\\/\\\/mausgecheckt.de\\\/?s={search_term_string}\"},\"query-input\":{\"@type\":\"PropertyValueSpecification\",\"valueRequired\":true,\"valueName\":\"search_term_string\"}}],\"inLanguage\":\"en-US\"},{\"@type\":\"Organization\",\"@id\":\"https:\\\/\\\/mausgecheckt.de\\\/#organization\",\"name\":\"Mausgecheckt\",\"alternateName\":\"Mausgecheckt von Stefanie & Andre Gellert\",\"url\":\"https:\\\/\\\/mausgecheckt.de\\\/\",\"logo\":{\"@type\":\"ImageObject\",\"inLanguage\":\"en-US\",\"@id\":\"https:\\\/\\\/mausgecheckt.de\\\/#\\\/schema\\\/logo\\\/image\\\/\",\"url\":\"https:\\\/\\\/mausgecheckt.de\\\/wp-content\\\/uploads\\\/2025\\\/01\\\/cropped-Logo-Mausgecheckt-v3-quadrat-400.jpg\",\"contentUrl\":\"https:\\\/\\\/mausgecheckt.de\\\/wp-content\\\/uploads\\\/2025\\\/01\\\/cropped-Logo-Mausgecheckt-v3-quadrat-400.jpg\",\"width\":512,\"height\":512,\"caption\":\"Mausgecheckt\"},\"image\":{\"@id\":\"https:\\\/\\\/mausgecheckt.de\\\/#\\\/schema\\\/logo\\\/image\\\/\"},\"sameAs\":[\"https:\\\/\\\/facebook.com\\\/mausgecheckt\",\"https:\\\/\\\/instagram.com\\\/mausgecheckt\",\"https:\\\/\\\/youtube.com\\\/@mausgecheckt\"]}]}<\/script>\n<!-- \/ Yoast SEO plugin. -->","yoast_head_json":{"title":"Disney Kreuzfahrtschiff Rundgang F\u00fchrung \u00fcber die Schiffe - mausgecheckt - das Disney Vlog \u00fcber Cruise Line und Parks auf Deutsch","robots":{"index":"index","follow":"follow","max-snippet":"max-snippet:-1","max-image-preview":"max-image-preview:large","max-video-preview":"max-video-preview:-1"},"canonical":"https:\/\/mausgecheckt.de\/index.php\/disney-cruise-line\/disney-kreuzfahrtschiff-rundgang\/","og_locale":"en_US","og_type":"article","og_title":"Disney Kreuzfahrtschiff Rundgang F\u00fchrung \u00fcber die Schiffe - mausgecheckt - das Disney Vlog \u00fcber Cruise Line und Parks auf Deutsch","og_description":"Rundg\u00e4nge \u00fcber alle Schiffe von der Disney Cruise Line:Wir waren nun auf allen Schiffen und haben auch schon die Disney Treasure und Adventure gebucht. Hier in chronologischer Reihenfolge die Videos von den Touren: * Wonder * Wish &#8211; erster Besuch ohne eine extra Andre-F\u00fchrung * Fantasy* Dream* Magic* Wish &#8211; nun mit eigener Walking Tour* [&hellip;]","og_url":"https:\/\/mausgecheckt.de\/index.php\/disney-cruise-line\/disney-kreuzfahrtschiff-rundgang\/","og_site_name":"mausgecheckt - das Disney Vlog \u00fcber Cruise Line und Parks auf Deutsch","article_publisher":"https:\/\/facebook.com\/mausgecheckt","article_modified_time":"2025-06-01T18:26:11+00:00","og_image":[{"width":400,"height":400,"url":"https:\/\/mausgecheckt.de\/wp-content\/uploads\/2025\/01\/Logo-Mausgecheckt-v3-quadrat-400.jpg","type":"image\/jpeg"}],"twitter_card":"summary_large_image","twitter_misc":{"Est. reading time":"1 minute"},"schema":{"@context":"https:\/\/schema.org","@graph":[{"@type":"WebPage","@id":"https:\/\/mausgecheckt.de\/index.php\/disney-cruise-line\/disney-kreuzfahrtschiff-rundgang\/","url":"https:\/\/mausgecheckt.de\/index.php\/disney-cruise-line\/disney-kreuzfahrtschiff-rundgang\/","name":"Disney Kreuzfahrtschiff Rundgang F\u00fchrung \u00fcber die Schiffe - mausgecheckt - das Disney Vlog \u00fcber Cruise Line und Parks auf Deutsch","isPartOf":{"@id":"https:\/\/mausgecheckt.de\/#website"},"datePublished":"2025-01-18T10:09:09+00:00","dateModified":"2025-06-01T18:26:11+00:00","breadcrumb":{"@id":"https:\/\/mausgecheckt.de\/index.php\/disney-cruise-line\/disney-kreuzfahrtschiff-rundgang\/#breadcrumb"},"inLanguage":"en-US","potentialAction":[{"@type":"ReadAction","target":["https:\/\/mausgecheckt.de\/index.php\/disney-cruise-line\/disney-kreuzfahrtschiff-rundgang\/"]}]},{"@type":"BreadcrumbList","@id":"https:\/\/mausgecheckt.de\/index.php\/disney-cruise-line\/disney-kreuzfahrtschiff-rundgang\/#breadcrumb","itemListElement":[{"@type":"ListItem","position":1,"name":"mausgecheckt","item":"https:\/\/mausgecheckt.de\/"},{"@type":"ListItem","position":2,"name":"Disney Cruise Line","item":"https:\/\/mausgecheckt.de\/index.php\/disney-cruise-line\/"},{"@type":"ListItem","position":3,"name":"Disney Kreuzfahrtschiff Rundgang F\u00fchrung \u00fcber die Schiffe"}]},{"@type":"WebSite","@id":"https:\/\/mausgecheckt.de\/#website","url":"https:\/\/mausgecheckt.de\/","name":"mausgecheckt - das Disney Vlog \u00fcber Cruise Line und Parks auf Deutsch","description":"shows me where to go: Disney Cruise Line, Walt Disney World, Disney Parks weltweit auf Youtube","publisher":{"@id":"https:\/\/mausgecheckt.de\/#organization"},"alternateName":"Disnerds vloggen auf Deutsch \u00fcber weltweite Disney-Reisen","potentialAction":[{"@type":"SearchAction","target":{"@type":"EntryPoint","urlTemplate":"https:\/\/mausgecheckt.de\/?s={search_term_string}"},"query-input":{"@type":"PropertyValueSpecification","valueRequired":true,"valueName":"search_term_string"}}],"inLanguage":"en-US"},{"@type":"Organization","@id":"https:\/\/mausgecheckt.de\/#organization","name":"Mausgecheckt","alternateName":"Mausgecheckt von Stefanie & Andre Gellert","url":"https:\/\/mausgecheckt.de\/","logo":{"@type":"ImageObject","inLanguage":"en-US","@id":"https:\/\/mausgecheckt.de\/#\/schema\/logo\/image\/","url":"https:\/\/mausgecheckt.de\/wp-content\/uploads\/2025\/01\/cropped-Logo-Mausgecheckt-v3-quadrat-400.jpg","contentUrl":"https:\/\/mausgecheckt.de\/wp-content\/uploads\/2025\/01\/cropped-Logo-Mausgecheckt-v3-quadrat-400.jpg","width":512,"height":512,"caption":"Mausgecheckt"},"image":{"@id":"https:\/\/mausgecheckt.de\/#\/schema\/logo\/image\/"},"sameAs":["https:\/\/facebook.com\/mausgecheckt","https:\/\/instagram.com\/mausgecheckt","https:\/\/youtube.com\/@mausgecheckt"]}]}},"_links":{"self":[{"href":"https:\/\/mausgecheckt.de\/index.php\/wp-json\/wp\/v2\/pages\/519","targetHints":{"allow":["GET"]}}],"collection":[{"href":"https:\/\/mausgecheckt.de\/index.php\/wp-json\/wp\/v2\/pages"}],"about":[{"href":"https:\/\/mausgecheckt.de\/index.php\/wp-json\/wp\/v2\/types\/page"}],"author":[{"embeddable":true,"href":"https:\/\/mausgecheckt.de\/index.php\/wp-json\/wp\/v2\/users\/1"}],"replies":[{"embeddable":true,"href":"https:\/\/mausgecheckt.de\/index.php\/wp-json\/wp\/v2\/comments?post=519"}],"version-history":[{"count":6,"href":"https:\/\/mausgecheckt.de\/index.php\/wp-json\/wp\/v2\/pages\/519\/revisions"}],"predecessor-version":[{"id":743,"href":"https:\/\/mausgecheckt.de\/index.php\/wp-json\/wp\/v2\/pages\/519\/revisions\/743"}],"up":[{"embeddable":true,"href":"https:\/\/mausgecheckt.de\/index.php\/wp-json\/wp\/v2\/pages\/36"}],"wp:attachment":[{"href":"https:\/\/mausgecheckt.de\/index.php\/wp-json\/wp\/v2\/media?parent=519"}],"curies":[{"name":"wp","href":"https:\/\/api.w.org\/{rel}","templated":true}]}}