{"id":523,"date":"2025-01-18T12:19:34","date_gmt":"2025-01-18T10:19:34","guid":{"rendered":"https:\/\/mausgecheckt.de\/?page_id=523"},"modified":"2025-01-18T12:42:50","modified_gmt":"2025-01-18T10:42:50","slug":"disneyland-kalifornien","status":"publish","type":"page","link":"https:\/\/mausgecheckt.de\/index.php\/disneyland-kalifornien\/","title":{"rendered":"Disneyland Kalifornien"},"content":{"rendered":"\n<p>Das O.G. Disneyland war auch f\u00fcr uns der erste Park.<br>Lang ist es her, aber immer noch unser Lieblingspark, weil die Stimmung so einzigartig ist. Egal ob Disneyland Park oder California Adventure. Das ist n\u00e4mlich tats\u00e4chlich eine Herausforderung, wo hin als erstes ? \ud83d\ude06<br>Au\u00dferdem ist es alle 2 Jahre das Zuhause f\u00fcr die gro\u00dfen D23 Der Disney Fanclub Events und f\u00fcr uns auch offiziell ein zuhause, als Disney Vacation Club Owners eines kleinen Teils vom Disneyland Hotel.<\/p>\n\n\n\n<p>\u00dcbrigens, auch wenn es Disney<strong>LA<\/strong>nd hei\u00dft, ist es in Anaheim, nicht <strong>L<\/strong>os <strong>A<\/strong>ngeles.<br>Aber Disney W<strong>ORL<\/strong>d ist ja auch nicht in <strong>ORL<\/strong>ando, sondern Kissimmee. <br>Aber vielleicht hilft jemandem ja diese Anekdote.<\/p>\n\n\n\n<p><\/p>\n","protected":false},"excerpt":{"rendered":"<p>Das O.G. Disneyland war auch f\u00fcr uns der erste Park.Lang ist es her, aber immer noch unser Lieblingspark, weil die Stimmung so einzigartig ist. Egal ob Disneyland Park oder California Adventure. Das ist n\u00e4mlich tats\u00e4chlich eine Herausforderung, wo hin als erstes ? \ud83d\ude06Au\u00dferdem ist es alle 2 Jahre das Zuhause f\u00fcr die gro\u00dfen D23 Der [&hellip;]<\/p>\n","protected":false},"author":1,"featured_media":0,"parent":0,"menu_order":0,"comment_status":"closed","ping_status":"closed","template":"","meta":{"footnotes":""},"class_list":["post-523","page","type-page","status-publish","hentry"],"yoast_head":"<!-- This site is optimized with the Yoast SEO plugin v27.5 - https:\/\/yoast.com\/product\/yoast-seo-wordpress\/ -->\n<title>Disneyland Kalifornien - mausgecheckt - das Disney Vlog \u00fcber Cruise Line und Parks auf Deutsch<\/title>\n<meta name=\"robots\" content=\"index, follow, max-snippet:-1, max-image-preview:large, max-video-preview:-1\" \/>\n<link rel=\"canonical\" href=\"https:\/\/mausgecheckt.de\/index.php\/disneyland-kalifornien\/\" \/>\n<meta property=\"og:locale\" content=\"en_US\" \/>\n<meta property=\"og:type\" content=\"article\" \/>\n<meta property=\"og:title\" content=\"Disneyland Kalifornien - mausgecheckt - das Disney Vlog \u00fcber Cruise Line und Parks auf Deutsch\" \/>\n<meta property=\"og:description\" content=\"Das O.G. Disneyland war auch f\u00fcr uns der erste Park.Lang ist es her, aber immer noch unser Lieblingspark, weil die Stimmung so einzigartig ist. Egal ob Disneyland Park oder California Adventure. Das ist n\u00e4mlich tats\u00e4chlich eine Herausforderung, wo hin als erstes ? \ud83d\ude06Au\u00dferdem ist es alle 2 Jahre das Zuhause f\u00fcr die gro\u00dfen D23 Der [&hellip;]\" \/>\n<meta property=\"og:url\" content=\"https:\/\/mausgecheckt.de\/index.php\/disneyland-kalifornien\/\" \/>\n<meta property=\"og:site_name\" content=\"mausgecheckt - das Disney Vlog \u00fcber Cruise Line und Parks auf Deutsch\" \/>\n<meta property=\"article:publisher\" content=\"https:\/\/facebook.com\/mausgecheckt\" \/>\n<meta property=\"article:modified_time\" content=\"2025-01-18T10:42:50+00:00\" \/>\n<meta property=\"og:image\" content=\"https:\/\/mausgecheckt.de\/wp-content\/uploads\/2025\/01\/Logo-Mausgecheckt-v3-quadrat-400.jpg\" \/>\n\t<meta property=\"og:image:width\" content=\"400\" \/>\n\t<meta property=\"og:image:height\" content=\"400\" \/>\n\t<meta property=\"og:image:type\" content=\"image\/jpeg\" \/>\n<meta name=\"twitter:card\" content=\"summary_large_image\" \/>\n<meta name=\"twitter:label1\" content=\"Est. reading time\" \/>\n\t<meta name=\"twitter:data1\" content=\"1 minute\" \/>\n<script type=\"application\/ld+json\" class=\"yoast-schema-graph\">{\"@context\":\"https:\\\/\\\/schema.org\",\"@graph\":[{\"@type\":\"WebPage\",\"@id\":\"https:\\\/\\\/mausgecheckt.de\\\/index.php\\\/disneyland-kalifornien\\\/\",\"url\":\"https:\\\/\\\/mausgecheckt.de\\\/index.php\\\/disneyland-kalifornien\\\/\",\"name\":\"Disneyland Kalifornien - mausgecheckt - das Disney Vlog \u00fcber Cruise Line und Parks auf Deutsch\",\"isPartOf\":{\"@id\":\"https:\\\/\\\/mausgecheckt.de\\\/#website\"},\"datePublished\":\"2025-01-18T10:19:34+00:00\",\"dateModified\":\"2025-01-18T10:42:50+00:00\",\"breadcrumb\":{\"@id\":\"https:\\\/\\\/mausgecheckt.de\\\/index.php\\\/disneyland-kalifornien\\\/#breadcrumb\"},\"inLanguage\":\"en-US\",\"potentialAction\":[{\"@type\":\"ReadAction\",\"target\":[\"https:\\\/\\\/mausgecheckt.de\\\/index.php\\\/disneyland-kalifornien\\\/\"]}]},{\"@type\":\"BreadcrumbList\",\"@id\":\"https:\\\/\\\/mausgecheckt.de\\\/index.php\\\/disneyland-kalifornien\\\/#breadcrumb\",\"itemListElement\":[{\"@type\":\"ListItem\",\"position\":1,\"name\":\"mausgecheckt\",\"item\":\"https:\\\/\\\/mausgecheckt.de\\\/\"},{\"@type\":\"ListItem\",\"position\":2,\"name\":\"Disneyland Kalifornien\"}]},{\"@type\":\"WebSite\",\"@id\":\"https:\\\/\\\/mausgecheckt.de\\\/#website\",\"url\":\"https:\\\/\\\/mausgecheckt.de\\\/\",\"name\":\"mausgecheckt - das Disney Vlog \u00fcber Cruise Line und Parks auf Deutsch\",\"description\":\"shows me where to go: Disney Cruise Line, Walt Disney World, Disney Parks weltweit auf Youtube\",\"publisher\":{\"@id\":\"https:\\\/\\\/mausgecheckt.de\\\/#organization\"},\"alternateName\":\"Disnerds vloggen auf Deutsch \u00fcber weltweite Disney-Reisen\",\"potentialAction\":[{\"@type\":\"SearchAction\",\"target\":{\"@type\":\"EntryPoint\",\"urlTemplate\":\"https:\\\/\\\/mausgecheckt.de\\\/?s={search_term_string}\"},\"query-input\":{\"@type\":\"PropertyValueSpecification\",\"valueRequired\":true,\"valueName\":\"search_term_string\"}}],\"inLanguage\":\"en-US\"},{\"@type\":\"Organization\",\"@id\":\"https:\\\/\\\/mausgecheckt.de\\\/#organization\",\"name\":\"Mausgecheckt\",\"alternateName\":\"Mausgecheckt von Stefanie & Andre Gellert\",\"url\":\"https:\\\/\\\/mausgecheckt.de\\\/\",\"logo\":{\"@type\":\"ImageObject\",\"inLanguage\":\"en-US\",\"@id\":\"https:\\\/\\\/mausgecheckt.de\\\/#\\\/schema\\\/logo\\\/image\\\/\",\"url\":\"https:\\\/\\\/mausgecheckt.de\\\/wp-content\\\/uploads\\\/2025\\\/01\\\/cropped-Logo-Mausgecheckt-v3-quadrat-400.jpg\",\"contentUrl\":\"https:\\\/\\\/mausgecheckt.de\\\/wp-content\\\/uploads\\\/2025\\\/01\\\/cropped-Logo-Mausgecheckt-v3-quadrat-400.jpg\",\"width\":512,\"height\":512,\"caption\":\"Mausgecheckt\"},\"image\":{\"@id\":\"https:\\\/\\\/mausgecheckt.de\\\/#\\\/schema\\\/logo\\\/image\\\/\"},\"sameAs\":[\"https:\\\/\\\/facebook.com\\\/mausgecheckt\",\"https:\\\/\\\/instagram.com\\\/mausgecheckt\",\"https:\\\/\\\/youtube.com\\\/@mausgecheckt\"]}]}<\/script>\n<!-- \/ Yoast SEO plugin. -->","yoast_head_json":{"title":"Disneyland Kalifornien - mausgecheckt - das Disney Vlog \u00fcber Cruise Line und Parks auf Deutsch","robots":{"index":"index","follow":"follow","max-snippet":"max-snippet:-1","max-image-preview":"max-image-preview:large","max-video-preview":"max-video-preview:-1"},"canonical":"https:\/\/mausgecheckt.de\/index.php\/disneyland-kalifornien\/","og_locale":"en_US","og_type":"article","og_title":"Disneyland Kalifornien - mausgecheckt - das Disney Vlog \u00fcber Cruise Line und Parks auf Deutsch","og_description":"Das O.G. Disneyland war auch f\u00fcr uns der erste Park.Lang ist es her, aber immer noch unser Lieblingspark, weil die Stimmung so einzigartig ist. Egal ob Disneyland Park oder California Adventure. Das ist n\u00e4mlich tats\u00e4chlich eine Herausforderung, wo hin als erstes ? \ud83d\ude06Au\u00dferdem ist es alle 2 Jahre das Zuhause f\u00fcr die gro\u00dfen D23 Der [&hellip;]","og_url":"https:\/\/mausgecheckt.de\/index.php\/disneyland-kalifornien\/","og_site_name":"mausgecheckt - das Disney Vlog \u00fcber Cruise Line und Parks auf Deutsch","article_publisher":"https:\/\/facebook.com\/mausgecheckt","article_modified_time":"2025-01-18T10:42:50+00:00","og_image":[{"width":400,"height":400,"url":"https:\/\/mausgecheckt.de\/wp-content\/uploads\/2025\/01\/Logo-Mausgecheckt-v3-quadrat-400.jpg","type":"image\/jpeg"}],"twitter_card":"summary_large_image","twitter_misc":{"Est. reading time":"1 minute"},"schema":{"@context":"https:\/\/schema.org","@graph":[{"@type":"WebPage","@id":"https:\/\/mausgecheckt.de\/index.php\/disneyland-kalifornien\/","url":"https:\/\/mausgecheckt.de\/index.php\/disneyland-kalifornien\/","name":"Disneyland Kalifornien - mausgecheckt - das Disney Vlog \u00fcber Cruise Line und Parks auf Deutsch","isPartOf":{"@id":"https:\/\/mausgecheckt.de\/#website"},"datePublished":"2025-01-18T10:19:34+00:00","dateModified":"2025-01-18T10:42:50+00:00","breadcrumb":{"@id":"https:\/\/mausgecheckt.de\/index.php\/disneyland-kalifornien\/#breadcrumb"},"inLanguage":"en-US","potentialAction":[{"@type":"ReadAction","target":["https:\/\/mausgecheckt.de\/index.php\/disneyland-kalifornien\/"]}]},{"@type":"BreadcrumbList","@id":"https:\/\/mausgecheckt.de\/index.php\/disneyland-kalifornien\/#breadcrumb","itemListElement":[{"@type":"ListItem","position":1,"name":"mausgecheckt","item":"https:\/\/mausgecheckt.de\/"},{"@type":"ListItem","position":2,"name":"Disneyland Kalifornien"}]},{"@type":"WebSite","@id":"https:\/\/mausgecheckt.de\/#website","url":"https:\/\/mausgecheckt.de\/","name":"mausgecheckt - das Disney Vlog \u00fcber Cruise Line und Parks auf Deutsch","description":"shows me where to go: Disney Cruise Line, Walt Disney World, Disney Parks weltweit auf Youtube","publisher":{"@id":"https:\/\/mausgecheckt.de\/#organization"},"alternateName":"Disnerds vloggen auf Deutsch \u00fcber weltweite Disney-Reisen","potentialAction":[{"@type":"SearchAction","target":{"@type":"EntryPoint","urlTemplate":"https:\/\/mausgecheckt.de\/?s={search_term_string}"},"query-input":{"@type":"PropertyValueSpecification","valueRequired":true,"valueName":"search_term_string"}}],"inLanguage":"en-US"},{"@type":"Organization","@id":"https:\/\/mausgecheckt.de\/#organization","name":"Mausgecheckt","alternateName":"Mausgecheckt von Stefanie & Andre Gellert","url":"https:\/\/mausgecheckt.de\/","logo":{"@type":"ImageObject","inLanguage":"en-US","@id":"https:\/\/mausgecheckt.de\/#\/schema\/logo\/image\/","url":"https:\/\/mausgecheckt.de\/wp-content\/uploads\/2025\/01\/cropped-Logo-Mausgecheckt-v3-quadrat-400.jpg","contentUrl":"https:\/\/mausgecheckt.de\/wp-content\/uploads\/2025\/01\/cropped-Logo-Mausgecheckt-v3-quadrat-400.jpg","width":512,"height":512,"caption":"Mausgecheckt"},"image":{"@id":"https:\/\/mausgecheckt.de\/#\/schema\/logo\/image\/"},"sameAs":["https:\/\/facebook.com\/mausgecheckt","https:\/\/instagram.com\/mausgecheckt","https:\/\/youtube.com\/@mausgecheckt"]}]}},"_links":{"self":[{"href":"https:\/\/mausgecheckt.de\/index.php\/wp-json\/wp\/v2\/pages\/523","targetHints":{"allow":["GET"]}}],"collection":[{"href":"https:\/\/mausgecheckt.de\/index.php\/wp-json\/wp\/v2\/pages"}],"about":[{"href":"https:\/\/mausgecheckt.de\/index.php\/wp-json\/wp\/v2\/types\/page"}],"author":[{"embeddable":true,"href":"https:\/\/mausgecheckt.de\/index.php\/wp-json\/wp\/v2\/users\/1"}],"replies":[{"embeddable":true,"href":"https:\/\/mausgecheckt.de\/index.php\/wp-json\/wp\/v2\/comments?post=523"}],"version-history":[{"count":2,"href":"https:\/\/mausgecheckt.de\/index.php\/wp-json\/wp\/v2\/pages\/523\/revisions"}],"predecessor-version":[{"id":538,"href":"https:\/\/mausgecheckt.de\/index.php\/wp-json\/wp\/v2\/pages\/523\/revisions\/538"}],"wp:attachment":[{"href":"https:\/\/mausgecheckt.de\/index.php\/wp-json\/wp\/v2\/media?parent=523"}],"curies":[{"name":"wp","href":"https:\/\/api.w.org\/{rel}","templated":true}]}}