{"id":540,"date":"2025-01-18T12:50:10","date_gmt":"2025-01-18T10:50:10","guid":{"rendered":"https:\/\/mausgecheckt.de\/?page_id=540"},"modified":"2025-01-18T12:53:17","modified_gmt":"2025-01-18T10:53:17","slug":"d23-disney-ausstellung-munchen-2023","status":"publish","type":"page","link":"https:\/\/mausgecheckt.de\/index.php\/disney-d23-events\/d23-disney-ausstellung-munchen-2023\/","title":{"rendered":"D23 Disney Ausstellung M\u00fcnchen 2023"},"content":{"rendered":"\n<p>Preopening Veranstaltung f\u00fcr Disney D23 Mitglieder bevor die Presse- oder Prominenz rein darf \ud83d\ude42<br>Ein netter vormittag mit den D23 Organisatoren aus Kalifornien zum Kick Off der Ausstellung zum 100. Jubil\u00e4um vom Disney Konzern.<br><br>Die Europa-Er\u00f6ffnung ist in M\u00fcnchen und es ist sogar die einzige Ausstellung in der EU, denn im Herbst wandert die Sammlung vonr <a href=\"https:\/\/www.youtube.com\/hashtag\/munich\">#Munich<\/a> weiter nach <a href=\"https:\/\/www.youtube.com\/hashtag\/london\">#London<\/a>. Parallel findet die Expo auch noch in den USA in Philadelphia statt. <br>2 Stunden hatten wir die Show f\u00fcr uns alleine und da waren so einige Highlights aus den letzten 100 Jahren, seit 1923 bis heute, dabei. Modelle aus den DisneyParks, Cartoon Klassiker, Musik aus den Filmen und Musicals, Original Kost\u00fcme oder Schauspielerpuppen, Animatronics und deren Technik, Kost\u00fcme , Waffen, Roboter und Masken aus StarWars und Marvel und und und. <\/p>\n\n\n\n<p>Point-of-View von unserem Erlebnis&#8230;<\/p>\n\n\n\n<figure class=\"wp-block-embed is-type-video is-provider-youtube wp-block-embed-youtube wp-embed-aspect-16-9 wp-has-aspect-ratio\"><div class=\"wp-block-embed__wrapper\">\n<iframe loading=\"lazy\" title=\"Europa Premiere Disney 100 Die Ausstellung D23 morgens 17.4.23 in Mu\u0308nchen Fanclub Vorab-Er\u00f6ffnung\" width=\"500\" height=\"281\" src=\"https:\/\/www.youtube.com\/embed\/78yrn2GMBdY?feature=oembed\" frameborder=\"0\" allow=\"accelerometer; autoplay; clipboard-write; encrypted-media; gyroscope; picture-in-picture; web-share\" referrerpolicy=\"strict-origin-when-cross-origin\" allowfullscreen><\/iframe>\n<\/div><\/figure>\n","protected":false},"excerpt":{"rendered":"<p>Preopening Veranstaltung f\u00fcr Disney D23 Mitglieder bevor die Presse- oder Prominenz rein darf \ud83d\ude42Ein netter vormittag mit den D23 Organisatoren aus Kalifornien zum Kick Off der Ausstellung zum 100. Jubil\u00e4um vom Disney Konzern. Die Europa-Er\u00f6ffnung ist in M\u00fcnchen und es ist sogar die einzige Ausstellung in der EU, denn im Herbst wandert die Sammlung vonr [&hellip;]<\/p>\n","protected":false},"author":1,"featured_media":0,"parent":34,"menu_order":0,"comment_status":"closed","ping_status":"closed","template":"","meta":{"footnotes":""},"class_list":["post-540","page","type-page","status-publish","hentry"],"yoast_head":"<!-- This site is optimized with the Yoast SEO plugin v27.5 - https:\/\/yoast.com\/product\/yoast-seo-wordpress\/ -->\n<title>D23 Disney Ausstellung M\u00fcnchen 2023 - mausgecheckt - das Disney Vlog \u00fcber Cruise Line und Parks auf Deutsch<\/title>\n<meta name=\"robots\" content=\"index, follow, max-snippet:-1, max-image-preview:large, max-video-preview:-1\" \/>\n<link rel=\"canonical\" href=\"https:\/\/mausgecheckt.de\/index.php\/disney-d23-events\/d23-disney-ausstellung-munchen-2023\/\" \/>\n<meta property=\"og:locale\" content=\"en_US\" \/>\n<meta property=\"og:type\" content=\"article\" \/>\n<meta property=\"og:title\" content=\"D23 Disney Ausstellung M\u00fcnchen 2023 - mausgecheckt - das Disney Vlog \u00fcber Cruise Line und Parks auf Deutsch\" \/>\n<meta property=\"og:description\" content=\"Preopening Veranstaltung f\u00fcr Disney D23 Mitglieder bevor die Presse- oder Prominenz rein darf \ud83d\ude42Ein netter vormittag mit den D23 Organisatoren aus Kalifornien zum Kick Off der Ausstellung zum 100. Jubil\u00e4um vom Disney Konzern. Die Europa-Er\u00f6ffnung ist in M\u00fcnchen und es ist sogar die einzige Ausstellung in der EU, denn im Herbst wandert die Sammlung vonr [&hellip;]\" \/>\n<meta property=\"og:url\" content=\"https:\/\/mausgecheckt.de\/index.php\/disney-d23-events\/d23-disney-ausstellung-munchen-2023\/\" \/>\n<meta property=\"og:site_name\" content=\"mausgecheckt - das Disney Vlog \u00fcber Cruise Line und Parks auf Deutsch\" \/>\n<meta property=\"article:publisher\" content=\"https:\/\/facebook.com\/mausgecheckt\" \/>\n<meta property=\"article:modified_time\" content=\"2025-01-18T10:53:17+00:00\" \/>\n<meta property=\"og:image\" content=\"https:\/\/mausgecheckt.de\/wp-content\/uploads\/2025\/01\/Logo-Mausgecheckt-v3-quadrat-400.jpg\" \/>\n\t<meta property=\"og:image:width\" content=\"400\" \/>\n\t<meta property=\"og:image:height\" content=\"400\" \/>\n\t<meta property=\"og:image:type\" content=\"image\/jpeg\" \/>\n<meta name=\"twitter:card\" content=\"summary_large_image\" \/>\n<meta name=\"twitter:label1\" content=\"Est. reading time\" \/>\n\t<meta name=\"twitter:data1\" content=\"1 minute\" \/>\n<script type=\"application\/ld+json\" class=\"yoast-schema-graph\">{\"@context\":\"https:\\\/\\\/schema.org\",\"@graph\":[{\"@type\":\"WebPage\",\"@id\":\"https:\\\/\\\/mausgecheckt.de\\\/index.php\\\/disney-d23-events\\\/d23-disney-ausstellung-munchen-2023\\\/\",\"url\":\"https:\\\/\\\/mausgecheckt.de\\\/index.php\\\/disney-d23-events\\\/d23-disney-ausstellung-munchen-2023\\\/\",\"name\":\"D23 Disney Ausstellung M\u00fcnchen 2023 - mausgecheckt - das Disney Vlog \u00fcber Cruise Line und Parks auf Deutsch\",\"isPartOf\":{\"@id\":\"https:\\\/\\\/mausgecheckt.de\\\/#website\"},\"datePublished\":\"2025-01-18T10:50:10+00:00\",\"dateModified\":\"2025-01-18T10:53:17+00:00\",\"breadcrumb\":{\"@id\":\"https:\\\/\\\/mausgecheckt.de\\\/index.php\\\/disney-d23-events\\\/d23-disney-ausstellung-munchen-2023\\\/#breadcrumb\"},\"inLanguage\":\"en-US\",\"potentialAction\":[{\"@type\":\"ReadAction\",\"target\":[\"https:\\\/\\\/mausgecheckt.de\\\/index.php\\\/disney-d23-events\\\/d23-disney-ausstellung-munchen-2023\\\/\"]}]},{\"@type\":\"BreadcrumbList\",\"@id\":\"https:\\\/\\\/mausgecheckt.de\\\/index.php\\\/disney-d23-events\\\/d23-disney-ausstellung-munchen-2023\\\/#breadcrumb\",\"itemListElement\":[{\"@type\":\"ListItem\",\"position\":1,\"name\":\"mausgecheckt\",\"item\":\"https:\\\/\\\/mausgecheckt.de\\\/\"},{\"@type\":\"ListItem\",\"position\":2,\"name\":\"Disney \\\/ D23 Events\",\"item\":\"https:\\\/\\\/mausgecheckt.de\\\/index.php\\\/disney-d23-events\\\/\"},{\"@type\":\"ListItem\",\"position\":3,\"name\":\"D23 Disney Ausstellung M\u00fcnchen 2023\"}]},{\"@type\":\"WebSite\",\"@id\":\"https:\\\/\\\/mausgecheckt.de\\\/#website\",\"url\":\"https:\\\/\\\/mausgecheckt.de\\\/\",\"name\":\"mausgecheckt - das Disney Vlog \u00fcber Cruise Line und Parks auf Deutsch\",\"description\":\"shows me where to go: Disney Cruise Line, Walt Disney World, Disney Parks weltweit auf Youtube\",\"publisher\":{\"@id\":\"https:\\\/\\\/mausgecheckt.de\\\/#organization\"},\"alternateName\":\"Disnerds vloggen auf Deutsch \u00fcber weltweite Disney-Reisen\",\"potentialAction\":[{\"@type\":\"SearchAction\",\"target\":{\"@type\":\"EntryPoint\",\"urlTemplate\":\"https:\\\/\\\/mausgecheckt.de\\\/?s={search_term_string}\"},\"query-input\":{\"@type\":\"PropertyValueSpecification\",\"valueRequired\":true,\"valueName\":\"search_term_string\"}}],\"inLanguage\":\"en-US\"},{\"@type\":\"Organization\",\"@id\":\"https:\\\/\\\/mausgecheckt.de\\\/#organization\",\"name\":\"Mausgecheckt\",\"alternateName\":\"Mausgecheckt von Stefanie & Andre Gellert\",\"url\":\"https:\\\/\\\/mausgecheckt.de\\\/\",\"logo\":{\"@type\":\"ImageObject\",\"inLanguage\":\"en-US\",\"@id\":\"https:\\\/\\\/mausgecheckt.de\\\/#\\\/schema\\\/logo\\\/image\\\/\",\"url\":\"https:\\\/\\\/mausgecheckt.de\\\/wp-content\\\/uploads\\\/2025\\\/01\\\/cropped-Logo-Mausgecheckt-v3-quadrat-400.jpg\",\"contentUrl\":\"https:\\\/\\\/mausgecheckt.de\\\/wp-content\\\/uploads\\\/2025\\\/01\\\/cropped-Logo-Mausgecheckt-v3-quadrat-400.jpg\",\"width\":512,\"height\":512,\"caption\":\"Mausgecheckt\"},\"image\":{\"@id\":\"https:\\\/\\\/mausgecheckt.de\\\/#\\\/schema\\\/logo\\\/image\\\/\"},\"sameAs\":[\"https:\\\/\\\/facebook.com\\\/mausgecheckt\",\"https:\\\/\\\/instagram.com\\\/mausgecheckt\",\"https:\\\/\\\/youtube.com\\\/@mausgecheckt\"]}]}<\/script>\n<!-- \/ Yoast SEO plugin. -->","yoast_head_json":{"title":"D23 Disney Ausstellung M\u00fcnchen 2023 - mausgecheckt - das Disney Vlog \u00fcber Cruise Line und Parks auf Deutsch","robots":{"index":"index","follow":"follow","max-snippet":"max-snippet:-1","max-image-preview":"max-image-preview:large","max-video-preview":"max-video-preview:-1"},"canonical":"https:\/\/mausgecheckt.de\/index.php\/disney-d23-events\/d23-disney-ausstellung-munchen-2023\/","og_locale":"en_US","og_type":"article","og_title":"D23 Disney Ausstellung M\u00fcnchen 2023 - mausgecheckt - das Disney Vlog \u00fcber Cruise Line und Parks auf Deutsch","og_description":"Preopening Veranstaltung f\u00fcr Disney D23 Mitglieder bevor die Presse- oder Prominenz rein darf \ud83d\ude42Ein netter vormittag mit den D23 Organisatoren aus Kalifornien zum Kick Off der Ausstellung zum 100. Jubil\u00e4um vom Disney Konzern. Die Europa-Er\u00f6ffnung ist in M\u00fcnchen und es ist sogar die einzige Ausstellung in der EU, denn im Herbst wandert die Sammlung vonr [&hellip;]","og_url":"https:\/\/mausgecheckt.de\/index.php\/disney-d23-events\/d23-disney-ausstellung-munchen-2023\/","og_site_name":"mausgecheckt - das Disney Vlog \u00fcber Cruise Line und Parks auf Deutsch","article_publisher":"https:\/\/facebook.com\/mausgecheckt","article_modified_time":"2025-01-18T10:53:17+00:00","og_image":[{"width":400,"height":400,"url":"https:\/\/mausgecheckt.de\/wp-content\/uploads\/2025\/01\/Logo-Mausgecheckt-v3-quadrat-400.jpg","type":"image\/jpeg"}],"twitter_card":"summary_large_image","twitter_misc":{"Est. reading time":"1 minute"},"schema":{"@context":"https:\/\/schema.org","@graph":[{"@type":"WebPage","@id":"https:\/\/mausgecheckt.de\/index.php\/disney-d23-events\/d23-disney-ausstellung-munchen-2023\/","url":"https:\/\/mausgecheckt.de\/index.php\/disney-d23-events\/d23-disney-ausstellung-munchen-2023\/","name":"D23 Disney Ausstellung M\u00fcnchen 2023 - mausgecheckt - das Disney Vlog \u00fcber Cruise Line und Parks auf Deutsch","isPartOf":{"@id":"https:\/\/mausgecheckt.de\/#website"},"datePublished":"2025-01-18T10:50:10+00:00","dateModified":"2025-01-18T10:53:17+00:00","breadcrumb":{"@id":"https:\/\/mausgecheckt.de\/index.php\/disney-d23-events\/d23-disney-ausstellung-munchen-2023\/#breadcrumb"},"inLanguage":"en-US","potentialAction":[{"@type":"ReadAction","target":["https:\/\/mausgecheckt.de\/index.php\/disney-d23-events\/d23-disney-ausstellung-munchen-2023\/"]}]},{"@type":"BreadcrumbList","@id":"https:\/\/mausgecheckt.de\/index.php\/disney-d23-events\/d23-disney-ausstellung-munchen-2023\/#breadcrumb","itemListElement":[{"@type":"ListItem","position":1,"name":"mausgecheckt","item":"https:\/\/mausgecheckt.de\/"},{"@type":"ListItem","position":2,"name":"Disney \/ D23 Events","item":"https:\/\/mausgecheckt.de\/index.php\/disney-d23-events\/"},{"@type":"ListItem","position":3,"name":"D23 Disney Ausstellung M\u00fcnchen 2023"}]},{"@type":"WebSite","@id":"https:\/\/mausgecheckt.de\/#website","url":"https:\/\/mausgecheckt.de\/","name":"mausgecheckt - das Disney Vlog \u00fcber Cruise Line und Parks auf Deutsch","description":"shows me where to go: Disney Cruise Line, Walt Disney World, Disney Parks weltweit auf Youtube","publisher":{"@id":"https:\/\/mausgecheckt.de\/#organization"},"alternateName":"Disnerds vloggen auf Deutsch \u00fcber weltweite Disney-Reisen","potentialAction":[{"@type":"SearchAction","target":{"@type":"EntryPoint","urlTemplate":"https:\/\/mausgecheckt.de\/?s={search_term_string}"},"query-input":{"@type":"PropertyValueSpecification","valueRequired":true,"valueName":"search_term_string"}}],"inLanguage":"en-US"},{"@type":"Organization","@id":"https:\/\/mausgecheckt.de\/#organization","name":"Mausgecheckt","alternateName":"Mausgecheckt von Stefanie & Andre Gellert","url":"https:\/\/mausgecheckt.de\/","logo":{"@type":"ImageObject","inLanguage":"en-US","@id":"https:\/\/mausgecheckt.de\/#\/schema\/logo\/image\/","url":"https:\/\/mausgecheckt.de\/wp-content\/uploads\/2025\/01\/cropped-Logo-Mausgecheckt-v3-quadrat-400.jpg","contentUrl":"https:\/\/mausgecheckt.de\/wp-content\/uploads\/2025\/01\/cropped-Logo-Mausgecheckt-v3-quadrat-400.jpg","width":512,"height":512,"caption":"Mausgecheckt"},"image":{"@id":"https:\/\/mausgecheckt.de\/#\/schema\/logo\/image\/"},"sameAs":["https:\/\/facebook.com\/mausgecheckt","https:\/\/instagram.com\/mausgecheckt","https:\/\/youtube.com\/@mausgecheckt"]}]}},"_links":{"self":[{"href":"https:\/\/mausgecheckt.de\/index.php\/wp-json\/wp\/v2\/pages\/540","targetHints":{"allow":["GET"]}}],"collection":[{"href":"https:\/\/mausgecheckt.de\/index.php\/wp-json\/wp\/v2\/pages"}],"about":[{"href":"https:\/\/mausgecheckt.de\/index.php\/wp-json\/wp\/v2\/types\/page"}],"author":[{"embeddable":true,"href":"https:\/\/mausgecheckt.de\/index.php\/wp-json\/wp\/v2\/users\/1"}],"replies":[{"embeddable":true,"href":"https:\/\/mausgecheckt.de\/index.php\/wp-json\/wp\/v2\/comments?post=540"}],"version-history":[{"count":3,"href":"https:\/\/mausgecheckt.de\/index.php\/wp-json\/wp\/v2\/pages\/540\/revisions"}],"predecessor-version":[{"id":544,"href":"https:\/\/mausgecheckt.de\/index.php\/wp-json\/wp\/v2\/pages\/540\/revisions\/544"}],"up":[{"embeddable":true,"href":"https:\/\/mausgecheckt.de\/index.php\/wp-json\/wp\/v2\/pages\/34"}],"wp:attachment":[{"href":"https:\/\/mausgecheckt.de\/index.php\/wp-json\/wp\/v2\/media?parent=540"}],"curies":[{"name":"wp","href":"https:\/\/api.w.org\/{rel}","templated":true}]}}