{"id":550,"date":"2025-01-18T13:08:39","date_gmt":"2025-01-18T11:08:39","guid":{"rendered":"https:\/\/mausgecheckt.de\/?page_id=550"},"modified":"2025-01-18T13:09:03","modified_gmt":"2025-01-18T11:09:03","slug":"disney100-konzert-2023","status":"publish","type":"page","link":"https:\/\/mausgecheckt.de\/index.php\/disney-d23-events\/disney100-konzert-2023\/","title":{"rendered":"Disney100 Konzert 2023"},"content":{"rendered":"\n<p>Das Disney100 Konzert Oberhausen <strong>Disney in Concert<\/strong> am 29.4.2023.<\/p>\n\n\n\n<p>Die Disney Konzert Reihe hat uns 2023 das erste Mal gefangen und das nicht aus Zufall.<br>Der mit Disney gemeinsame Ausrichter Semmel Concerts ist n\u00e4mlich auch der Veranstalter f\u00fcr die Ausstellung in M\u00fcnchen.<br>Und die haben ihre Disney Fanbase mit beiden Events 2023 definitiv ausgebaut.<\/p>\n\n\n\n<p>Als Stars beim Konzert sind dieses Jahr Roberta Valentini, Kristina Love, Gonzalo Campos L\u00f3pez, Charlie Burn und vertretungsweise Alexander Klaws dabei.<\/p>\n\n\n\n<p>Das Ensemble wird international durch Georgina Hagen, Richard-Salvador Wolff, Tobias Joch und Masengu Kanyinda erg\u00e4nzt.<\/p>\n\n\n\n<p>Es gibt f\u00fcr Disney-Klassik Fans genauso etwas wie die modernen Disnerds, die Pixar, Star Wars und\/oder Marvel lieben.<\/p>\n\n\n\n<p>Hier in der Reihenfolge der Erinnerung und nicht in des Konzerts:<br>unter anderem sehen wir Iron Man, Hulk aus Endgame, Avengers und<br>Starwars ,<br>Pirates &#8220;Fluch der Karibik&#8221;<br>in einer beeindruckenden Orchester-Instrumental-Version.<\/p>\n\n\n\n<p>Der Zauberlehrling, Fantasia<br>Probier\u2019s mal mit Gem\u00fctlichkeit<br>Verlassen im Wald<br>Eisk\u00f6nigin 1 + 2<br>How Does A Moment Last Forever, Cinderella,<br>K\u00f6nig der L\u00f6wen, Hakuna Matata<br>Arielle kleine Meerjungfrau<br>Belle, Die Sch\u00f6ne und das Biest<br>Vaiana \/Moana<br>Pocahontas<br>You got a friend in me, Toy Story<br>Das Dschungelbuch<br>Tarzan<br>Der Gl\u00f6ckner von Notre Dame<br>Peter Pan<\/p>\n\n\n\n<p>Diese Action gibt es neben Tanz auf der B\u00fchne auch: Konfetti, Rauchnebel \/ Pyro-Technik und Strobo-Effekte.<\/p>\n\n\n\n<p>Uns wunderte es nicht, dass bereits IN DER HALLE nach Ende des Konzerts die ersten die Karten f\u00fcr 2024 gebucht haben.<br>Die Termine starten am 20.4.23 und sind schon online buchbar. Damit ihr nicht so suboptimale Sitze habt wie wir, ist fr\u00fch buchen wohl ratsam.<\/p>\n\n\n\n<figure class=\"wp-block-embed is-type-video is-provider-youtube wp-block-embed-youtube wp-embed-aspect-16-9 wp-has-aspect-ratio\"><div class=\"wp-block-embed__wrapper\">\n<iframe loading=\"lazy\" title=\"Disney100 Konzert Oberhausen Disney in Concert  am 29.4.2023 Vlog mit Marvel, Star Wars, Orchester\" width=\"500\" height=\"281\" src=\"https:\/\/www.youtube.com\/embed\/aePITk1u4O4?feature=oembed\" frameborder=\"0\" allow=\"accelerometer; autoplay; clipboard-write; encrypted-media; gyroscope; picture-in-picture; web-share\" referrerpolicy=\"strict-origin-when-cross-origin\" allowfullscreen><\/iframe>\n<\/div><\/figure>\n","protected":false},"excerpt":{"rendered":"<p>Das Disney100 Konzert Oberhausen Disney in Concert am 29.4.2023. Die Disney Konzert Reihe hat uns 2023 das erste Mal gefangen und das nicht aus Zufall.Der mit Disney gemeinsame Ausrichter Semmel Concerts ist n\u00e4mlich auch der Veranstalter f\u00fcr die Ausstellung in M\u00fcnchen.Und die haben ihre Disney Fanbase mit beiden Events 2023 definitiv ausgebaut. Als Stars beim [&hellip;]<\/p>\n","protected":false},"author":1,"featured_media":0,"parent":34,"menu_order":0,"comment_status":"closed","ping_status":"closed","template":"","meta":{"footnotes":""},"class_list":["post-550","page","type-page","status-publish","hentry"],"yoast_head":"<!-- This site is optimized with the Yoast SEO plugin v27.4 - https:\/\/yoast.com\/product\/yoast-seo-wordpress\/ -->\n<title>Disney100 Konzert 2023 - mausgecheckt - das Disney Vlog \u00fcber Cruise Line und Parks auf Deutsch<\/title>\n<meta name=\"robots\" content=\"index, follow, max-snippet:-1, max-image-preview:large, max-video-preview:-1\" \/>\n<link rel=\"canonical\" href=\"https:\/\/mausgecheckt.de\/index.php\/disney-d23-events\/disney100-konzert-2023\/\" \/>\n<meta property=\"og:locale\" content=\"en_US\" \/>\n<meta property=\"og:type\" content=\"article\" \/>\n<meta property=\"og:title\" content=\"Disney100 Konzert 2023 - mausgecheckt - das Disney Vlog \u00fcber Cruise Line und Parks auf Deutsch\" \/>\n<meta property=\"og:description\" content=\"Das Disney100 Konzert Oberhausen Disney in Concert am 29.4.2023. Die Disney Konzert Reihe hat uns 2023 das erste Mal gefangen und das nicht aus Zufall.Der mit Disney gemeinsame Ausrichter Semmel Concerts ist n\u00e4mlich auch der Veranstalter f\u00fcr die Ausstellung in M\u00fcnchen.Und die haben ihre Disney Fanbase mit beiden Events 2023 definitiv ausgebaut. Als Stars beim [&hellip;]\" \/>\n<meta property=\"og:url\" content=\"https:\/\/mausgecheckt.de\/index.php\/disney-d23-events\/disney100-konzert-2023\/\" \/>\n<meta property=\"og:site_name\" content=\"mausgecheckt - das Disney Vlog \u00fcber Cruise Line und Parks auf Deutsch\" \/>\n<meta property=\"article:publisher\" content=\"https:\/\/facebook.com\/mausgecheckt\" \/>\n<meta property=\"article:modified_time\" content=\"2025-01-18T11:09:03+00:00\" \/>\n<meta property=\"og:image\" content=\"https:\/\/mausgecheckt.de\/wp-content\/uploads\/2025\/01\/Logo-Mausgecheckt-v3-quadrat-400.jpg\" \/>\n\t<meta property=\"og:image:width\" content=\"400\" \/>\n\t<meta property=\"og:image:height\" content=\"400\" \/>\n\t<meta property=\"og:image:type\" content=\"image\/jpeg\" \/>\n<meta name=\"twitter:card\" content=\"summary_large_image\" \/>\n<meta name=\"twitter:label1\" content=\"Est. reading time\" \/>\n\t<meta name=\"twitter:data1\" content=\"1 minute\" \/>\n<script type=\"application\/ld+json\" class=\"yoast-schema-graph\">{\"@context\":\"https:\\\/\\\/schema.org\",\"@graph\":[{\"@type\":\"WebPage\",\"@id\":\"https:\\\/\\\/mausgecheckt.de\\\/index.php\\\/disney-d23-events\\\/disney100-konzert-2023\\\/\",\"url\":\"https:\\\/\\\/mausgecheckt.de\\\/index.php\\\/disney-d23-events\\\/disney100-konzert-2023\\\/\",\"name\":\"Disney100 Konzert 2023 - mausgecheckt - das Disney Vlog \u00fcber Cruise Line und Parks auf Deutsch\",\"isPartOf\":{\"@id\":\"https:\\\/\\\/mausgecheckt.de\\\/#website\"},\"datePublished\":\"2025-01-18T11:08:39+00:00\",\"dateModified\":\"2025-01-18T11:09:03+00:00\",\"breadcrumb\":{\"@id\":\"https:\\\/\\\/mausgecheckt.de\\\/index.php\\\/disney-d23-events\\\/disney100-konzert-2023\\\/#breadcrumb\"},\"inLanguage\":\"en-US\",\"potentialAction\":[{\"@type\":\"ReadAction\",\"target\":[\"https:\\\/\\\/mausgecheckt.de\\\/index.php\\\/disney-d23-events\\\/disney100-konzert-2023\\\/\"]}]},{\"@type\":\"BreadcrumbList\",\"@id\":\"https:\\\/\\\/mausgecheckt.de\\\/index.php\\\/disney-d23-events\\\/disney100-konzert-2023\\\/#breadcrumb\",\"itemListElement\":[{\"@type\":\"ListItem\",\"position\":1,\"name\":\"mausgecheckt\",\"item\":\"https:\\\/\\\/mausgecheckt.de\\\/\"},{\"@type\":\"ListItem\",\"position\":2,\"name\":\"Disney \\\/ D23 Events\",\"item\":\"https:\\\/\\\/mausgecheckt.de\\\/index.php\\\/disney-d23-events\\\/\"},{\"@type\":\"ListItem\",\"position\":3,\"name\":\"Disney100 Konzert 2023\"}]},{\"@type\":\"WebSite\",\"@id\":\"https:\\\/\\\/mausgecheckt.de\\\/#website\",\"url\":\"https:\\\/\\\/mausgecheckt.de\\\/\",\"name\":\"mausgecheckt - das Disney Vlog \u00fcber Cruise Line und Parks auf Deutsch\",\"description\":\"shows me where to go: Disney Cruise Line, Walt Disney World, Disney Parks weltweit auf Youtube\",\"publisher\":{\"@id\":\"https:\\\/\\\/mausgecheckt.de\\\/#organization\"},\"alternateName\":\"Disnerds vloggen auf Deutsch \u00fcber weltweite Disney-Reisen\",\"potentialAction\":[{\"@type\":\"SearchAction\",\"target\":{\"@type\":\"EntryPoint\",\"urlTemplate\":\"https:\\\/\\\/mausgecheckt.de\\\/?s={search_term_string}\"},\"query-input\":{\"@type\":\"PropertyValueSpecification\",\"valueRequired\":true,\"valueName\":\"search_term_string\"}}],\"inLanguage\":\"en-US\"},{\"@type\":\"Organization\",\"@id\":\"https:\\\/\\\/mausgecheckt.de\\\/#organization\",\"name\":\"Mausgecheckt\",\"alternateName\":\"Mausgecheckt von Stefanie & Andre Gellert\",\"url\":\"https:\\\/\\\/mausgecheckt.de\\\/\",\"logo\":{\"@type\":\"ImageObject\",\"inLanguage\":\"en-US\",\"@id\":\"https:\\\/\\\/mausgecheckt.de\\\/#\\\/schema\\\/logo\\\/image\\\/\",\"url\":\"https:\\\/\\\/mausgecheckt.de\\\/wp-content\\\/uploads\\\/2025\\\/01\\\/cropped-Logo-Mausgecheckt-v3-quadrat-400.jpg\",\"contentUrl\":\"https:\\\/\\\/mausgecheckt.de\\\/wp-content\\\/uploads\\\/2025\\\/01\\\/cropped-Logo-Mausgecheckt-v3-quadrat-400.jpg\",\"width\":512,\"height\":512,\"caption\":\"Mausgecheckt\"},\"image\":{\"@id\":\"https:\\\/\\\/mausgecheckt.de\\\/#\\\/schema\\\/logo\\\/image\\\/\"},\"sameAs\":[\"https:\\\/\\\/facebook.com\\\/mausgecheckt\",\"https:\\\/\\\/instagram.com\\\/mausgecheckt\",\"https:\\\/\\\/youtube.com\\\/@mausgecheckt\"]}]}<\/script>\n<!-- \/ Yoast SEO plugin. -->","yoast_head_json":{"title":"Disney100 Konzert 2023 - mausgecheckt - das Disney Vlog \u00fcber Cruise Line und Parks auf Deutsch","robots":{"index":"index","follow":"follow","max-snippet":"max-snippet:-1","max-image-preview":"max-image-preview:large","max-video-preview":"max-video-preview:-1"},"canonical":"https:\/\/mausgecheckt.de\/index.php\/disney-d23-events\/disney100-konzert-2023\/","og_locale":"en_US","og_type":"article","og_title":"Disney100 Konzert 2023 - mausgecheckt - das Disney Vlog \u00fcber Cruise Line und Parks auf Deutsch","og_description":"Das Disney100 Konzert Oberhausen Disney in Concert am 29.4.2023. Die Disney Konzert Reihe hat uns 2023 das erste Mal gefangen und das nicht aus Zufall.Der mit Disney gemeinsame Ausrichter Semmel Concerts ist n\u00e4mlich auch der Veranstalter f\u00fcr die Ausstellung in M\u00fcnchen.Und die haben ihre Disney Fanbase mit beiden Events 2023 definitiv ausgebaut. Als Stars beim [&hellip;]","og_url":"https:\/\/mausgecheckt.de\/index.php\/disney-d23-events\/disney100-konzert-2023\/","og_site_name":"mausgecheckt - das Disney Vlog \u00fcber Cruise Line und Parks auf Deutsch","article_publisher":"https:\/\/facebook.com\/mausgecheckt","article_modified_time":"2025-01-18T11:09:03+00:00","og_image":[{"width":400,"height":400,"url":"https:\/\/mausgecheckt.de\/wp-content\/uploads\/2025\/01\/Logo-Mausgecheckt-v3-quadrat-400.jpg","type":"image\/jpeg"}],"twitter_card":"summary_large_image","twitter_misc":{"Est. reading time":"1 minute"},"schema":{"@context":"https:\/\/schema.org","@graph":[{"@type":"WebPage","@id":"https:\/\/mausgecheckt.de\/index.php\/disney-d23-events\/disney100-konzert-2023\/","url":"https:\/\/mausgecheckt.de\/index.php\/disney-d23-events\/disney100-konzert-2023\/","name":"Disney100 Konzert 2023 - mausgecheckt - das Disney Vlog \u00fcber Cruise Line und Parks auf Deutsch","isPartOf":{"@id":"https:\/\/mausgecheckt.de\/#website"},"datePublished":"2025-01-18T11:08:39+00:00","dateModified":"2025-01-18T11:09:03+00:00","breadcrumb":{"@id":"https:\/\/mausgecheckt.de\/index.php\/disney-d23-events\/disney100-konzert-2023\/#breadcrumb"},"inLanguage":"en-US","potentialAction":[{"@type":"ReadAction","target":["https:\/\/mausgecheckt.de\/index.php\/disney-d23-events\/disney100-konzert-2023\/"]}]},{"@type":"BreadcrumbList","@id":"https:\/\/mausgecheckt.de\/index.php\/disney-d23-events\/disney100-konzert-2023\/#breadcrumb","itemListElement":[{"@type":"ListItem","position":1,"name":"mausgecheckt","item":"https:\/\/mausgecheckt.de\/"},{"@type":"ListItem","position":2,"name":"Disney \/ D23 Events","item":"https:\/\/mausgecheckt.de\/index.php\/disney-d23-events\/"},{"@type":"ListItem","position":3,"name":"Disney100 Konzert 2023"}]},{"@type":"WebSite","@id":"https:\/\/mausgecheckt.de\/#website","url":"https:\/\/mausgecheckt.de\/","name":"mausgecheckt - das Disney Vlog \u00fcber Cruise Line und Parks auf Deutsch","description":"shows me where to go: Disney Cruise Line, Walt Disney World, Disney Parks weltweit auf Youtube","publisher":{"@id":"https:\/\/mausgecheckt.de\/#organization"},"alternateName":"Disnerds vloggen auf Deutsch \u00fcber weltweite Disney-Reisen","potentialAction":[{"@type":"SearchAction","target":{"@type":"EntryPoint","urlTemplate":"https:\/\/mausgecheckt.de\/?s={search_term_string}"},"query-input":{"@type":"PropertyValueSpecification","valueRequired":true,"valueName":"search_term_string"}}],"inLanguage":"en-US"},{"@type":"Organization","@id":"https:\/\/mausgecheckt.de\/#organization","name":"Mausgecheckt","alternateName":"Mausgecheckt von Stefanie & Andre Gellert","url":"https:\/\/mausgecheckt.de\/","logo":{"@type":"ImageObject","inLanguage":"en-US","@id":"https:\/\/mausgecheckt.de\/#\/schema\/logo\/image\/","url":"https:\/\/mausgecheckt.de\/wp-content\/uploads\/2025\/01\/cropped-Logo-Mausgecheckt-v3-quadrat-400.jpg","contentUrl":"https:\/\/mausgecheckt.de\/wp-content\/uploads\/2025\/01\/cropped-Logo-Mausgecheckt-v3-quadrat-400.jpg","width":512,"height":512,"caption":"Mausgecheckt"},"image":{"@id":"https:\/\/mausgecheckt.de\/#\/schema\/logo\/image\/"},"sameAs":["https:\/\/facebook.com\/mausgecheckt","https:\/\/instagram.com\/mausgecheckt","https:\/\/youtube.com\/@mausgecheckt"]}]}},"_links":{"self":[{"href":"https:\/\/mausgecheckt.de\/index.php\/wp-json\/wp\/v2\/pages\/550","targetHints":{"allow":["GET"]}}],"collection":[{"href":"https:\/\/mausgecheckt.de\/index.php\/wp-json\/wp\/v2\/pages"}],"about":[{"href":"https:\/\/mausgecheckt.de\/index.php\/wp-json\/wp\/v2\/types\/page"}],"author":[{"embeddable":true,"href":"https:\/\/mausgecheckt.de\/index.php\/wp-json\/wp\/v2\/users\/1"}],"replies":[{"embeddable":true,"href":"https:\/\/mausgecheckt.de\/index.php\/wp-json\/wp\/v2\/comments?post=550"}],"version-history":[{"count":1,"href":"https:\/\/mausgecheckt.de\/index.php\/wp-json\/wp\/v2\/pages\/550\/revisions"}],"predecessor-version":[{"id":551,"href":"https:\/\/mausgecheckt.de\/index.php\/wp-json\/wp\/v2\/pages\/550\/revisions\/551"}],"up":[{"embeddable":true,"href":"https:\/\/mausgecheckt.de\/index.php\/wp-json\/wp\/v2\/pages\/34"}],"wp:attachment":[{"href":"https:\/\/mausgecheckt.de\/index.php\/wp-json\/wp\/v2\/media?parent=550"}],"curies":[{"name":"wp","href":"https:\/\/api.w.org\/{rel}","templated":true}]}}